{"id":9521,"date":"2022-11-04T15:22:15","date_gmt":"2022-11-04T18:22:15","guid":{"rendered":"https:\/\/lottustech.com\/bella\/produto\/biquini-push-up-cintura-alta-plus-size-2\/"},"modified":"2023-01-11T17:58:00","modified_gmt":"2023-01-11T20:58:00","slug":"biquini-push-up-cintura-alta-plus-size-2","status":"publish","type":"product","link":"https:\/\/lottustech.com\/bella\/produto\/biquini-push-up-cintura-alta-plus-size-2\/","title":{"rendered":"Biquini Push Up Cintura Alta Plus Size"},"content":{"rendered":"<h3>Biquini Push Up Cintura Alta Plus Size<\/h3>\n<p>Lindo Biquini Push Up Cintuta Alta com Bojo e forro, valoriza seu corpo!<\/p>\n<p>Dispon\u00edvel em 4 cores diferentes e em 5 tamanhos.<\/p>\n<p>Tecido: Poliester<\/p>\n<p>&nbsp;<\/p>\n<p>Tabela de tamanhos:<\/p>\n<p>1- Por favor, escolha o tamanho de acordo com seu busto, cintura e quadril, escolha um tamanho maior se estiver em d\u00favida.<\/p>\n<p>2-\u00a0Esta tabela de tamanhos \u00e9 especificamente para este item.<\/p>\n<p>3-\u00a0Devido a diferen\u00e7a de tipos de monitores e ilumina\u00e7\u00e3o, a cor poder\u00e1 ser um pouco diferente da imagem.<\/p>\n<table style=\"width: 500px;\" border=\"1\" cellspacing=\"1\" cellpadding=\"1\">\n<tbody>\n<tr>\n<td>Tamanho<\/td>\n<td>Busto (cm)<\/td>\n<td>Abaixo Busto (cm)<\/td>\n<td>Cintura (cm)<\/td>\n<td>Quadril (cm)<\/td>\n<\/tr>\n<tr>\n<td>G<\/td>\n<td>101-107<\/td>\n<td>76-90<\/td>\n<td>86-95<\/td>\n<td>111-117<\/td>\n<\/tr>\n<tr>\n<td>XG<\/td>\n<td>107-113<\/td>\n<td>90-100<\/td>\n<td>90-108<\/td>\n<td>117-123<\/td>\n<\/tr>\n<tr>\n<td>XXG<\/td>\n<td>113-119<\/td>\n<td>92-106<\/td>\n<td>108-120<\/td>\n<td>123-129<\/td>\n<\/tr>\n<tr>\n<td>XXXG<\/td>\n<td>119-125<\/td>\n<td>106-112<\/td>\n<td>120-130<\/td>\n<td>129-135<\/td>\n<\/tr>\n<tr>\n<td>4XG<\/td>\n<td>125-131<\/td>\n<td>112-130<\/td>\n<td>130-146<\/td>\n<td>135-141<\/td>\n<\/tr>\n<\/tbody>\n<\/table>\n<p>&nbsp;<\/p>\n<p><img decoding=\"async\" style=\"height: 895.3333333333333; width: 790px;\" src=\"https:\/\/ae01.alicdn.com\/kf\/S2006b070d5304a669f73b7670e87fde6F.jpg?width=1500&amp;height=1700&amp;hash=3200\" \/><\/p>\n<p><img decoding=\"async\" style=\"height: 895.3333333333333; width: 790px;\" src=\"https:\/\/ae01.alicdn.com\/kf\/S3451ad6d8a32444aa535124af05f6c14x.jpg?width=1500&amp;height=1700&amp;hash=3200\" \/><\/p>\n<p><img decoding=\"async\" style=\"height: 895.3333333333333; width: 790px;\" src=\"https:\/\/ae01.alicdn.com\/kf\/S31b3c570cabb4b73b208e5b198ed22d4Y.jpg?width=1500&amp;height=1700&amp;hash=3200\" \/><\/p>\n<p><img decoding=\"async\" style=\"height: 895.3333333333333; width: 790px;\" src=\"https:\/\/ae01.alicdn.com\/kf\/Sd396aa7ca7254309b6c7fa01ae4c2a6et.jpg?width=1500&amp;height=1700&amp;hash=3200\" \/><\/p>\n<p><img decoding=\"async\" style=\"height: 895.3333333333333; width: 790px;\" src=\"https:\/\/ae01.alicdn.com\/kf\/S1ca187cec1b041f5a03755980e20f864B.jpg?width=1500&amp;height=1700&amp;hash=3200\" \/><\/p>\n<p><img decoding=\"async\" style=\"height: 895.3333333333333; width: 790px;\" src=\"https:\/\/ae01.alicdn.com\/kf\/Sa7d647854cd24cde8d8dc1bdfad73766P.jpg?width=1500&amp;height=1700&amp;hash=3200\" \/><\/p>\n<p><img decoding=\"async\" style=\"height: 895.3333333333333; width: 790px;\" src=\"https:\/\/ae01.alicdn.com\/kf\/Safb776e4381a48fdbe4edfd936ba6dffI.jpg?width=1500&amp;height=1700&amp;hash=3200\" \/><\/p>\n<p><img decoding=\"async\" style=\"height: 895.3333333333333; width: 790px;\" src=\"https:\/\/ae01.alicdn.com\/kf\/Se0d6903fd68145f78e3e32fc986ed2400.jpg?width=1500&amp;height=1700&amp;hash=3200\" \/><\/p>\n<p><img decoding=\"async\" style=\"height: 895.3333333333333; width: 790px;\" src=\"https:\/\/ae01.alicdn.com\/kf\/Sf0880d73413441698228b2304d24d0862.jpg?width=1500&amp;height=1700&amp;hash=3200\" \/><\/p>\n<p><img decoding=\"async\" style=\"height: 895.3333333333333; width: 790px;\" src=\"https:\/\/ae01.alicdn.com\/kf\/S60ed65f60ded45d4a944474d134b8a01A.jpg?width=1500&amp;height=1700&amp;hash=3200\" \/><\/p>\n<p><img decoding=\"async\" style=\"height: 895.3333333333333; width: 790px;\" src=\"https:\/\/ae01.alicdn.com\/kf\/Sd4ebe012042941f9a70f6b604b5e886dn.jpg?width=1500&amp;height=1700&amp;hash=3200\" \/><\/p>\n<p><img decoding=\"async\" style=\"height: 895.3333333333333; width: 790px;\" src=\"https:\/\/ae01.alicdn.com\/kf\/S2459e3fcdc83443bb2a884f2c17d09d5v.jpg?width=1500&amp;height=1700&amp;hash=3200\" \/><\/p>\n<p><img decoding=\"async\" style=\"height: 895.3333333333333; width: 790px;\" src=\"https:\/\/ae01.alicdn.com\/kf\/Sfbe55683046d43f1a9c2842c118d16cdn.jpg?width=1500&amp;height=1700&amp;hash=3200\" \/><\/p>\n<p><img decoding=\"async\" style=\"height: 895.3333333333333; width: 790px;\" src=\"https:\/\/ae01.alicdn.com\/kf\/S78e67530bcf8454abfb0123a345fa119w.jpg?width=1500&amp;height=1700&amp;hash=3200\" \/><\/p>\n<p><img decoding=\"async\" style=\"height: 895.3333333333333; width: 790px;\" src=\"https:\/\/ae01.alicdn.com\/kf\/S1f116fd0516d4f3eac3bb30c920b9798k.jpg?width=1500&amp;height=1700&amp;hash=3200\" \/><\/p>\n<p><img decoding=\"async\" style=\"height: 895.3333333333333; width: 790px;\" src=\"https:\/\/ae01.alicdn.com\/kf\/S88b580f6cacd45ccad36365271fb1ac92.jpg?width=1500&amp;height=1700&amp;hash=3200\" \/><\/p>\n<p><img decoding=\"async\" style=\"height: 895.3333333333333; width: 790px;\" src=\"https:\/\/ae01.alicdn.com\/kf\/S99473d5906ec494fbec4524fa61f71c06.jpg?width=1500&amp;height=1700&amp;hash=3200\" \/><\/p>\n<p><img decoding=\"async\" style=\"height: 895.3333333333333; width: 790px;\" src=\"https:\/\/ae01.alicdn.com\/kf\/S2394b4b8a3f24195998bbd849f1f9684X.jpg?width=1500&amp;height=1700&amp;hash=3200\" \/><\/p>\n<p><img decoding=\"async\" style=\"height: 895.3333333333333; width: 790px;\" src=\"https:\/\/ae01.alicdn.com\/kf\/S182ed5136ace4425bf1f1613a9dee604h.jpg?width=1500&amp;height=1700&amp;hash=3200\" \/><\/p>\n<p><img decoding=\"async\" style=\"height: 895.3333333333333; width: 790px;\" src=\"https:\/\/ae01.alicdn.com\/kf\/Sb33ff22a071b46f08471cfe88c83c55eu.jpg?width=1500&amp;height=1700&amp;hash=3200\" \/><\/p>\n<p>&nbsp;<\/p>\n","protected":false},"excerpt":{"rendered":"<p>Biquini Push Up Cintura Alta Plus Size Lindo Biquini Push Up Cintuta Alta com Bojo e forro, valoriza seu corpo! Dispon\u00edvel em 4 cores diferentes e em 5 tamanhos. Tecido: Poliester &nbsp; Tabela de tamanhos: 1- Por favor, escolha o tamanho de acordo com seu busto, cintura e quadril, escolha um tamanho maior se estiver [&hellip;]<\/p>\n","protected":false},"featured_media":10309,"comment_status":"open","ping_status":"closed","template":"","meta":[],"product_brand":[],"product_cat":[178,231],"product_tag":[],"class_list":{"0":"post-9521","1":"product","2":"type-product","3":"status-publish","4":"has-post-thumbnail","6":"product_cat-beachwear","7":"product_cat-promocoes","9":"first","10":"instock","11":"sale","12":"shipping-taxable","13":"purchasable","14":"product-type-variable"},"_links":{"self":[{"href":"https:\/\/lottustech.com\/bella\/wp-json\/wp\/v2\/product\/9521","targetHints":{"allow":["GET"]}}],"collection":[{"href":"https:\/\/lottustech.com\/bella\/wp-json\/wp\/v2\/product"}],"about":[{"href":"https:\/\/lottustech.com\/bella\/wp-json\/wp\/v2\/types\/product"}],"replies":[{"embeddable":true,"href":"https:\/\/lottustech.com\/bella\/wp-json\/wp\/v2\/comments?post=9521"}],"wp:featuredmedia":[{"embeddable":true,"href":"https:\/\/lottustech.com\/bella\/wp-json\/wp\/v2\/media\/10309"}],"wp:attachment":[{"href":"https:\/\/lottustech.com\/bella\/wp-json\/wp\/v2\/media?parent=9521"}],"wp:term":[{"taxonomy":"product_brand","embeddable":true,"href":"https:\/\/lottustech.com\/bella\/wp-json\/wp\/v2\/product_brand?post=9521"},{"taxonomy":"product_cat","embeddable":true,"href":"https:\/\/lottustech.com\/bella\/wp-json\/wp\/v2\/product_cat?post=9521"},{"taxonomy":"product_tag","embeddable":true,"href":"https:\/\/lottustech.com\/bella\/wp-json\/wp\/v2\/product_tag?post=9521"}],"curies":[{"name":"wp","href":"https:\/\/api.w.org\/{rel}","templated":true}]}}