{"id":9475,"date":"2022-10-29T16:23:12","date_gmt":"2022-10-29T19:23:12","guid":{"rendered":"https:\/\/lottustech.com\/bella\/produto\/top-furinhos-bojo-removivel\/"},"modified":"2023-01-09T10:25:43","modified_gmt":"2023-01-09T13:25:43","slug":"top-furinhos-bojo-removivel","status":"publish","type":"product","link":"https:\/\/lottustech.com\/bella\/produto\/top-furinhos-bojo-removivel\/","title":{"rendered":"Top Furinhos Bojo Remov\u00edvel"},"content":{"rendered":"<h3>Top Furinhos Bojo Remov\u00edvel<\/h3>\n<p>Lindo Top com tecido inteiramente furadinho, um charme!<\/p>\n<p>Com Bojo remov\u00edvel e forro na parte frontal, valoriza seu corpo!<\/p>\n<p>Tecido: Nylon, respir\u00e1vel e com secagem r\u00e1pida, alta absor\u00e7\u00e3o.<\/p>\n<p>Tamanho: \u00danico &#8211; indicado para pessoas de 43-65kg<br \/>\n<img decoding=\"async\" src=\"https:\/\/ae01.alicdn.com\/kf\/Hc737c33173704bf1ae6e8c07769e1ed3z.jpg?width=800&amp;height=800&amp;hash=1600\" \/><img decoding=\"async\" src=\"https:\/\/ae01.alicdn.com\/kf\/H5fd72d3ab2cd4c63bf6c4dec485ff2bd7.jpg?width=800&amp;height=800&amp;hash=1600\" \/><img decoding=\"async\" src=\"https:\/\/ae01.alicdn.com\/kf\/H0d744e9cdfcc4ede8320f472833aa3eax.jpg?width=800&amp;height=800&amp;hash=1600\" \/><img decoding=\"async\" src=\"https:\/\/ae01.alicdn.com\/kf\/H12046812b3ec43ca9106fe9d335cb7b3h.jpg?width=800&amp;height=800&amp;hash=1600\" \/> <img decoding=\"async\" src=\"https:\/\/ae01.alicdn.com\/kf\/Hc45640b464314270961e87a7c0382fb6b.jpg?width=800&amp;height=800&amp;hash=1600\" \/> <img decoding=\"async\" src=\"https:\/\/ae01.alicdn.com\/kf\/Ha052159e3fe0434bb518f302258590b1Y.jpg?width=800&amp;height=800&amp;hash=1600\" \/> <img decoding=\"async\" src=\"https:\/\/ae01.alicdn.com\/kf\/Hc1c2df1fb2684dc0bd59be65c18fa5ba2.jpg?width=800&amp;height=800&amp;hash=1600\" \/><br \/>\n<img decoding=\"async\" src=\"https:\/\/ae01.alicdn.com\/kf\/Head1538e5ace4a5cbad52da524c3c2141.jpg?width=800&amp;height=800&amp;hash=1600\" \/> <img decoding=\"async\" src=\"https:\/\/ae01.alicdn.com\/kf\/H919365b7c3cb436eb9b218d7cafec02aV.jpg?width=800&amp;height=800&amp;hash=1600\" \/> <img decoding=\"async\" src=\"https:\/\/ae01.alicdn.com\/kf\/H4ff59ff7c03048f985da1584b1678df4Y.jpg?width=800&amp;height=800&amp;hash=1600\" \/> <img decoding=\"async\" src=\"https:\/\/ae01.alicdn.com\/kf\/Hefd5fdbe27d1483f9c1b6e6c512a0183W.jpg?width=800&amp;height=800&amp;hash=1600\" \/> <img decoding=\"async\" src=\"https:\/\/ae01.alicdn.com\/kf\/H01d53c18836a49bda7f19b5ab6322d1aQ.jpg?width=800&amp;height=800&amp;hash=1600\" \/> <img decoding=\"async\" src=\"https:\/\/ae01.alicdn.com\/kf\/H774e02e37b024f14a9ab4861ae3754c2z.jpg?width=800&amp;height=800&amp;hash=1600\" \/><br \/>\n<img decoding=\"async\" src=\"https:\/\/ae01.alicdn.com\/kf\/H5fb70386c4ab426d83ca0589bba69d3dS.jpg?width=800&amp;height=800&amp;hash=1600\" \/> <img decoding=\"async\" src=\"https:\/\/ae01.alicdn.com\/kf\/Hcc40f0a960824318a8c231764e889f61h.jpg?width=800&amp;height=800&amp;hash=1600\" \/><br \/>\n<img decoding=\"async\" src=\"https:\/\/ae01.alicdn.com\/kf\/Hc75f2ea8a5c0488fb7e57f2d48c1867cJ.jpg?width=800&amp;height=800&amp;hash=1600\" \/> <img decoding=\"async\" src=\"https:\/\/ae01.alicdn.com\/kf\/H2d14fc869e554e929a1b4051fb27eb219.jpg\" \/> <img decoding=\"async\" src=\"https:\/\/ae01.alicdn.com\/kf\/Ha5025ec8974e4ba18d4b10a5edab45b0u.jpg?width=800&amp;height=800&amp;hash=1600\" \/> <img decoding=\"async\" src=\"https:\/\/ae01.alicdn.com\/kf\/Hb20bce11e0f64547a8f8ba77eee91c23C.jpg?width=800&amp;height=800&amp;hash=1600\" \/><\/p>\n","protected":false},"excerpt":{"rendered":"<p>Top Furinhos Bojo Remov\u00edvel Lindo Top com tecido inteiramente furadinho, um charme! Com Bojo remov\u00edvel e forro na parte frontal, valoriza seu corpo! Tecido: Nylon, respir\u00e1vel e com secagem r\u00e1pida, alta absor\u00e7\u00e3o. Tamanho: \u00danico &#8211; indicado para pessoas de 43-65kg<\/p>\n","protected":false},"featured_media":9474,"comment_status":"open","ping_status":"closed","template":"","meta":[],"product_brand":[],"product_cat":[231,43],"product_tag":[],"class_list":{"0":"post-9475","1":"product","2":"type-product","3":"status-publish","4":"has-post-thumbnail","6":"product_cat-promocoes","7":"product_cat-top-cropped","9":"first","10":"instock","11":"sale","12":"shipping-taxable","13":"purchasable","14":"product-type-variable"},"_links":{"self":[{"href":"https:\/\/lottustech.com\/bella\/wp-json\/wp\/v2\/product\/9475","targetHints":{"allow":["GET"]}}],"collection":[{"href":"https:\/\/lottustech.com\/bella\/wp-json\/wp\/v2\/product"}],"about":[{"href":"https:\/\/lottustech.com\/bella\/wp-json\/wp\/v2\/types\/product"}],"replies":[{"embeddable":true,"href":"https:\/\/lottustech.com\/bella\/wp-json\/wp\/v2\/comments?post=9475"}],"wp:featuredmedia":[{"embeddable":true,"href":"https:\/\/lottustech.com\/bella\/wp-json\/wp\/v2\/media\/9474"}],"wp:attachment":[{"href":"https:\/\/lottustech.com\/bella\/wp-json\/wp\/v2\/media?parent=9475"}],"wp:term":[{"taxonomy":"product_brand","embeddable":true,"href":"https:\/\/lottustech.com\/bella\/wp-json\/wp\/v2\/product_brand?post=9475"},{"taxonomy":"product_cat","embeddable":true,"href":"https:\/\/lottustech.com\/bella\/wp-json\/wp\/v2\/product_cat?post=9475"},{"taxonomy":"product_tag","embeddable":true,"href":"https:\/\/lottustech.com\/bella\/wp-json\/wp\/v2\/product_tag?post=9475"}],"curies":[{"name":"wp","href":"https:\/\/api.w.org\/{rel}","templated":true}]}}