{"id":9301,"date":"2022-10-28T12:47:35","date_gmt":"2022-10-28T15:47:35","guid":{"rendered":"https:\/\/lottustech.com\/bella\/produto\/biquini-push-up-com-saida-de-banho-3-pecas-2\/"},"modified":"2023-01-09T10:26:23","modified_gmt":"2023-01-09T13:26:23","slug":"biquini-push-up-com-saida-de-banho-3-pecas-2","status":"publish","type":"product","link":"https:\/\/lottustech.com\/bella\/produto\/biquini-push-up-com-saida-de-banho-3-pecas-2\/","title":{"rendered":"Biquini Push Up com Sa\u00edda de Banho 3 pe\u00e7as"},"content":{"rendered":"<h3>Biquini Push Up com Sa\u00edda de Banho 3 pe\u00e7as<\/h3>\n<p>Lindo Biquini Push Up com Bojo e forro, valoriza seu corpo! Biquini acompanha linda sa\u00edda de banho!<\/p>\n<p>Conjunto composto por 3 pe\u00e7as (parte de cima, de baixo e sa\u00edda de banho) com estampa floral em diversas cores para sua escolha. Biquini com Bojo e cintura m\u00e9dia.<\/p>\n<p>Dispon\u00edvel em 11 cores diferentes e em 4 tamanhos.<\/p>\n<p>Tecido: Poli\u00e9ster, Leve, Respir\u00e1vel, Macio, Confort\u00e1vel.<\/p>\n<p>Tecido Forro: Nylon<\/p>\n<p>&nbsp;<\/p>\n<p>Tabela de tamanhos:<\/p>\n<p>1- Por favor, escolha o tamanho de acordo com seu busto, cintura e quadril, escolha um tamanho maior se estiver em d\u00favida.<\/p>\n<p>Devido a medi\u00e7\u00e3o manual, considere uma varia\u00e7\u00e3o de 1-3cm.<\/p>\n<p>2-\u00a0Esta tabela de tamanhos \u00e9 especificamente para este item.<\/p>\n<p>3-\u00a0Devido a diferen\u00e7a de tipos de monitores e ilumina\u00e7\u00e3o, a cor poder\u00e1 ser um pouco diferente da imagem.<\/p>\n<table style=\"width: 500px;\" border=\"1\" cellspacing=\"1\" cellpadding=\"1\">\n<tbody>\n<tr>\n<td>Tamanho<\/td>\n<td>Busto (cm)<\/td>\n<td>Cintura (cm)<\/td>\n<td>Quadril (cm)<\/td>\n<\/tr>\n<tr>\n<td>P<\/td>\n<td>86-91<\/td>\n<td>66-71<\/td>\n<td>88-93<\/td>\n<\/tr>\n<tr>\n<td>M<\/td>\n<td>91-96<\/td>\n<td>71-76<\/td>\n<td>93-98<\/td>\n<\/tr>\n<tr>\n<td>G<\/td>\n<td>96-101<\/td>\n<td>76-81<\/td>\n<td>98-103<\/td>\n<\/tr>\n<tr>\n<td>XG<\/td>\n<td>101-106<\/td>\n<td>81-86<\/td>\n<td>103-108<\/td>\n<\/tr>\n<\/tbody>\n<\/table>\n<p>&nbsp;<\/p>\n<p><img decoding=\"async\" src=\"https:\/\/ae01.alicdn.com\/kf\/S5ee18badf0a440868467fe9aebf23afcX.jpg\" \/><img decoding=\"async\" src=\"https:\/\/ae01.alicdn.com\/kf\/S567f2247b86542c3908367fca7346252Q.jpg\" \/><img decoding=\"async\" src=\"https:\/\/ae01.alicdn.com\/kf\/S765df1f6336c4a16acd281844ebe7550r.jpg\" \/><img decoding=\"async\" src=\"https:\/\/ae01.alicdn.com\/kf\/Seb15ccd1bc3d4647b412753aaff0d4f5v.jpg\" \/><img decoding=\"async\" src=\"https:\/\/ae01.alicdn.com\/kf\/S808f7a6d1c764b8d8a5ed8da2b626637q.jpg\" \/><img decoding=\"async\" src=\"https:\/\/ae01.alicdn.com\/kf\/S34ac5f2ed1114fc6b26719132887d9a80.jpg\" \/><img decoding=\"async\" src=\"https:\/\/ae01.alicdn.com\/kf\/S6d13b7b91012416cb525b15549cb62b4K.jpg\" \/><img decoding=\"async\" src=\"https:\/\/ae01.alicdn.com\/kf\/Sc7cba9d644294fb2a8e635029e8f51577.jpg\" \/><img decoding=\"async\" src=\"https:\/\/ae01.alicdn.com\/kf\/Sd6aed8c57d7e40edb6245bd6feeab7d3F.jpg\" \/><img decoding=\"async\" src=\"https:\/\/ae01.alicdn.com\/kf\/S4980c622a5e349998a47445c9393fddcx.jpg\" \/><img decoding=\"async\" src=\"https:\/\/ae01.alicdn.com\/kf\/S4d83cc5e8afa42028f0dde9140fff7d86.jpg\" \/><img decoding=\"async\" src=\"https:\/\/ae01.alicdn.com\/kf\/Scb9d0766898545bf9306943a0cf89aadP.jpg\" \/><img decoding=\"async\" src=\"https:\/\/ae01.alicdn.com\/kf\/S38ad7e3becb042ff989da34c2755f2d9F.jpg\" \/><img decoding=\"async\" src=\"https:\/\/ae01.alicdn.com\/kf\/Sc069a3b4d7b5485a9c363f020c07db6cj.jpg\" \/><br \/>\n&nbsp;<\/p>\n","protected":false},"excerpt":{"rendered":"<p>Biquini Push Up com Sa\u00edda de Banho 3 pe\u00e7as Lindo Biquini Push Up com Bojo e forro, valoriza seu corpo! Biquini acompanha linda sa\u00edda de banho! Conjunto composto por 3 pe\u00e7as (parte de cima, de baixo e sa\u00edda de banho) com estampa floral em diversas cores para sua escolha. Biquini com Bojo e cintura m\u00e9dia. [&hellip;]<\/p>\n","protected":false},"featured_media":9300,"comment_status":"open","ping_status":"closed","template":"","meta":[],"product_brand":[],"product_cat":[178,231],"product_tag":[],"class_list":{"0":"post-9301","1":"product","2":"type-product","3":"status-publish","4":"has-post-thumbnail","6":"product_cat-beachwear","7":"product_cat-promocoes","9":"first","10":"instock","11":"sale","12":"shipping-taxable","13":"purchasable","14":"product-type-variable"},"_links":{"self":[{"href":"https:\/\/lottustech.com\/bella\/wp-json\/wp\/v2\/product\/9301","targetHints":{"allow":["GET"]}}],"collection":[{"href":"https:\/\/lottustech.com\/bella\/wp-json\/wp\/v2\/product"}],"about":[{"href":"https:\/\/lottustech.com\/bella\/wp-json\/wp\/v2\/types\/product"}],"replies":[{"embeddable":true,"href":"https:\/\/lottustech.com\/bella\/wp-json\/wp\/v2\/comments?post=9301"}],"wp:featuredmedia":[{"embeddable":true,"href":"https:\/\/lottustech.com\/bella\/wp-json\/wp\/v2\/media\/9300"}],"wp:attachment":[{"href":"https:\/\/lottustech.com\/bella\/wp-json\/wp\/v2\/media?parent=9301"}],"wp:term":[{"taxonomy":"product_brand","embeddable":true,"href":"https:\/\/lottustech.com\/bella\/wp-json\/wp\/v2\/product_brand?post=9301"},{"taxonomy":"product_cat","embeddable":true,"href":"https:\/\/lottustech.com\/bella\/wp-json\/wp\/v2\/product_cat?post=9301"},{"taxonomy":"product_tag","embeddable":true,"href":"https:\/\/lottustech.com\/bella\/wp-json\/wp\/v2\/product_tag?post=9301"}],"curies":[{"name":"wp","href":"https:\/\/api.w.org\/{rel}","templated":true}]}}