{"id":9036,"date":"2022-10-26T18:02:27","date_gmt":"2022-10-26T21:02:27","guid":{"rendered":"https:\/\/lottustech.com\/bella\/produto\/biquini-cortininha-brilho-com-bojo\/"},"modified":"2023-01-09T10:26:43","modified_gmt":"2023-01-09T13:26:43","slug":"biquini-cortininha-brilho-com-bojo","status":"publish","type":"product","link":"https:\/\/lottustech.com\/bella\/produto\/biquini-cortininha-brilho-com-bojo\/","title":{"rendered":"Biquini Cortininha Brilho com Bojo"},"content":{"rendered":"<h3>Biquini Cortininha Brilho com Bojo<\/h3>\n<p>Lindo Biquini Cortininha brilho com Bojo e forro, valoriza seu corpo!<\/p>\n<p>Com lindos detalhes em metal e cordinha super charmosa!<\/p>\n<p>Dispon\u00edvel em 7 cores diferentes e em 3 tamanhos.<\/p>\n<p>Tecido: Poliester<\/p>\n<p>&nbsp;<\/p>\n<p>Tabela de tamanhos:<\/p>\n<p>1- Por favor, escolha o tamanho de acordo com seu busto, cintura e quadril, escolha um tamanho maior se estiver em d\u00favida.<\/p>\n<p>2-\u00a0Esta tabela de tamanhos \u00e9 especificamente para este item.<\/p>\n<p>3-\u00a0Devido a diferen\u00e7a de tipos de monitores e ilumina\u00e7\u00e3o, a cor poder\u00e1 ser um pouco diferente da imagem.<\/p>\n<table border=\"1\" cellspacing=\"1\" cellpadding=\"1\">\n<tbody>\n<tr>\n<td>Tamanho<\/td>\n<td>Busto (cm)<\/td>\n<td>Cintura (cm)<\/td>\n<td>Quadril (cm)<\/td>\n<\/tr>\n<tr>\n<td>P<\/td>\n<td>81-86<\/td>\n<td>56-61<\/td>\n<td>86-91<\/td>\n<\/tr>\n<tr>\n<td>M<\/td>\n<td>87-91<\/td>\n<td>62-66<\/td>\n<td>92-97<\/td>\n<\/tr>\n<tr>\n<td>G<\/td>\n<td>92-97<\/td>\n<td>67-71<\/td>\n<td>98-102<\/td>\n<\/tr>\n<\/tbody>\n<\/table>\n<p>&nbsp;<\/p>\n<p><img decoding=\"async\" src=\"https:\/\/ae01.alicdn.com\/kf\/S5029facb888e4423bcc13cb720133eddO.jpg\" \/><img decoding=\"async\" src=\"https:\/\/ae01.alicdn.com\/kf\/S6e5d2106e8c24626bcd82dd8911e2478P.jpg\" \/><img decoding=\"async\" src=\"https:\/\/ae01.alicdn.com\/kf\/Sf54594985b524889a6b666f7d73bd297P.jpg\" \/><img decoding=\"async\" src=\"https:\/\/ae01.alicdn.com\/kf\/Sd352b3e7c2e44402bf33229abb11bddbw.jpg\" \/><img decoding=\"async\" src=\"https:\/\/ae01.alicdn.com\/kf\/Sbabe287c5dc4424e9f65e6f68bf88425A.jpg\" \/><img decoding=\"async\" src=\"https:\/\/ae01.alicdn.com\/kf\/S9de1d8b1cddc467fa08565df3f7e4dc3s.jpg\" \/><\/p>\n<p>&nbsp;<\/p>\n","protected":false},"excerpt":{"rendered":"<p>Biquini Cortininha Brilho com Bojo Lindo Biquini Cortininha brilho com Bojo e forro, valoriza seu corpo! Com lindos detalhes em metal e cordinha super charmosa! Dispon\u00edvel em 7 cores diferentes e em 3 tamanhos. Tecido: Poliester &nbsp; Tabela de tamanhos: 1- Por favor, escolha o tamanho de acordo com seu busto, cintura e quadril, escolha [&hellip;]<\/p>\n","protected":false},"featured_media":9035,"comment_status":"open","ping_status":"closed","template":"","meta":[],"product_brand":[],"product_cat":[178,231],"product_tag":[],"class_list":{"0":"post-9036","1":"product","2":"type-product","3":"status-publish","4":"has-post-thumbnail","6":"product_cat-beachwear","7":"product_cat-promocoes","9":"first","10":"instock","11":"sale","12":"shipping-taxable","13":"purchasable","14":"product-type-variable"},"_links":{"self":[{"href":"https:\/\/lottustech.com\/bella\/wp-json\/wp\/v2\/product\/9036","targetHints":{"allow":["GET"]}}],"collection":[{"href":"https:\/\/lottustech.com\/bella\/wp-json\/wp\/v2\/product"}],"about":[{"href":"https:\/\/lottustech.com\/bella\/wp-json\/wp\/v2\/types\/product"}],"replies":[{"embeddable":true,"href":"https:\/\/lottustech.com\/bella\/wp-json\/wp\/v2\/comments?post=9036"}],"wp:featuredmedia":[{"embeddable":true,"href":"https:\/\/lottustech.com\/bella\/wp-json\/wp\/v2\/media\/9035"}],"wp:attachment":[{"href":"https:\/\/lottustech.com\/bella\/wp-json\/wp\/v2\/media?parent=9036"}],"wp:term":[{"taxonomy":"product_brand","embeddable":true,"href":"https:\/\/lottustech.com\/bella\/wp-json\/wp\/v2\/product_brand?post=9036"},{"taxonomy":"product_cat","embeddable":true,"href":"https:\/\/lottustech.com\/bella\/wp-json\/wp\/v2\/product_cat?post=9036"},{"taxonomy":"product_tag","embeddable":true,"href":"https:\/\/lottustech.com\/bella\/wp-json\/wp\/v2\/product_tag?post=9036"}],"curies":[{"name":"wp","href":"https:\/\/api.w.org\/{rel}","templated":true}]}}