{"id":9028,"date":"2022-10-26T17:06:12","date_gmt":"2022-10-26T20:06:12","guid":{"rendered":"https:\/\/lottustech.com\/bella\/produto\/biquini-cortininha-brilho-glam\/"},"modified":"2023-01-11T18:20:59","modified_gmt":"2023-01-11T21:20:59","slug":"biquini-cortininha-brilho-glam","status":"publish","type":"product","link":"https:\/\/lottustech.com\/bella\/produto\/biquini-cortininha-brilho-glam\/","title":{"rendered":"Biquini Cortininha Brilho Glam"},"content":{"rendered":"<h3>Biquini Cortininha Brilho Glam<\/h3>\n<p>Lindo Biquini Cortininha com brilho, valoriza seu corpo!<\/p>\n<p>Tecido: Nylon, spandex.<\/p>\n<p>&nbsp;<\/p>\n<p>Tabela de tamanhos:<\/p>\n<p>1- Por favor, escolha o tamanho de acordo com seu busto, cintura e quadril, escolha um tamanho maior se estiver em d\u00favida.<\/p>\n<p>2-\u00a0Esta tabela de tamanhos \u00e9 especificamente para este item.<\/p>\n<p>3-\u00a0Devido a diferen\u00e7a de tipos de monitores e ilumina\u00e7\u00e3o, a cor poder\u00e1 ser um pouco diferente da imagem.<\/p>\n<table border=\"1\" cellspacing=\"1\" cellpadding=\"1\">\n<tbody>\n<tr>\n<td>Tamanho<\/td>\n<td>Busto (cm)<\/td>\n<td>Cintura (cm)<\/td>\n<td>Quadril (cm)<\/td>\n<\/tr>\n<tr>\n<td>P (36)<\/td>\n<td>82-86<\/td>\n<td>62-66<\/td>\n<td>87-91<\/td>\n<\/tr>\n<tr>\n<td>M (38)<\/td>\n<td>87-91<\/td>\n<td>67-71<\/td>\n<td>92-96<\/td>\n<\/tr>\n<tr>\n<td>G (40)<\/td>\n<td>92-96<\/td>\n<td>72-76<\/td>\n<td>97-101<\/td>\n<\/tr>\n<\/tbody>\n<\/table>\n<p>&nbsp;<\/p>\n<p><img decoding=\"async\" src=\"https:\/\/ae01.alicdn.com\/kf\/Sbf67cd65e25f4cb8b7b6a6ab13b45bcfh.jpg\" \/><img decoding=\"async\" src=\"https:\/\/ae01.alicdn.com\/kf\/S782a1326248c47688973910f42e5dbc1C.jpg\" \/><img decoding=\"async\" src=\"https:\/\/ae01.alicdn.com\/kf\/Sd4f94d46f80e4b2b96ed0b29a87f86956.jpg\" \/><img decoding=\"async\" src=\"https:\/\/ae01.alicdn.com\/kf\/Saad320886dd847e1b02808f24e0d05e2u.jpg\" \/><\/p>\n<p>&nbsp;<\/p>\n","protected":false},"excerpt":{"rendered":"<p>Biquini Cortininha Brilho Glam Lindo Biquini Cortininha com brilho, valoriza seu corpo! Tecido: Nylon, spandex. &nbsp; Tabela de tamanhos: 1- Por favor, escolha o tamanho de acordo com seu busto, cintura e quadril, escolha um tamanho maior se estiver em d\u00favida. 2-\u00a0Esta tabela de tamanhos \u00e9 especificamente para este item. 3-\u00a0Devido a diferen\u00e7a de tipos [&hellip;]<\/p>\n","protected":false},"featured_media":10313,"comment_status":"open","ping_status":"closed","template":"","meta":[],"product_brand":[],"product_cat":[178],"product_tag":[],"class_list":{"0":"post-9028","1":"product","2":"type-product","3":"status-publish","4":"has-post-thumbnail","6":"product_cat-beachwear","8":"first","9":"instock","10":"shipping-taxable","11":"purchasable","12":"product-type-variable"},"_links":{"self":[{"href":"https:\/\/lottustech.com\/bella\/wp-json\/wp\/v2\/product\/9028","targetHints":{"allow":["GET"]}}],"collection":[{"href":"https:\/\/lottustech.com\/bella\/wp-json\/wp\/v2\/product"}],"about":[{"href":"https:\/\/lottustech.com\/bella\/wp-json\/wp\/v2\/types\/product"}],"replies":[{"embeddable":true,"href":"https:\/\/lottustech.com\/bella\/wp-json\/wp\/v2\/comments?post=9028"}],"wp:featuredmedia":[{"embeddable":true,"href":"https:\/\/lottustech.com\/bella\/wp-json\/wp\/v2\/media\/10313"}],"wp:attachment":[{"href":"https:\/\/lottustech.com\/bella\/wp-json\/wp\/v2\/media?parent=9028"}],"wp:term":[{"taxonomy":"product_brand","embeddable":true,"href":"https:\/\/lottustech.com\/bella\/wp-json\/wp\/v2\/product_brand?post=9028"},{"taxonomy":"product_cat","embeddable":true,"href":"https:\/\/lottustech.com\/bella\/wp-json\/wp\/v2\/product_cat?post=9028"},{"taxonomy":"product_tag","embeddable":true,"href":"https:\/\/lottustech.com\/bella\/wp-json\/wp\/v2\/product_tag?post=9028"}],"curies":[{"name":"wp","href":"https:\/\/api.w.org\/{rel}","templated":true}]}}