{"id":8580,"date":"2022-02-25T20:07:43","date_gmt":"2022-02-25T23:07:43","guid":{"rendered":"https:\/\/lottustech.com\/bella\/produto\/powerball-led-fortalecedor-e-terapia-punho-2\/"},"modified":"2023-01-10T11:09:48","modified_gmt":"2023-01-10T14:09:48","slug":"powerball-led-fortalecedor-e-terapia-punho-2","status":"publish","type":"product","link":"https:\/\/lottustech.com\/bella\/produto\/powerball-led-fortalecedor-e-terapia-punho-2\/","title":{"rendered":"Powerball LED Fortalecedor e Terapia Punho"},"content":{"rendered":"<h3>POWERBALL FORTALECEDOR MUSCULAR &#8211; TERAPIA PARA PUNHO &#8211; ANTISTRESS<\/h3>\n<p>A Powerball \u00e9 uma esfera com um girosc\u00f3pio que fortalece os membros superiores. Os exerc\u00edcios de giro s\u00e3o comprovadamente eficientes na preven\u00e7\u00e3o e elimina\u00e7\u00e3o de les\u00f5es do t\u00fanel do carpo, artrite, tendinite e outras causadas por repeti\u00e7\u00e3o de movimentos (LER).<\/p>\n<p>Exercitar partes espec\u00edficas do corpo \u00e9 importante por uma s\u00e9rie de motivos. Se voc\u00ea \u00e9 esportista, algumas modalidades exigem bastante dos membros superiores; j\u00e1 se voc\u00ea trabalha com computadores, tamb\u00e9m precisa ter aten\u00e7\u00e3o com m\u00e3os, punhos, antebra\u00e7o, bra\u00e7o e ombros para prevenir les\u00f5es por esfor\u00e7o repetitivo.<\/p>\n<p>&nbsp;<\/p>\n<ul>\n<li>Modelos com e sem LED<\/li>\n<li>Pode ser usado em qualquer lugar<\/li>\n<li>M\u00faltiplos benef\u00edcios<\/li>\n<li>Ajuda na coordena\u00e7\u00e3o motora<\/li>\n<li>Alivia dores musculares e dos ombros causadas por longas horas de\u00a0movimentos<br \/>\nrepetitivos, como digitar no computador<\/li>\n<li>Ajuda a prevenir cotovelo de tenista, S\u00edndrome de t\u00fanel do carpo,<br \/>\nLes\u00e3o por esfor\u00e7o repetitivo (LER)<\/li>\n<li>Artrite, tendinite<\/li>\n<li>Ajuda na recupera\u00e7\u00e3o de les\u00f5es causadas por acidentes esportivos<\/li>\n<li>Fortalece os m\u00fasculos do punho, m\u00e3os, dedos, antebra\u00e7o<\/li>\n<li>Dependendo da intensidade trabalha os m\u00fasculos do b\u00edceps e tr\u00edceps<\/li>\n<li>Realilita\u00e7\u00e3o dos m\u00fasculos e articula\u00e7\u00f5es<\/li>\n<li>Alivia o Stress<\/li>\n<\/ul>\n<p>&nbsp;<\/p>\n<p>DESCRI\u00c7\u00c3O DO PRODUTO<\/p>\n<p>O Powerball \u00e9 um acess\u00f3rio surpreendente pela quantidade de benef\u00edcios e utilidades que apresenta!<\/p>\n<p>Ela foi inicialmente desenvolvida para uso dos astronautas da NASA, pois seu efeito girosc\u00f3pico permite uma sensa\u00e7\u00e3o de peso, mesmo na a aus\u00eancia da gravidade. Desta forma eles poderiam se exercitar e n\u00e3o perder musculatura e aumentando a resist\u00eancia f\u00edsica. Descubra voc\u00ea tamb\u00e9m este acess\u00f3rio excepcional que foi desenvolvido para os astronautas da NASA!<\/p>\n<p>Possui um rotor interno que, com o exerc\u00edcio do usu\u00e1rio, gira em duas rota\u00e7\u00f5es ao mesmo tempo, gerando uma for\u00e7a contr\u00e1ria.<\/p>\n<p>Quanto mais r\u00e1pido ele gira, mais for\u00e7a ele provoca.<\/p>\n<p>Quer usar apenas para entretenimento e al\u00edvio do stress? Sem problemas!<\/p>\n<p>Passe seus momentos livres experimentando velocidades e observando as oscila\u00e7\u00f5es dos LEDs coloridos se alternarem de acordo com a intensidade dos giros, em casa, no escrit\u00f3rio, em qualquer lugar.<\/p>\n<p>Siga a dire\u00e7\u00e3o das setas e comece com um simples flip. Se voc\u00ea busca um acess\u00f3rio para aprimorar suas habilidades motoras, aumentar a resist\u00eancia e for\u00e7a nas m\u00e3os, dedos, antebra\u00e7o e, dependendo da intensidade dos movimentos, at\u00e9 mesmo trabalhar as regi\u00f5es do b\u00edceps e tr\u00edceps o powerball tamb\u00e9m \u00e9 indicado para voc\u00ea.<\/p>\n<p>O Powerball n\u00e3o possui bateria, todos os LEDs s\u00e3o alimentados pela for\u00e7a e intensidade dos movimentos que voc\u00ea faz e variam de cor e intensidade. Tonifique ou at\u00e9 mesmo reabilite massas musculares, articula\u00e7\u00f5es e mantenha-se em movimento. Para evitar que o Powerball escape da sua m\u00e3o, o produto acompanha uma pulseira t\u00e3o resistente quanto o pr\u00f3prio acess\u00f3rio, para maior seguran\u00e7a e precis\u00e3o dos movimentos.<\/p>\n<p>A velocidade de rota\u00e7\u00e3o poss\u00edvel m\u00e1xima excede 12,000 rpm, que pode gerar resist\u00eancia de at\u00e9 32kg<\/p>\n<p>Gera um peso de at\u00e9 61 kg<\/p>\n<p>&nbsp;<\/p>\n<figure class=\"image\"><img decoding=\"async\" src=\"https:\/\/ae01.alicdn.com\/kf\/H1aa65fcc86f544ce8fae53f527e2d2eal.jpg\" \/><\/figure>\n<figure class=\"image\"><img decoding=\"async\" src=\"https:\/\/ae01.alicdn.com\/kf\/H311f3356137d40fb9be1a03d955bb6cbP.jpg\" \/><\/figure>\n<figure class=\"image\"><img decoding=\"async\" src=\"https:\/\/ae01.alicdn.com\/kf\/H2ee7810fbab24ab2b860db97045412c8Q.jpg\" \/><\/figure>\n<figure class=\"image\"><img decoding=\"async\" src=\"https:\/\/ae01.alicdn.com\/kf\/Hb581ef01b6484475b5c2984fe5e0f0ebI.jpg\" \/><\/figure>\n<figure class=\"image\"><img decoding=\"async\" src=\"https:\/\/ae01.alicdn.com\/kf\/H2c0f23890a314db7a4b1c04cebfbdf0aN.jpg\" \/><\/figure>\n<figure class=\"image\"><img decoding=\"async\" src=\"https:\/\/ae01.alicdn.com\/kf\/H8ca54f93ebca45f48c7170b664d8e45be.jpg\" \/><\/figure>\n<figure class=\"image\"><img decoding=\"async\" src=\"https:\/\/ae01.alicdn.com\/kf\/Ha7a091aad53549329706ec9ba9dda0aeq.jpg\" \/><\/figure>\n<figure class=\"image\"><img decoding=\"async\" src=\"https:\/\/ae01.alicdn.com\/kf\/Hd5143a0da71d4005a846a094de4ccb6fs.jpg\" \/><\/figure>\n<figure class=\"image\"><img decoding=\"async\" src=\"https:\/\/ae01.alicdn.com\/kf\/Hffbecfdcb0014006a7ffedff798271c7F.jpg\" \/><\/figure>\n<figure class=\"image\"><img decoding=\"async\" src=\"https:\/\/ae01.alicdn.com\/kf\/H6297d63e7fa14b7fa362f68055b0eb1dj.jpg\" \/><\/figure>\n<figure class=\"image\"><img decoding=\"async\" src=\"https:\/\/ae01.alicdn.com\/kf\/H854f406c0d8c4b32bc33ecb845ad59215.jpg\" \/><\/figure>\n<figure class=\"image\"><img decoding=\"async\" src=\"https:\/\/ae01.alicdn.com\/kf\/H9661a03a2ffb4458ac48165a4779ea57M.jpg\" \/><\/figure>\n<figure class=\"image\"><img decoding=\"async\" src=\"https:\/\/ae01.alicdn.com\/kf\/H00dcf8a84fad49dd8d11366142bbf016N.jpg\" \/><\/figure>\n<figure class=\"image\"><img decoding=\"async\" src=\"https:\/\/ae01.alicdn.com\/kf\/H99555103c8c14f7aa6a32c776133cd8dC.jpg\" \/><\/figure>\n<p>&nbsp;<\/p>\n","protected":false},"excerpt":{"rendered":"<p>POWERBALL FORTALECEDOR MUSCULAR &#8211; TERAPIA PARA PUNHO &#8211; ANTISTRESS A Powerball \u00e9 uma esfera com um girosc\u00f3pio que fortalece os membros superiores. Os exerc\u00edcios de giro s\u00e3o comprovadamente eficientes na preven\u00e7\u00e3o e elimina\u00e7\u00e3o de les\u00f5es do t\u00fanel do carpo, artrite, tendinite e outras causadas por repeti\u00e7\u00e3o de movimentos (LER). Exercitar partes espec\u00edficas do corpo \u00e9 [&hellip;]<\/p>\n","protected":false},"featured_media":8579,"comment_status":"open","ping_status":"closed","template":"","meta":[],"product_brand":[],"product_cat":[15,231],"product_tag":[],"class_list":{"0":"post-8580","1":"product","2":"type-product","3":"status-publish","4":"has-post-thumbnail","6":"product_cat-belezaesaude","7":"product_cat-promocoes","9":"first","10":"instock","11":"sale","12":"shipping-taxable","13":"purchasable","14":"product-type-variable"},"_links":{"self":[{"href":"https:\/\/lottustech.com\/bella\/wp-json\/wp\/v2\/product\/8580","targetHints":{"allow":["GET"]}}],"collection":[{"href":"https:\/\/lottustech.com\/bella\/wp-json\/wp\/v2\/product"}],"about":[{"href":"https:\/\/lottustech.com\/bella\/wp-json\/wp\/v2\/types\/product"}],"replies":[{"embeddable":true,"href":"https:\/\/lottustech.com\/bella\/wp-json\/wp\/v2\/comments?post=8580"}],"wp:featuredmedia":[{"embeddable":true,"href":"https:\/\/lottustech.com\/bella\/wp-json\/wp\/v2\/media\/8579"}],"wp:attachment":[{"href":"https:\/\/lottustech.com\/bella\/wp-json\/wp\/v2\/media?parent=8580"}],"wp:term":[{"taxonomy":"product_brand","embeddable":true,"href":"https:\/\/lottustech.com\/bella\/wp-json\/wp\/v2\/product_brand?post=8580"},{"taxonomy":"product_cat","embeddable":true,"href":"https:\/\/lottustech.com\/bella\/wp-json\/wp\/v2\/product_cat?post=8580"},{"taxonomy":"product_tag","embeddable":true,"href":"https:\/\/lottustech.com\/bella\/wp-json\/wp\/v2\/product_tag?post=8580"}],"curies":[{"name":"wp","href":"https:\/\/api.w.org\/{rel}","templated":true}]}}