{"id":8377,"date":"2022-02-07T21:22:13","date_gmt":"2022-02-08T00:22:13","guid":{"rendered":"https:\/\/lottustech.com\/bella\/produto\/smartwatch-sport-modelo-d20-bluetooth\/"},"modified":"2022-02-07T21:23:08","modified_gmt":"2022-02-08T00:23:08","slug":"smartwatch-sport-modelo-d20-bluetooth","status":"publish","type":"product","link":"https:\/\/lottustech.com\/bella\/produto\/smartwatch-sport-modelo-d20-bluetooth\/","title":{"rendered":"Smartwatch Sport modelo D20 Bluetooth"},"content":{"rendered":"<h4><strong>SMARTWATCH SPORT BLUETOOTH D20&nbsp;<\/strong><\/h4>\n<p><strong>Sua sa\u00fade na palma da sua m\u00e3o, a qualquer hora, em qualquer lugar!<\/strong><\/p>\n<p><strong>Use todos os dias em qualquer lugar! Em casa, Corrida, ciclismo, academia, escalada de montanhas\u2026.<\/strong><\/p>\n<ul>\n<li>\u00c0 prova d&#8217; \u00e1gua<\/li>\n<li>Mede Press\u00e3o Arterial<\/li>\n<li>Oxigena\u00e7\u00e3o Sang\u00fc\u00ednea<\/li>\n<li>Batimentos Card\u00edacos<\/li>\n<li>Medidor de Passos<\/li>\n<li>Mede a dist\u00e2ncia percorrida<\/li>\n<li>Contagem de Calorias<\/li>\n<li>Monitoramento do Sono<\/li>\n<li>Lembrete de Sedentarismo<\/li>\n<li>Previs\u00e3o do Tempo<\/li>\n<li>Tira Fotos<\/li>\n<\/ul>\n<h4><strong>MONITORAMENTO CARD\u00cdACO<\/strong><\/h4>\n<p>Sensor \u00f3ptico inteligente, sem app, consegue monitorar a press\u00e3o arterial, oxigena\u00e7\u00e3o sang\u00fc\u00ednea, batimentos card\u00edacos em tempo real.<\/p>\n<h4><strong>LEMBRETE DE CHAMADAS RECEBIDAS<\/strong><\/h4>\n<p>Telefone, SMS, notifica\u00e7\u00f5es de aplicativos para que voc\u00ea n\u00e3o perca informa\u00e7\u00f5es importantes<\/p>\n<h4><strong>PREVIS\u00c3O DO TEMPO<\/strong><\/h4>\n<p>Atualiza\u00e7\u00f5es autom\u00e1ticas do clima em tempo real<\/p>\n<h4><strong>SELFIES<\/strong><\/h4>\n<p>Ap\u00f3s conex\u00e3o ao telefone, voc\u00ea pode tirar diversas fotos de v\u00e1rios \u00e2ngulos!<\/p>\n<p>&nbsp;<\/p>\n<p><strong>FICHA T\u00c9CNICA:<\/strong><\/p>\n<p>Tamanho da tela: 1.44 polegadas<\/p>\n<p>Resolu\u00e7\u00e3o: 128*128<\/p>\n<p>Modo de toque: \u00fanico toque<\/p>\n<p>Compat\u00edvel com a plataforma: ANDROID e iOS<\/p>\n<p>Indicado para:<\/p>\n<p>Crian\u00e7as, neg\u00f3cios, massa, moda, adultos, ou idosos<\/p>\n<p>Material: tpu + gel de s\u00edlica<\/p>\n<p>Capacidade da bateria: 100mah<\/p>\n<p>Modo de usar: pulseira<\/p>\n<p>Interface: USB 3.0<br \/>&nbsp;<\/p>\n<figure class=\"image\"><img decoding=\"async\" src=\"https:\/\/ae01.alicdn.com\/kf\/S9aac55b26fe3448d8e92d4a7943ff7d7X.jpg\"><\/figure>\n<p>&nbsp;<\/p>\n<figure class=\"image\"><img decoding=\"async\" src=\"https:\/\/ae01.alicdn.com\/kf\/S9ea74775e1e34ae3bc82f07ff267ba969.jpg\"><\/figure>\n<p>&nbsp;<\/p>\n<figure class=\"image\"><img decoding=\"async\" src=\"https:\/\/ae01.alicdn.com\/kf\/S99bbd581528446aca584a030808fdf0dq.jpg\"><\/figure>\n<p>&nbsp;<\/p>\n<figure class=\"image\"><img decoding=\"async\" src=\"https:\/\/ae01.alicdn.com\/kf\/S4f87480d763c4915813b293341d4ec76t.jpg\"><\/figure>\n<p>&nbsp;<\/p>\n<figure class=\"image\"><img decoding=\"async\" src=\"https:\/\/ae01.alicdn.com\/kf\/S241523bcfaa8421a9bfee03c36d6e0dfu.jpg\"><\/figure>\n<p>&nbsp;<\/p>\n","protected":false},"excerpt":{"rendered":"<p>SMARTWATCH SPORT BLUETOOTH D20&nbsp; Sua sa\u00fade na palma da sua m\u00e3o, a qualquer hora, em qualquer lugar! Use todos os dias em qualquer lugar! Em casa, Corrida, ciclismo, academia, escalada de montanhas\u2026. \u00c0 prova d&#8217; \u00e1gua Mede Press\u00e3o Arterial Oxigena\u00e7\u00e3o Sang\u00fc\u00ednea Batimentos Card\u00edacos Medidor de Passos Mede a dist\u00e2ncia percorrida Contagem de Calorias Monitoramento do [&hellip;]<\/p>\n","protected":false},"featured_media":8376,"comment_status":"open","ping_status":"closed","template":"","meta":[],"product_brand":[],"product_cat":[20],"product_tag":[],"class_list":{"0":"post-8377","1":"product","2":"type-product","3":"status-publish","4":"has-post-thumbnail","6":"product_cat-relogios","8":"first","9":"instock","10":"shipping-taxable","11":"purchasable","12":"product-type-variable"},"_links":{"self":[{"href":"https:\/\/lottustech.com\/bella\/wp-json\/wp\/v2\/product\/8377","targetHints":{"allow":["GET"]}}],"collection":[{"href":"https:\/\/lottustech.com\/bella\/wp-json\/wp\/v2\/product"}],"about":[{"href":"https:\/\/lottustech.com\/bella\/wp-json\/wp\/v2\/types\/product"}],"replies":[{"embeddable":true,"href":"https:\/\/lottustech.com\/bella\/wp-json\/wp\/v2\/comments?post=8377"}],"wp:featuredmedia":[{"embeddable":true,"href":"https:\/\/lottustech.com\/bella\/wp-json\/wp\/v2\/media\/8376"}],"wp:attachment":[{"href":"https:\/\/lottustech.com\/bella\/wp-json\/wp\/v2\/media?parent=8377"}],"wp:term":[{"taxonomy":"product_brand","embeddable":true,"href":"https:\/\/lottustech.com\/bella\/wp-json\/wp\/v2\/product_brand?post=8377"},{"taxonomy":"product_cat","embeddable":true,"href":"https:\/\/lottustech.com\/bella\/wp-json\/wp\/v2\/product_cat?post=8377"},{"taxonomy":"product_tag","embeddable":true,"href":"https:\/\/lottustech.com\/bella\/wp-json\/wp\/v2\/product_tag?post=8377"}],"curies":[{"name":"wp","href":"https:\/\/api.w.org\/{rel}","templated":true}]}}