{"id":5872,"date":"2021-12-06T22:40:40","date_gmt":"2021-12-07T01:40:40","guid":{"rendered":"https:\/\/lottustech.com\/bella\/produto\/top-esportivo-sem-costura-runner\/"},"modified":"2023-01-09T10:27:57","modified_gmt":"2023-01-09T13:27:57","slug":"top-esportivo-sem-costura-runner","status":"publish","type":"product","link":"https:\/\/lottustech.com\/bella\/produto\/top-esportivo-sem-costura-runner\/","title":{"rendered":"Top Esportivo sem Costura Runner"},"content":{"rendered":"<h4><strong>TOP ESPORTIVO SEM COSTURA RUNNER<\/strong><\/h4>\n<p>Lindo top sem costura com al\u00e7as ajust\u00e1veis e bojo remov\u00edvel.<\/p>\n<p>Tecido respir\u00e1vel que se ajusta ao corpo.<\/p>\n<p>Ideal para a pr\u00e1tica de qualquer modalidade de esporte.<\/p>\n<p>Tecido: Nylon<\/p>\n<p><strong>Tamanho: Tamanho \u00danico<\/strong><\/p>\n<p><strong>Recomendado para: 40 &#8211; 65 kg<\/strong><\/p>\n<p>&nbsp;<\/p>\n<h4><strong>OBS: Por se tratar de um produto de tamanho \u00fanico, pode haver um certo erro de tamanho, atente-se ao tamanho antes de efetuar a compra! Desde j\u00e1 agradecemos!<\/strong><\/h4>\n<p>&nbsp;<\/p>\n<p>\u2022Devido a diferen\u00e7a de tipos de monitores e ilumina\u00e7\u00e3o, a cor poder\u00e1 ser um pouco diferente da imagem.<\/p>\n<p>\u2022Por favor considere uma diferen\u00e7a de 1 a 3 cent\u00edmetros devido a medi\u00e7\u00e3o manual e elasticidade do tecido.<\/p>\n<p>&nbsp;<\/p>\n<figure class=\"image\"><img decoding=\"async\" src=\"https:\/\/ae01.alicdn.com\/kf\/Hed5dfb8efaed47509e9a83f823a643a3t.jpg\" \/><\/figure>\n<p>&nbsp;<\/p>\n<p>&nbsp;<\/p>\n","protected":false},"excerpt":{"rendered":"<p>TOP ESPORTIVO SEM COSTURA RUNNER Lindo top sem costura com al\u00e7as ajust\u00e1veis e bojo remov\u00edvel. Tecido respir\u00e1vel que se ajusta ao corpo. Ideal para a pr\u00e1tica de qualquer modalidade de esporte. Tecido: Nylon Tamanho: Tamanho \u00danico Recomendado para: 40 &#8211; 65 kg &nbsp; OBS: Por se tratar de um produto de tamanho \u00fanico, pode haver [&hellip;]<\/p>\n","protected":false},"featured_media":5871,"comment_status":"open","ping_status":"closed","template":"","meta":[],"product_brand":[],"product_cat":[231,43],"product_tag":[],"class_list":{"0":"post-5872","1":"product","2":"type-product","3":"status-publish","4":"has-post-thumbnail","6":"product_cat-promocoes","7":"product_cat-top-cropped","9":"first","10":"instock","11":"sale","12":"shipping-taxable","13":"purchasable","14":"product-type-variable"},"_links":{"self":[{"href":"https:\/\/lottustech.com\/bella\/wp-json\/wp\/v2\/product\/5872","targetHints":{"allow":["GET"]}}],"collection":[{"href":"https:\/\/lottustech.com\/bella\/wp-json\/wp\/v2\/product"}],"about":[{"href":"https:\/\/lottustech.com\/bella\/wp-json\/wp\/v2\/types\/product"}],"replies":[{"embeddable":true,"href":"https:\/\/lottustech.com\/bella\/wp-json\/wp\/v2\/comments?post=5872"}],"wp:featuredmedia":[{"embeddable":true,"href":"https:\/\/lottustech.com\/bella\/wp-json\/wp\/v2\/media\/5871"}],"wp:attachment":[{"href":"https:\/\/lottustech.com\/bella\/wp-json\/wp\/v2\/media?parent=5872"}],"wp:term":[{"taxonomy":"product_brand","embeddable":true,"href":"https:\/\/lottustech.com\/bella\/wp-json\/wp\/v2\/product_brand?post=5872"},{"taxonomy":"product_cat","embeddable":true,"href":"https:\/\/lottustech.com\/bella\/wp-json\/wp\/v2\/product_cat?post=5872"},{"taxonomy":"product_tag","embeddable":true,"href":"https:\/\/lottustech.com\/bella\/wp-json\/wp\/v2\/product_tag?post=5872"}],"curies":[{"name":"wp","href":"https:\/\/api.w.org\/{rel}","templated":true}]}}