{"id":5799,"date":"2021-12-06T22:36:42","date_gmt":"2021-12-07T01:36:42","guid":{"rendered":"https:\/\/lottustech.com\/bella\/produto\/top-esportivo-sem-costura-comfort-plus-size\/"},"modified":"2023-01-09T10:36:47","modified_gmt":"2023-01-09T13:36:47","slug":"top-esportivo-sem-costura-comfort-plus-size","status":"publish","type":"product","link":"https:\/\/lottustech.com\/bella\/produto\/top-esportivo-sem-costura-comfort-plus-size\/","title":{"rendered":"Top Esportivo sem Costura Comfort Plus Size"},"content":{"rendered":"<h4><strong>TOP ESPORTIVO SEM COSTURA COMFORT PLUS SIZE<\/strong><\/h4>\n<p>Lindo top super confort\u00e1vel e com bojo remov\u00edvel.<\/p>\n<p>Dispon\u00edvel em diversos tamanhos para sua escolha e conforto.<\/p>\n<p>Tecido respir\u00e1vel que se ajusta ao corpo.<\/p>\n<p>Tecido em Nylon e Spandex.<\/p>\n<p>Ideal para a pr\u00e1tica de qualquer modalidade de esporte.<\/p>\n<figure class=\"table\">\n<table>\n<tbody>\n<tr>\n<td>Tamanho<\/td>\n<td>Abaixo Busto (CM)<\/td>\n<td>Peso (Kg)<\/td>\n<\/tr>\n<tr>\n<td>S (P)<\/td>\n<td>65-75<\/td>\n<td>48<\/td>\n<\/tr>\n<tr>\n<td>M<\/td>\n<td>75-80<\/td>\n<td>48-54<\/td>\n<\/tr>\n<tr>\n<td>L (G)<\/td>\n<td>80-85<\/td>\n<td>54-60<\/td>\n<\/tr>\n<tr>\n<td>XL (XG)<\/td>\n<td>85-95<\/td>\n<td>60-68<\/td>\n<\/tr>\n<tr>\n<td>2XL (XXG)<\/td>\n<td>95-100<\/td>\n<td>68-75<\/td>\n<\/tr>\n<tr>\n<td>3XL (3G)<\/td>\n<td>100-110<\/td>\n<td>75-90<\/td>\n<\/tr>\n<tr>\n<td>4XL (4G)<\/td>\n<td>110-115<\/td>\n<td>90-103<\/td>\n<\/tr>\n<tr>\n<td>5XL (5G)<\/td>\n<td>115-125<\/td>\n<td>103-115<\/td>\n<\/tr>\n<\/tbody>\n<\/table>\n<\/figure>\n<p>\u2022Devido a diferen\u00e7a de tipos de monitores e ilumina\u00e7\u00e3o, a cor poder\u00e1 ser um pouco diferente da imagem.<\/p>\n<p>\u2022Por favor considere uma diferen\u00e7a de 1 a 3 cent\u00edmetros devido a medi\u00e7\u00e3o manual e elasticidade do tecido.<\/p>\n<p>&nbsp;<\/p>\n<figure class=\"image\"><img decoding=\"async\" src=\"https:\/\/ae01.alicdn.com\/kf\/H7204641511824f4896c49cc8dfdf9293v.jpg\" \/><\/figure>\n<figure class=\"image\"><img decoding=\"async\" src=\"https:\/\/ae01.alicdn.com\/kf\/Hd7e6b5c748a84bd4b217c205b2e374acZ.jpg\" \/><\/figure>\n<figure class=\"image\"><img decoding=\"async\" src=\"https:\/\/ae01.alicdn.com\/kf\/Hac85865a1b004096b5dd8cf70976dd69r.jpg\" \/><\/figure>\n<figure class=\"image\"><img decoding=\"async\" src=\"https:\/\/ae01.alicdn.com\/kf\/H38bcca5c15994ae985c7d452e0810799P.jpg\" \/><\/figure>\n<figure class=\"image\"><img decoding=\"async\" src=\"https:\/\/ae01.alicdn.com\/kf\/H9780b802223e41978b68af4f5549865dK.jpg\" \/><\/figure>\n<figure class=\"image\"><img decoding=\"async\" src=\"https:\/\/ae01.alicdn.com\/kf\/Hf4586d30474a4b519c47d06a3fc6aa12I.jpg\" \/><\/figure>\n<figure class=\"image\"><img decoding=\"async\" src=\"https:\/\/ae01.alicdn.com\/kf\/Hc9cee6c024584f69958aa2de9ce95b5de.jpg\" \/><\/figure>\n<figure class=\"image\"><img decoding=\"async\" src=\"https:\/\/ae01.alicdn.com\/kf\/H5ac262733a23499186a24df12f80d5f1N.jpg\" \/><\/figure>\n<figure class=\"image\"><img decoding=\"async\" src=\"https:\/\/ae01.alicdn.com\/kf\/H2f547db3348b4f7ba158544062206257I.jpg\" \/><\/figure>\n<figure class=\"image\"><img decoding=\"async\" src=\"https:\/\/ae01.alicdn.com\/kf\/Hb4282c0ad1ca4cfe9d813a7b06d984cad.jpg\" \/><\/figure>\n<figure class=\"image\"><img decoding=\"async\" src=\"https:\/\/ae01.alicdn.com\/kf\/H57676d556acf4559b300ef92de7b4a5fv.jpg\" \/><\/figure>\n<figure class=\"image\"><img decoding=\"async\" src=\"https:\/\/ae01.alicdn.com\/kf\/H3c435f733eb54618a05ed4410deb0a90e.jpg\" \/><\/figure>\n<figure class=\"image\"><img decoding=\"async\" src=\"https:\/\/ae01.alicdn.com\/kf\/H2a947669e029489d8631eb9d0dd6b992d.jpg\" \/><\/figure>\n<figure class=\"image\"><img decoding=\"async\" src=\"https:\/\/ae01.alicdn.com\/kf\/Hfff22ec8b4944c99ac99aa72ca561605f.jpg\" \/><\/figure>\n<figure class=\"image\"><img decoding=\"async\" src=\"https:\/\/ae01.alicdn.com\/kf\/H7aba2444ea444628b42b1fa3e91057709.jpg\" \/><\/figure>\n<figure class=\"image\"><img decoding=\"async\" src=\"https:\/\/ae01.alicdn.com\/kf\/H9078000f640f4d72accd9d607ef11d2b4.jpg\" \/><\/figure>\n<figure class=\"image\"><img decoding=\"async\" src=\"https:\/\/ae01.alicdn.com\/kf\/H9e4e48a71e714fada29e2db39a9c31b0W.jpg\" \/><\/figure>\n<figure class=\"image\"><img decoding=\"async\" src=\"https:\/\/ae01.alicdn.com\/kf\/Hc10f754b888b43ec917d438c9c649b0br.jpg\" \/><\/figure>\n<figure class=\"image\"><img decoding=\"async\" src=\"https:\/\/ae01.alicdn.com\/kf\/H8e5013b459c948a3b99eaf057e0f8e6bw.jpg\" \/><\/figure>\n<figure class=\"image\"><img decoding=\"async\" src=\"https:\/\/ae01.alicdn.com\/kf\/H5dae55da58dc449981156bffc14386ceh.jpg\" \/><\/figure>\n<figure class=\"image\"><img decoding=\"async\" src=\"https:\/\/ae01.alicdn.com\/kf\/H8cbd0c9c943f4adea3bfc45e636eb453b.jpg\" \/><\/figure>\n<h4><strong>Abaixo imagem do top sem Bojo<\/strong><\/h4>\n<figure class=\"image\"><img decoding=\"async\" src=\"https:\/\/ae01.alicdn.com\/kf\/H3fa0498dde12420f9c68da1aabe9c8990.jpg\" \/><\/figure>\n<figure class=\"image\"><img decoding=\"async\" src=\"https:\/\/ae01.alicdn.com\/kf\/H0cb02e092a50439db4bc554353bc86d05.jpg\" \/><\/figure>\n<figure class=\"image\"><img decoding=\"async\" src=\"https:\/\/ae01.alicdn.com\/kf\/H57fd3aa142224ac09fcad1ce3ec73c61g.jpg\" \/><\/figure>\n<figure class=\"image\"><img decoding=\"async\" src=\"https:\/\/ae01.alicdn.com\/kf\/H8ce5fe46635d4f7397b2b39bcd7cada5K.jpg\" \/><\/figure>\n<p>&nbsp;<\/p>\n<p>&nbsp;<\/p>\n","protected":false},"excerpt":{"rendered":"<p>TOP ESPORTIVO SEM COSTURA COMFORT PLUS SIZE Lindo top super confort\u00e1vel e com bojo remov\u00edvel. Dispon\u00edvel em diversos tamanhos para sua escolha e conforto. Tecido respir\u00e1vel que se ajusta ao corpo. Tecido em Nylon e Spandex. Ideal para a pr\u00e1tica de qualquer modalidade de esporte. Tamanho Abaixo Busto (CM) Peso (Kg) S (P) 65-75 48 [&hellip;]<\/p>\n","protected":false},"featured_media":5798,"comment_status":"open","ping_status":"closed","template":"","meta":[],"product_brand":[],"product_cat":[231,43],"product_tag":[],"class_list":{"0":"post-5799","1":"product","2":"type-product","3":"status-publish","4":"has-post-thumbnail","6":"product_cat-promocoes","7":"product_cat-top-cropped","9":"first","10":"instock","11":"sale","12":"shipping-taxable","13":"purchasable","14":"product-type-variable"},"_links":{"self":[{"href":"https:\/\/lottustech.com\/bella\/wp-json\/wp\/v2\/product\/5799","targetHints":{"allow":["GET"]}}],"collection":[{"href":"https:\/\/lottustech.com\/bella\/wp-json\/wp\/v2\/product"}],"about":[{"href":"https:\/\/lottustech.com\/bella\/wp-json\/wp\/v2\/types\/product"}],"replies":[{"embeddable":true,"href":"https:\/\/lottustech.com\/bella\/wp-json\/wp\/v2\/comments?post=5799"}],"wp:featuredmedia":[{"embeddable":true,"href":"https:\/\/lottustech.com\/bella\/wp-json\/wp\/v2\/media\/5798"}],"wp:attachment":[{"href":"https:\/\/lottustech.com\/bella\/wp-json\/wp\/v2\/media?parent=5799"}],"wp:term":[{"taxonomy":"product_brand","embeddable":true,"href":"https:\/\/lottustech.com\/bella\/wp-json\/wp\/v2\/product_brand?post=5799"},{"taxonomy":"product_cat","embeddable":true,"href":"https:\/\/lottustech.com\/bella\/wp-json\/wp\/v2\/product_cat?post=5799"},{"taxonomy":"product_tag","embeddable":true,"href":"https:\/\/lottustech.com\/bella\/wp-json\/wp\/v2\/product_tag?post=5799"}],"curies":[{"name":"wp","href":"https:\/\/api.w.org\/{rel}","templated":true}]}}