{"id":5780,"date":"2021-12-06T21:43:49","date_gmt":"2021-12-07T00:43:49","guid":{"rendered":"https:\/\/lottustech.com\/bella\/produto\/top-esportivo-triangular-com-alca-ajustavel\/"},"modified":"2023-01-09T10:36:32","modified_gmt":"2023-01-09T13:36:32","slug":"top-esportivo-triangular-com-alca-ajustavel","status":"publish","type":"product","link":"https:\/\/lottustech.com\/bella\/produto\/top-esportivo-triangular-com-alca-ajustavel\/","title":{"rendered":"Top Esportivo Triangular com Al\u00e7a Ajust\u00e1vel"},"content":{"rendered":"<h4><strong>TOP ESPORTIVO TRIANGULAR COM AL\u00c7A AJUST\u00c1VEL<\/strong><\/h4>\n<p>Lindo top em formato triangular com al\u00e7as ajust\u00e1veis e bojo remov\u00edvel.<\/p>\n<p>Tecido respir\u00e1vel que se ajusta ao corpo.<\/p>\n<p>Ideal para a pr\u00e1tica de qualquer modalidade de esporte.<\/p>\n<p>Tecido: Cotton (algod\u00e3o)<\/p>\n<p><strong>Tamanho: Tamanho \u00danico<\/strong><\/p>\n<p><strong>Comprimento: 27-30cm<\/strong><\/p>\n<p><strong>Tamanho de Busto Recomendado: 66-88cm<\/strong><\/p>\n<p>&nbsp;<\/p>\n<h4><strong>OBS: Por se tratar de um produto de tamanho \u00fanico, pode haver um certo erro de tamanho, atente-se ao tamanho antes de efetuar a compra! Desde j\u00e1 agradecemos!<\/strong><\/h4>\n<p>&nbsp;<\/p>\n<p>\u2022Devido a diferen\u00e7a de tipos de monitores e ilumina\u00e7\u00e3o, a cor poder\u00e1 ser um pouco diferente da imagem.<\/p>\n<p>\u2022Por favor considere uma diferen\u00e7a de 1 a 3 cent\u00edmetros devido a medi\u00e7\u00e3o manual e elasticidade do tecido.<\/p>\n<p>&nbsp;<\/p>\n<figure class=\"image\"><img decoding=\"async\" src=\"https:\/\/ae01.alicdn.com\/kf\/H464d2c6a47274dcb87c86e9f02f8c67cA.jpg\" \/><\/figure>\n<figure class=\"image\"><img decoding=\"async\" src=\"https:\/\/ae01.alicdn.com\/kf\/H8a090f58679f4ddcbfa20e9e09b097ebR.jpg\" \/><\/figure>\n<figure class=\"image\"><img decoding=\"async\" src=\"https:\/\/ae01.alicdn.com\/kf\/Ha7a49290ed0e48dd81f654b6a2416a02J.jpg\" \/><\/figure>\n<figure class=\"image\"><img decoding=\"async\" src=\"https:\/\/ae01.alicdn.com\/kf\/H8ac5559ac7ad4aaa8e9a1733976004328.jpg\" \/><\/figure>\n<figure class=\"image\"><img decoding=\"async\" src=\"https:\/\/ae01.alicdn.com\/kf\/Ha1d973cf87d14a4da7c1f39f49f9cdc1W.jpg\" \/><\/figure>\n<figure class=\"image\"><img decoding=\"async\" src=\"https:\/\/ae01.alicdn.com\/kf\/Hbb8d592627344804805dc12c6a486325d.jpg\" \/><\/figure>\n<figure class=\"image\"><img decoding=\"async\" src=\"https:\/\/ae01.alicdn.com\/kf\/H24d0acbd0bbc4736a61f333d75676b52P.jpg\" \/><\/figure>\n<figure class=\"image\"><img decoding=\"async\" src=\"https:\/\/ae01.alicdn.com\/kf\/Hc10bb826556b41c0b32839efafdf98c8U.jpg\" \/><\/figure>\n<figure class=\"image\"><img decoding=\"async\" src=\"https:\/\/ae01.alicdn.com\/kf\/H5c7b4b1a738a480ab5e678753c38aad9H.jpg\" \/><\/figure>\n<figure class=\"image\"><img decoding=\"async\" src=\"https:\/\/ae01.alicdn.com\/kf\/H2458eedebd6d4d2da1c2ae7ae09612469.jpg\" \/><\/figure>\n<figure class=\"image\"><img decoding=\"async\" src=\"https:\/\/ae01.alicdn.com\/kf\/H04ea72ea07cf4f0f9911b1afe060e42fz.jpg\" \/><\/figure>\n<p>&nbsp;<\/p>\n<p>&nbsp;<\/p>\n","protected":false},"excerpt":{"rendered":"<p>TOP ESPORTIVO TRIANGULAR COM AL\u00c7A AJUST\u00c1VEL Lindo top em formato triangular com al\u00e7as ajust\u00e1veis e bojo remov\u00edvel. Tecido respir\u00e1vel que se ajusta ao corpo. Ideal para a pr\u00e1tica de qualquer modalidade de esporte. Tecido: Cotton (algod\u00e3o) Tamanho: Tamanho \u00danico Comprimento: 27-30cm Tamanho de Busto Recomendado: 66-88cm &nbsp; OBS: Por se tratar de um produto de [&hellip;]<\/p>\n","protected":false},"featured_media":5779,"comment_status":"open","ping_status":"closed","template":"","meta":[],"product_brand":[],"product_cat":[231,43],"product_tag":[],"class_list":{"0":"post-5780","1":"product","2":"type-product","3":"status-publish","4":"has-post-thumbnail","6":"product_cat-promocoes","7":"product_cat-top-cropped","9":"first","10":"instock","11":"sale","12":"shipping-taxable","13":"purchasable","14":"product-type-variable"},"_links":{"self":[{"href":"https:\/\/lottustech.com\/bella\/wp-json\/wp\/v2\/product\/5780","targetHints":{"allow":["GET"]}}],"collection":[{"href":"https:\/\/lottustech.com\/bella\/wp-json\/wp\/v2\/product"}],"about":[{"href":"https:\/\/lottustech.com\/bella\/wp-json\/wp\/v2\/types\/product"}],"replies":[{"embeddable":true,"href":"https:\/\/lottustech.com\/bella\/wp-json\/wp\/v2\/comments?post=5780"}],"wp:featuredmedia":[{"embeddable":true,"href":"https:\/\/lottustech.com\/bella\/wp-json\/wp\/v2\/media\/5779"}],"wp:attachment":[{"href":"https:\/\/lottustech.com\/bella\/wp-json\/wp\/v2\/media?parent=5780"}],"wp:term":[{"taxonomy":"product_brand","embeddable":true,"href":"https:\/\/lottustech.com\/bella\/wp-json\/wp\/v2\/product_brand?post=5780"},{"taxonomy":"product_cat","embeddable":true,"href":"https:\/\/lottustech.com\/bella\/wp-json\/wp\/v2\/product_cat?post=5780"},{"taxonomy":"product_tag","embeddable":true,"href":"https:\/\/lottustech.com\/bella\/wp-json\/wp\/v2\/product_tag?post=5780"}],"curies":[{"name":"wp","href":"https:\/\/api.w.org\/{rel}","templated":true}]}}