{"id":5723,"date":"2021-12-06T21:18:48","date_gmt":"2021-12-07T00:18:48","guid":{"rendered":"https:\/\/lottustech.com\/bella\/produto\/top-fitness-reforcado-com-ziper\/"},"modified":"2023-01-09T10:36:17","modified_gmt":"2023-01-09T13:36:17","slug":"top-fitness-reforcado-com-ziper","status":"publish","type":"product","link":"https:\/\/lottustech.com\/bella\/produto\/top-fitness-reforcado-com-ziper\/","title":{"rendered":"Top Fitness Refor\u00e7ado com Z\u00edper"},"content":{"rendered":"<h4><strong>TOP FITNESS REFOR\u00c7ADO COM Z\u00cdPER<\/strong><\/h4>\n<p>Lindo top refor\u00e7ado com z\u00edper e bojo remov\u00edvel.<\/p>\n<p>Tecido respir\u00e1vel e com alta elasticidade.<\/p>\n<p>Ideal para a pr\u00e1tica de diversos esportes e atividades f\u00edsicas.<\/p>\n<p>Tecido Poli\u00e9ster.<\/p>\n<p>&nbsp;<\/p>\n<figure class=\"table\">\n<table>\n<tbody>\n<tr>\n<td>Tamanho Top<\/td>\n<td>Acima Busto (CM)<\/td>\n<td>Abaixo Busto (CM)<\/td>\n<td>Peso Kg<\/td>\n<\/tr>\n<tr>\n<td>S (P)<\/td>\n<td>80-82<\/p>\n<p>84-86<\/p>\n<p>86-88<\/p>\n<p>88-90<\/td>\n<td>69-72<\/td>\n<td>40-50 kg<\/td>\n<\/tr>\n<tr>\n<td>M<\/td>\n<td>85-87<\/p>\n<p>89-91<\/p>\n<p>91-93<\/p>\n<p>93-95<\/td>\n<td>73-77<\/td>\n<td>50-60 kg<\/td>\n<\/tr>\n<tr>\n<td>L (G)<\/td>\n<td>90-92<\/p>\n<p>94-96<\/p>\n<p>96-98<\/p>\n<p>98-100<\/td>\n<td>78-82<\/td>\n<td>60-70 kg<\/td>\n<\/tr>\n<tr>\n<td>XL (XG)<\/td>\n<td>95-97<\/p>\n<p>99-101<\/p>\n<p>101-103<\/p>\n<p>103-105<\/p>\n<p>105-107<\/td>\n<td>83-87<\/td>\n<td>70-80 kg<\/td>\n<\/tr>\n<tr>\n<td>XXL (XXG)<\/td>\n<td>100-102<\/p>\n<p>104-106<\/p>\n<p>106-108<\/p>\n<p>108-110<\/td>\n<td>88-92<\/td>\n<td>80-90 kg<\/td>\n<\/tr>\n<\/tbody>\n<\/table>\n<\/figure>\n<p>\u2022Devido a diferen\u00e7a de tipos de monitores e ilumina\u00e7\u00e3o, a cor poder\u00e1 ser um pouco diferente da imagem.<\/p>\n<p>\u2022Por favor considere uma diferen\u00e7a de 1 a 3 cent\u00edmetros devido a medi\u00e7\u00e3o manual e elasticidade do tecido.<\/p>\n<figure class=\"image\"><img decoding=\"async\" src=\"https:\/\/ae01.alicdn.com\/kf\/Hf5ff4af6bcd74cd59bc4819bcb98f74ba.jpg\" \/><\/figure>\n<figure class=\"image\"><img decoding=\"async\" src=\"https:\/\/ae01.alicdn.com\/kf\/H0cfa48a91790494f9308e4c5c378fde3W.jpg\" \/><\/figure>\n<figure class=\"image\"><img decoding=\"async\" src=\"https:\/\/ae01.alicdn.com\/kf\/Hc962edfce45a4ceb8b5df20e564141dai.jpg\" \/><\/figure>\n<p>&nbsp;<\/p>\n<figure class=\"image\"><img decoding=\"async\" src=\"https:\/\/ae01.alicdn.com\/kf\/H5fa49fa67a134ab3851783efab40c4a71.jpg\" \/><\/figure>\n<figure class=\"image\"><img decoding=\"async\" src=\"https:\/\/ae01.alicdn.com\/kf\/Hd28e598637454e84b91ec37efdf535ear.jpg\" \/><\/figure>\n<figure class=\"image\"><img decoding=\"async\" src=\"https:\/\/ae01.alicdn.com\/kf\/Hdc24278da3024d8eac73a794c9a2226bD.jpg\" \/><\/figure>\n<figure class=\"image\"><img decoding=\"async\" src=\"https:\/\/ae01.alicdn.com\/kf\/Ha83d4d485df5466d85b7c9674edde08al.jpg\" \/><\/figure>\n<figure class=\"image\"><img decoding=\"async\" src=\"https:\/\/ae01.alicdn.com\/kf\/H7d727b35cbbb421c9b76cb4f851d80e6T.jpg\" \/><\/figure>\n<figure class=\"image\"><img decoding=\"async\" src=\"https:\/\/ae01.alicdn.com\/kf\/Hc2b3ca3283f84fe98afbbd5543d30d67M.jpg\" \/><\/figure>\n<p>&nbsp;<\/p>\n<p>&nbsp;<\/p>\n<figure class=\"image\"><img decoding=\"async\" src=\"https:\/\/ae01.alicdn.com\/kf\/H43648c85d3fb4fddaf0e266dc9093df9U.jpg\" \/><\/figure>\n<figure class=\"image\"><img decoding=\"async\" src=\"https:\/\/ae01.alicdn.com\/kf\/H120c8ce6c087495f9bf5bbb5ef9afb81V.jpg\" \/><\/figure>\n<figure class=\"image\"><img decoding=\"async\" src=\"https:\/\/ae01.alicdn.com\/kf\/H083e52d1b9604fa4b2df12299465c1b3z.jpg\" \/><\/figure>\n<figure class=\"image\"><img decoding=\"async\" src=\"https:\/\/ae01.alicdn.com\/kf\/Hae102be210fa46c5b1a42201e65841f2Y.png\" \/><\/figure>\n<figure class=\"image\"><img decoding=\"async\" src=\"https:\/\/ae01.alicdn.com\/kf\/H14e47d6972bd4e7784004087a7ae292e4.jpg\" \/><\/figure>\n<figure class=\"image\"><img decoding=\"async\" src=\"https:\/\/ae01.alicdn.com\/kf\/Hb5763887976240d4a4a44c4f47b6b9e4f.jpg\" \/><\/figure>\n<figure class=\"image\"><img decoding=\"async\" src=\"https:\/\/ae01.alicdn.com\/kf\/Hda1a400a85914cdc9958bb81f7f338c0g.jpg\" \/><\/figure>\n<figure class=\"image\"><img decoding=\"async\" src=\"https:\/\/ae01.alicdn.com\/kf\/H86f48c0bc96446a8abccd40bb900db12X.jpg\" \/><\/figure>\n<figure class=\"image\"><img decoding=\"async\" src=\"https:\/\/ae01.alicdn.com\/kf\/Ha8d35c07ff234e94854990299913844bK.jpg\" \/><\/figure>\n<figure class=\"image\"><img decoding=\"async\" src=\"https:\/\/ae01.alicdn.com\/kf\/H1983156943044853910582c896dec14f4.jpg\" \/><\/figure>\n<figure class=\"image\"><img decoding=\"async\" src=\"https:\/\/ae01.alicdn.com\/kf\/H0b6ca070d6be41328ac0733d57a93557v.jpg\" \/><\/figure>\n<figure class=\"image\"><img decoding=\"async\" src=\"https:\/\/ae01.alicdn.com\/kf\/Hc2680600fe7c419196d888c234e8adddq.jpg\" \/><\/figure>\n<p>&nbsp;<\/p>\n<p>&nbsp;<\/p>\n","protected":false},"excerpt":{"rendered":"<p>TOP FITNESS REFOR\u00c7ADO COM Z\u00cdPER Lindo top refor\u00e7ado com z\u00edper e bojo remov\u00edvel. Tecido respir\u00e1vel e com alta elasticidade. Ideal para a pr\u00e1tica de diversos esportes e atividades f\u00edsicas. Tecido Poli\u00e9ster. &nbsp; Tamanho Top Acima Busto (CM) Abaixo Busto (CM) Peso Kg S (P) 80-82 84-86 86-88 88-90 69-72 40-50 kg M 85-87 89-91 91-93 [&hellip;]<\/p>\n","protected":false},"featured_media":5722,"comment_status":"open","ping_status":"closed","template":"","meta":[],"product_brand":[],"product_cat":[231,43],"product_tag":[],"class_list":{"0":"post-5723","1":"product","2":"type-product","3":"status-publish","4":"has-post-thumbnail","6":"product_cat-promocoes","7":"product_cat-top-cropped","9":"first","10":"instock","11":"sale","12":"shipping-taxable","13":"purchasable","14":"product-type-variable"},"_links":{"self":[{"href":"https:\/\/lottustech.com\/bella\/wp-json\/wp\/v2\/product\/5723","targetHints":{"allow":["GET"]}}],"collection":[{"href":"https:\/\/lottustech.com\/bella\/wp-json\/wp\/v2\/product"}],"about":[{"href":"https:\/\/lottustech.com\/bella\/wp-json\/wp\/v2\/types\/product"}],"replies":[{"embeddable":true,"href":"https:\/\/lottustech.com\/bella\/wp-json\/wp\/v2\/comments?post=5723"}],"wp:featuredmedia":[{"embeddable":true,"href":"https:\/\/lottustech.com\/bella\/wp-json\/wp\/v2\/media\/5722"}],"wp:attachment":[{"href":"https:\/\/lottustech.com\/bella\/wp-json\/wp\/v2\/media?parent=5723"}],"wp:term":[{"taxonomy":"product_brand","embeddable":true,"href":"https:\/\/lottustech.com\/bella\/wp-json\/wp\/v2\/product_brand?post=5723"},{"taxonomy":"product_cat","embeddable":true,"href":"https:\/\/lottustech.com\/bella\/wp-json\/wp\/v2\/product_cat?post=5723"},{"taxonomy":"product_tag","embeddable":true,"href":"https:\/\/lottustech.com\/bella\/wp-json\/wp\/v2\/product_tag?post=5723"}],"curies":[{"name":"wp","href":"https:\/\/api.w.org\/{rel}","templated":true}]}}