{"id":5690,"date":"2021-12-06T19:53:42","date_gmt":"2021-12-06T22:53:42","guid":{"rendered":"https:\/\/lottustech.com\/bella\/produto\/conjunto-3-pecas-sem-costura-patchwork\/"},"modified":"2023-01-09T10:35:59","modified_gmt":"2023-01-09T13:35:59","slug":"conjunto-3-pecas-sem-costura-patchwork","status":"publish","type":"product","link":"https:\/\/lottustech.com\/bella\/produto\/conjunto-3-pecas-sem-costura-patchwork\/","title":{"rendered":"Conjunto 3 pe\u00e7as sem Costura Patchwork"},"content":{"rendered":"<h4><strong>CONJUNTO 3 PE\u00c7AS SEM COSTURA PATCHWORK<\/strong><\/h4>\n<p><strong>Conjunto maravilhoso composto por 3 pe\u00e7as, sendo:<\/strong><\/p>\n<p><strong>Top \u2013 Cropped manga comprida com z\u00edper \u2013 Legging<\/strong><\/p>\n<p><strong>Tecido sem costura, alta respirabilidade, alta elasticidade<\/strong><\/p>\n<p><strong>Legging com cintura alta, efetuando uma leve compress\u00e3o na barriga, deixando sua silhueta mais definida<\/strong><\/p>\n<p><strong>Top com bojo remov\u00edvel<\/strong><\/p>\n<p><strong>Cropped manga comprida e z\u00edper com lugar para colocar o polegar<\/strong><\/p>\n<p><strong>Tecido n\u00e3o \u00e9 transparente! Sinta-se a vontade!<\/strong><\/p>\n<p><strong>Ideal para a pr\u00e1tica de qualquer esporte ou exerc\u00edcio f\u00edsico, super confort\u00e1vel!<\/strong><\/p>\n<p>&nbsp;<\/p>\n<figure class=\"table\">\n<table>\n<tbody>\n<tr>\n<td colspan=\"4\">Cropped<\/td>\n<\/tr>\n<tr>\n<td rowspan=\"2\">Tamanho<\/td>\n<td>Busto<\/td>\n<td>Comprimento Manga<\/td>\n<td>Comprimento<\/td>\n<\/tr>\n<tr>\n<td>CM<\/td>\n<td>CM<\/td>\n<td>CM<\/td>\n<\/tr>\n<tr>\n<td>S (P)<\/td>\n<td>66-76<\/td>\n<td>55<\/td>\n<td>40<\/td>\n<\/tr>\n<tr>\n<td>M<\/td>\n<td>70-80<\/td>\n<td>56<\/td>\n<td>42<\/td>\n<\/tr>\n<tr>\n<td>L (G)<\/td>\n<td>74-84<\/td>\n<td>57<\/td>\n<td>43<\/td>\n<\/tr>\n<tr>\n<td>XL (XG)<\/td>\n<td>78-88<\/td>\n<td>58<\/td>\n<td>45<\/td>\n<\/tr>\n<\/tbody>\n<\/table>\n<\/figure>\n<figure class=\"table\">\n<table>\n<tbody>\n<tr>\n<td colspan=\"4\">Legging<\/td>\n<\/tr>\n<tr>\n<td rowspan=\"2\">Tamanho<\/td>\n<td>Cintura<\/td>\n<td>Quadril<\/td>\n<td>Comprimento<\/td>\n<\/tr>\n<tr>\n<td>CM<\/td>\n<td>CM<\/td>\n<td>CM<\/td>\n<\/tr>\n<tr>\n<td>S (P)<\/td>\n<td>60-70<\/td>\n<td>69-79<\/td>\n<td>85<\/td>\n<\/tr>\n<tr>\n<td>M<\/td>\n<td>64-74<\/td>\n<td>73-83<\/td>\n<td>87<\/td>\n<\/tr>\n<tr>\n<td>L (G)<\/td>\n<td>68-78<\/td>\n<td>77-87<\/td>\n<td>89<\/td>\n<\/tr>\n<tr>\n<td>XL (XG)<\/td>\n<td>72-82<\/td>\n<td>81-92<\/td>\n<td>91<\/td>\n<\/tr>\n<\/tbody>\n<\/table>\n<\/figure>\n<figure class=\"table\">\n<table>\n<tbody>\n<tr>\n<td colspan=\"3\">Top<\/td>\n<\/tr>\n<tr>\n<td rowspan=\"2\">Tamanho<\/td>\n<td>Busto<\/td>\n<td>Comprimento<\/td>\n<\/tr>\n<tr>\n<td>CM<\/td>\n<td>CM<\/td>\n<\/tr>\n<tr>\n<td>S (P)<\/td>\n<td>64-74<\/td>\n<td>30<\/td>\n<\/tr>\n<tr>\n<td>M<\/td>\n<td>68-78<\/td>\n<td>31.5<\/td>\n<\/tr>\n<tr>\n<td>L (G)<\/td>\n<td>72-82<\/td>\n<td>33<\/td>\n<\/tr>\n<tr>\n<td>XL (XG)<\/td>\n<td>76-86<\/td>\n<td>34.5<\/td>\n<\/tr>\n<\/tbody>\n<\/table>\n<\/figure>\n<p>\u2022Devido a diferen\u00e7a de tipos de monitores e ilumina\u00e7\u00e3o, a cor poder\u00e1 ser um pouco diferente da imagem.<\/p>\n<p>\u2022Por favor considere uma diferen\u00e7a de 1 a 3 cent\u00edmetros devido a medi\u00e7\u00e3o manual e elasticidade do tecido.<\/p>\n<figure class=\"image\"><img decoding=\"async\" src=\"https:\/\/ae01.alicdn.com\/kf\/H1768e4dc1c90414b9e5701aeb444e85ba.jpg\" \/><\/figure>\n<p>&nbsp;<\/p>\n<figure class=\"image\"><img decoding=\"async\" src=\"https:\/\/ae01.alicdn.com\/kf\/H5ce001d4a8cd4cf3a9285e14167d30dbK.jpg\" \/><\/figure>\n<p>&nbsp;<\/p>\n<figure class=\"image\"><img decoding=\"async\" src=\"https:\/\/ae01.alicdn.com\/kf\/H19bb105ef1a347bebe55093d2d398ff7T.jpg\" \/><\/figure>\n<p>&nbsp;<\/p>\n<figure class=\"image\"><img decoding=\"async\" src=\"https:\/\/ae01.alicdn.com\/kf\/Hea38ab67bb71400e8ee8047aeb6b3a21y.jpg\" \/><\/figure>\n<p>&nbsp;<\/p>\n<figure class=\"image\"><img decoding=\"async\" src=\"https:\/\/ae01.alicdn.com\/kf\/H8b1591eb92cc41369304e5804257fcceV.jpg\" \/><\/figure>\n<p>&nbsp;<\/p>\n<figure class=\"image\"><img decoding=\"async\" src=\"https:\/\/ae01.alicdn.com\/kf\/H343baef9ff8d485ab14596f5f6486463Y.jpg\" \/><\/figure>\n<p>&nbsp;<\/p>\n<figure class=\"image\"><img decoding=\"async\" src=\"https:\/\/ae01.alicdn.com\/kf\/H240755a47de14dc082520a0538361d74D.jpg\" \/><\/figure>\n<p>&nbsp;<\/p>\n<figure class=\"image\"><img decoding=\"async\" src=\"https:\/\/ae01.alicdn.com\/kf\/H2ab6bbfdcdef4f7f9c61798ba7b8d3c44.jpg\" \/><\/figure>\n<p>&nbsp;<\/p>\n<figure class=\"image\"><img decoding=\"async\" src=\"https:\/\/ae01.alicdn.com\/kf\/Hfa3c843425b34ef5bc34d0ac6c647c920.jpg\" \/><\/figure>\n<p>&nbsp;<\/p>\n<figure class=\"image\"><img decoding=\"async\" src=\"https:\/\/ae01.alicdn.com\/kf\/He04e3dd9e0cc4d4a914bd5b59104b3a6A.jpg\" \/><\/figure>\n<p>&nbsp;<\/p>\n<figure class=\"image\"><img decoding=\"async\" src=\"https:\/\/ae01.alicdn.com\/kf\/H3815e0cef7ec49178c2337dd629b4610K.jpg\" \/><\/figure>\n<p>&nbsp;<\/p>\n<figure class=\"image\"><img decoding=\"async\" src=\"https:\/\/ae01.alicdn.com\/kf\/H36eedcee4855465692cce5820c3b7436s.jpg\" \/><\/figure>\n<p>&nbsp;<\/p>\n<figure class=\"image\"><img decoding=\"async\" src=\"https:\/\/ae01.alicdn.com\/kf\/H352f25d737bb465da3866405295dcb7fM.jpg\" \/><\/figure>\n<p>&nbsp;<\/p>\n","protected":false},"excerpt":{"rendered":"<p>CONJUNTO 3 PE\u00c7AS SEM COSTURA PATCHWORK Conjunto maravilhoso composto por 3 pe\u00e7as, sendo: Top \u2013 Cropped manga comprida com z\u00edper \u2013 Legging Tecido sem costura, alta respirabilidade, alta elasticidade Legging com cintura alta, efetuando uma leve compress\u00e3o na barriga, deixando sua silhueta mais definida Top com bojo remov\u00edvel Cropped manga comprida e z\u00edper com lugar [&hellip;]<\/p>\n","protected":false},"featured_media":5689,"comment_status":"open","ping_status":"closed","template":"","meta":[],"product_brand":[],"product_cat":[25,231],"product_tag":[],"class_list":{"0":"post-5690","1":"product","2":"type-product","3":"status-publish","4":"has-post-thumbnail","6":"product_cat-comjuntos","7":"product_cat-promocoes","9":"first","10":"instock","11":"sale","12":"shipping-taxable","13":"purchasable","14":"product-type-variable"},"_links":{"self":[{"href":"https:\/\/lottustech.com\/bella\/wp-json\/wp\/v2\/product\/5690","targetHints":{"allow":["GET"]}}],"collection":[{"href":"https:\/\/lottustech.com\/bella\/wp-json\/wp\/v2\/product"}],"about":[{"href":"https:\/\/lottustech.com\/bella\/wp-json\/wp\/v2\/types\/product"}],"replies":[{"embeddable":true,"href":"https:\/\/lottustech.com\/bella\/wp-json\/wp\/v2\/comments?post=5690"}],"wp:featuredmedia":[{"embeddable":true,"href":"https:\/\/lottustech.com\/bella\/wp-json\/wp\/v2\/media\/5689"}],"wp:attachment":[{"href":"https:\/\/lottustech.com\/bella\/wp-json\/wp\/v2\/media?parent=5690"}],"wp:term":[{"taxonomy":"product_brand","embeddable":true,"href":"https:\/\/lottustech.com\/bella\/wp-json\/wp\/v2\/product_brand?post=5690"},{"taxonomy":"product_cat","embeddable":true,"href":"https:\/\/lottustech.com\/bella\/wp-json\/wp\/v2\/product_cat?post=5690"},{"taxonomy":"product_tag","embeddable":true,"href":"https:\/\/lottustech.com\/bella\/wp-json\/wp\/v2\/product_tag?post=5690"}],"curies":[{"name":"wp","href":"https:\/\/api.w.org\/{rel}","templated":true}]}}