{"id":5563,"date":"2021-12-02T19:41:00","date_gmt":"2021-12-02T22:41:00","guid":{"rendered":"https:\/\/lottustech.com\/bella\/produto\/conjunto-3-pecas-sem-costura-degrade\/"},"modified":"2023-01-09T10:35:23","modified_gmt":"2023-01-09T13:35:23","slug":"conjunto-3-pecas-sem-costura-degrade","status":"publish","type":"product","link":"https:\/\/lottustech.com\/bella\/produto\/conjunto-3-pecas-sem-costura-degrade\/","title":{"rendered":"Conjunto 3 pe\u00e7as sem Costura Degrad\u00ea"},"content":{"rendered":"<h4><strong>CONJUNTO 3 PE\u00c7AS SEM COSTURA DEGRAD\u00ca<\/strong><\/h4>\n<p><strong>Conjunto maravilhoso composto por 3 pe\u00e7as, sendo:<\/strong><\/p>\n<p><strong>Top \u2013 Cropped manga comprida \u2013 Legging<\/strong><\/p>\n<p><strong>Tecido sem costura, alta respirabilidade, alta elasticidade<\/strong><\/p>\n<p><strong>Legging com cintura alta, efetuando uma leve compress\u00e3o na barriga, deixando sua silhueta mais definida<\/strong><\/p>\n<p><strong>Top com bojo remov\u00edvel<\/strong><\/p>\n<p><strong>Cropped manga comprida com lugar para colocar o polegar<\/strong><\/p>\n<p><strong>Tecido n\u00e3o \u00e9 transparente! Sinta-se a vontade!<\/strong><\/p>\n<p><strong>Ideal para a pr\u00e1tica de qualquer esporte ou exerc\u00edcio f\u00edsico, super confort\u00e1vel!<\/strong><\/p>\n<figure class=\"table\">\n<table>\n<tbody>\n<tr>\n<td>Tamanho Top<\/td>\n<td>Acima Busto (CM)<\/td>\n<td>Abaixo Busto (CM)<\/td>\n<td>Comprimento (CM)<\/td>\n<\/tr>\n<tr>\n<td>S (P)<\/td>\n<td>68<\/td>\n<td>54<\/td>\n<td>14,5<\/td>\n<\/tr>\n<tr>\n<td>M<\/td>\n<td>73<\/td>\n<td>58<\/td>\n<td>15<\/td>\n<\/tr>\n<tr>\n<td>L (G)<\/td>\n<td>78<\/td>\n<td>62<\/td>\n<td>15,5<\/td>\n<\/tr>\n<tr>\n<td>Cropped manga comprida<\/td>\n<td>Busto (CM)<\/td>\n<td>Comprimento Manga (CM)<\/td>\n<td>Comprimento (CM)<\/td>\n<\/tr>\n<tr>\n<td>S (P)<\/td>\n<td>69<\/td>\n<td>58<\/td>\n<td>64<\/td>\n<\/tr>\n<tr>\n<td>M<\/td>\n<td>74<\/td>\n<td>60<\/td>\n<td>66<\/td>\n<\/tr>\n<tr>\n<td>L<\/td>\n<td>79<\/td>\n<td>62<\/td>\n<td>70<\/td>\n<\/tr>\n<tr>\n<td>Tamanho Legging<\/td>\n<td>Cintura (CM)<\/td>\n<td>Qudril (CM)<\/td>\n<td>Comprimento (CM)<\/td>\n<\/tr>\n<tr>\n<td>S (P)<\/td>\n<td>55<\/td>\n<td>66<\/td>\n<td>84<\/td>\n<\/tr>\n<tr>\n<td>M<\/td>\n<td>59<\/td>\n<td>70<\/td>\n<td>85<\/td>\n<\/tr>\n<tr>\n<td>L<\/td>\n<td>63<\/td>\n<td>74<\/td>\n<td>88<\/td>\n<\/tr>\n<tr>\n<td colspan=\"4\">\u2022Devido a diferen\u00e7a de tipos de monitores e ilumina\u00e7\u00e3o, a cor poder\u00e1 ser um pouco diferente da imagem.<\/p>\n<p>\u2022Por favor considere uma diferen\u00e7a de 1 a 3 cent\u00edmetros devido a medi\u00e7\u00e3o manual e elasticidade do tecido.<\/td>\n<\/tr>\n<\/tbody>\n<\/table>\n<\/figure>\n<p>&nbsp;<\/p>\n<p>&nbsp;<\/p>\n<figure class=\"image\"><img decoding=\"async\" src=\"https:\/\/ae01.alicdn.com\/kf\/Hc6bdb89e6ade4d898fcfe853812b806a0.jpg\" \/><\/figure>\n<figure class=\"image\"><img decoding=\"async\" src=\"https:\/\/ae01.alicdn.com\/kf\/H6e343a07f1544fa59c6b6c335f91034er.jpg\" \/><\/figure>\n<figure class=\"image\"><img decoding=\"async\" src=\"https:\/\/ae01.alicdn.com\/kf\/H6a0fddf3c03540b7b057bfb2e37ca198X.jpg\" \/><\/figure>\n<figure class=\"image\"><img decoding=\"async\" src=\"https:\/\/ae01.alicdn.com\/kf\/Hdf42ceeeb9e0499290d1268007a751bej.jpg\" \/><\/figure>\n<figure class=\"image\"><img decoding=\"async\" src=\"https:\/\/ae01.alicdn.com\/kf\/Hef5008d3492f47b3b332fe79d4f9cacaY.jpg\" \/><\/figure>\n<figure class=\"image\"><img decoding=\"async\" src=\"https:\/\/ae01.alicdn.com\/kf\/H3c508fd63f36442cb743c4297e2b54e2C.jpg\" \/><\/figure>\n<figure class=\"image\"><img decoding=\"async\" src=\"https:\/\/ae01.alicdn.com\/kf\/H324ad46f3c9b40ad93ccf7775e232bb6P.jpg\" \/><\/figure>\n<figure class=\"image\"><img decoding=\"async\" src=\"https:\/\/ae01.alicdn.com\/kf\/H73d2e27904ff4c62a2e60ce8cea77950b.jpg\" \/><\/figure>\n<figure class=\"image\"><img decoding=\"async\" src=\"https:\/\/ae01.alicdn.com\/kf\/Hfea940388e9740b39f03913be8aee794L.jpg\" \/><\/figure>\n<figure class=\"image\"><img decoding=\"async\" src=\"https:\/\/ae01.alicdn.com\/kf\/H7a8260ec01294faa9a0cca809488816c9.jpg\" \/><\/figure>\n<figure class=\"image\"><img decoding=\"async\" src=\"https:\/\/ae01.alicdn.com\/kf\/H43dee3b4659941a1bdfb948b4c5f01ceK.jpg\" \/><\/figure>\n<figure class=\"image\"><img decoding=\"async\" src=\"https:\/\/ae01.alicdn.com\/kf\/H9b0fc098457c47b896962bb6857a71d1k.jpg\" \/><\/figure>\n<figure class=\"image\"><img decoding=\"async\" src=\"https:\/\/ae01.alicdn.com\/kf\/H45ce729c962a4a2a84b16a6aaa7021cdC.jpg\" \/><\/figure>\n<figure class=\"image\"><img decoding=\"async\" src=\"https:\/\/ae01.alicdn.com\/kf\/H6c3ac342d57e41fbb4a187b4fb4a81e4n.jpg\" \/><\/figure>\n<figure class=\"image\"><img decoding=\"async\" src=\"https:\/\/ae01.alicdn.com\/kf\/H4ecce8c7d4f449e0854bfe30c21030ber.jpg\" \/><\/figure>\n<figure class=\"image\"><img decoding=\"async\" src=\"https:\/\/ae01.alicdn.com\/kf\/He6e97916eac949e8b2fc7426668d5c211.jpg\" \/><\/figure>\n<figure class=\"image\"><img decoding=\"async\" src=\"https:\/\/ae01.alicdn.com\/kf\/Hc00bb929c3dc4b689c29adb0824def62V.jpg\" \/><\/figure>\n<figure class=\"image\"><img decoding=\"async\" src=\"https:\/\/ae01.alicdn.com\/kf\/H0f363c4127184320bb0f493690506df8i.jpg\" \/><\/figure>\n<figure class=\"image\"><img decoding=\"async\" src=\"https:\/\/ae01.alicdn.com\/kf\/H6132ef02740b43148e4c99f9ce74a570Q.jpg\" \/><\/figure>\n<figure class=\"image\"><img decoding=\"async\" src=\"https:\/\/ae01.alicdn.com\/kf\/H2652e26db04045bfa203ef06f75069797.jpg\" \/><\/figure>\n<figure class=\"image\"><img decoding=\"async\" src=\"https:\/\/ae01.alicdn.com\/kf\/H93b76120efbe488fa7ec79d915d0770bv.jpg\" \/><\/figure>\n<figure class=\"image\"><img decoding=\"async\" src=\"https:\/\/ae01.alicdn.com\/kf\/H3b0f2eded34f4c538231ccabe82908fev.jpg\" \/><\/figure>\n<figure class=\"image\"><img decoding=\"async\" src=\"https:\/\/ae01.alicdn.com\/kf\/H7a7e40a498ae4683a36fcf1f916b8fadP.jpg\" \/><\/figure>\n<figure class=\"image\"><img decoding=\"async\" src=\"https:\/\/ae01.alicdn.com\/kf\/H52844d9c51cd47178d7593dec3f9a9c3N.jpg\" \/><\/figure>\n<figure class=\"image\"><img decoding=\"async\" src=\"https:\/\/ae01.alicdn.com\/kf\/H39b4e60b02504dd1af73da7adc83844aK.jpg\" \/><\/figure>\n<figure class=\"image\"><img decoding=\"async\" src=\"https:\/\/ae01.alicdn.com\/kf\/Hca63139c96ab49b580c0838683b11bc9C.jpg\" \/><\/figure>\n<figure class=\"image\"><img decoding=\"async\" src=\"https:\/\/ae01.alicdn.com\/kf\/H968f1d1018cd4f3bb4cc39e857c39d10I.jpg\" \/><\/figure>\n<figure class=\"image\"><img decoding=\"async\" src=\"https:\/\/ae01.alicdn.com\/kf\/H0e59cc6fee1d47eaa99d77b25cd41bb2d.jpg\" \/><\/figure>\n<figure class=\"image\"><img decoding=\"async\" src=\"https:\/\/ae01.alicdn.com\/kf\/Hcfb1b45ffe8f4716a74b0c477915342eJ.jpg\" \/><\/figure>\n<figure class=\"image\"><img decoding=\"async\" src=\"https:\/\/ae01.alicdn.com\/kf\/Hcd5d2b999d9749fa9772e045a95062d6F.jpg\" \/><\/figure>\n<figure class=\"image\"><img decoding=\"async\" src=\"https:\/\/ae01.alicdn.com\/kf\/He46279f397284f11a32ae5940fb5ae2dz.jpg\" \/><\/figure>\n<figure class=\"image\"><img decoding=\"async\" src=\"https:\/\/ae01.alicdn.com\/kf\/H55f5c1f745c14cbd9d5fcad932ee44730.jpg\" \/><\/figure>\n<figure class=\"image\"><img decoding=\"async\" src=\"https:\/\/ae01.alicdn.com\/kf\/H53351c91648449c3a3c354d55bd1a96bZ.jpg\" \/><\/figure>\n<p>&nbsp;<\/p>\n<figure class=\"image\"><img decoding=\"async\" src=\"https:\/\/ae01.alicdn.com\/kf\/H4c5dc8347a604df684ce5d32a45a10a8D.jpg\" \/><\/figure>\n<figure class=\"image\"><img decoding=\"async\" src=\"https:\/\/ae01.alicdn.com\/kf\/H6307ad1b8a6f49c49940a2b67d041f0aI.jpg\" \/><\/figure>\n<figure class=\"image\"><img decoding=\"async\" src=\"https:\/\/ae01.alicdn.com\/kf\/H949f893a91b740768c80fd7db432d0c10.jpg\" \/><\/figure>\n<figure class=\"image\"><img decoding=\"async\" src=\"https:\/\/ae01.alicdn.com\/kf\/H9ebda0567f4343c8a2e8bde6313a53ads.jpg\" \/><\/figure>\n<figure class=\"image\"><img decoding=\"async\" src=\"https:\/\/ae01.alicdn.com\/kf\/Ha12f0b6b5e2f4c46956bc9c7a195374fI.jpg\" \/><\/figure>\n<figure class=\"image\"><img decoding=\"async\" src=\"https:\/\/ae01.alicdn.com\/kf\/H1febc8224d56427ea120a363f879cb3eG.jpg\" \/><\/figure>\n<figure class=\"image\"><img decoding=\"async\" src=\"https:\/\/ae01.alicdn.com\/kf\/Ha7d0a788ce3248bebd38b99d5a5130ecM.jpg\" \/><\/figure>\n<figure class=\"image\"><img decoding=\"async\" src=\"https:\/\/ae01.alicdn.com\/kf\/Hc6e83af94fd04346b620607a12c0c617x.jpg\" \/><\/figure>\n<figure class=\"image\"><img decoding=\"async\" src=\"https:\/\/ae01.alicdn.com\/kf\/Hb8b7d2fc36b245aeb59f123e410db264M.jpg\" \/><\/figure>\n<figure class=\"image\"><img decoding=\"async\" src=\"https:\/\/ae01.alicdn.com\/kf\/H7c4f46a302844349b1ceb524955f5227e.jpg\" \/><\/figure>\n<figure class=\"image\"><img decoding=\"async\" src=\"https:\/\/ae01.alicdn.com\/kf\/H49ad3efc914d46d283b0fb155007bae80.jpg\" \/><\/figure>\n<figure class=\"image\"><img decoding=\"async\" src=\"https:\/\/ae01.alicdn.com\/kf\/H5a6a5b7a58df4f29a92701151e01e2ebU.jpg\" \/><\/figure>\n<figure class=\"image\"><img decoding=\"async\" src=\"https:\/\/ae01.alicdn.com\/kf\/H06383e5fedfd4881a9817c0af5ce2ef8T.jpg\" \/><\/figure>\n<figure class=\"image\"><img decoding=\"async\" src=\"https:\/\/ae01.alicdn.com\/kf\/Hf4ac5f95f4554178aef7a17a742e5a75u.jpg\" \/><\/figure>\n<figure class=\"image\"><img decoding=\"async\" src=\"https:\/\/ae01.alicdn.com\/kf\/Hc40da03aa9754b7bb29cd1b2aa5ea827f.jpg\" \/><\/figure>\n<figure class=\"image\"><img decoding=\"async\" src=\"https:\/\/ae01.alicdn.com\/kf\/He68fde1132c54916848babb0f0a1df14N.jpg\" \/><\/figure>\n<figure class=\"image\"><img decoding=\"async\" src=\"https:\/\/ae01.alicdn.com\/kf\/H6d3bcdb8be3340f59a6aa4c56cbe14a34.jpg\" \/><\/figure>\n<figure class=\"image\"><img decoding=\"async\" src=\"https:\/\/ae01.alicdn.com\/kf\/H61f5b4a6078347afb8a6499c11f5f0bck.jpg\" \/><\/figure>\n<figure class=\"image\"><img decoding=\"async\" src=\"https:\/\/ae01.alicdn.com\/kf\/Hefaf454f185b4f6cae2f128744d9ede8N.jpg\" \/><\/figure>\n<figure class=\"image\"><img decoding=\"async\" src=\"https:\/\/ae01.alicdn.com\/kf\/H35d40cbad919413aaeec393feb57713cq.jpg\" \/><\/figure>\n<figure class=\"image\"><img decoding=\"async\" src=\"https:\/\/ae01.alicdn.com\/kf\/H99acacebc75f4a2a9d3210c61e5c714dl.jpg\" \/><\/figure>\n<figure class=\"image\"><img decoding=\"async\" src=\"https:\/\/ae01.alicdn.com\/kf\/Haa7623f6c45b4346af63d070c4106048s.jpg\" \/><\/figure>\n<figure class=\"image\"><img decoding=\"async\" src=\"https:\/\/ae01.alicdn.com\/kf\/H7958f3c21382425695beedd62539ec9aS.jpg\" \/><\/figure>\n<figure class=\"image\"><img decoding=\"async\" src=\"https:\/\/ae01.alicdn.com\/kf\/H9e90cf4b937a4abc906e5bab3e7d0ad1g.jpg\" \/><\/figure>\n<figure class=\"image\"><img decoding=\"async\" src=\"https:\/\/ae01.alicdn.com\/kf\/H64197362b6c349d88b3d512177ecef18F.jpg\" \/><\/figure>\n<figure class=\"image\"><img decoding=\"async\" src=\"https:\/\/ae01.alicdn.com\/kf\/H7b4474c7b0db462982fdb45ef3d2e733J.jpg\" \/><\/figure>\n<figure class=\"image\"><img decoding=\"async\" src=\"https:\/\/ae01.alicdn.com\/kf\/H8196fc486c554e19b15fc7677d14c7e9G.jpg\" \/><\/figure>\n<figure class=\"image\"><img decoding=\"async\" src=\"https:\/\/ae01.alicdn.com\/kf\/H9254ea6368b149809d1646eeb4d189d3f.jpg\" \/><\/figure>\n<figure class=\"image\"><img decoding=\"async\" src=\"https:\/\/ae01.alicdn.com\/kf\/Hd694db41a9554f25a2836f83791e0e064.jpg\" \/><\/figure>\n<figure class=\"image\"><img decoding=\"async\" src=\"https:\/\/ae01.alicdn.com\/kf\/H97361e7fe73b4841b4fd2e8c911f48eby.jpg\" \/><\/figure>\n<figure class=\"image\"><img decoding=\"async\" src=\"https:\/\/ae01.alicdn.com\/kf\/Hbad4ccd448a448f398568547a4360851D.jpg\" \/><\/figure>\n<p>&nbsp;<\/p>\n<p>&nbsp;<\/p>\n","protected":false},"excerpt":{"rendered":"<p>CONJUNTO 3 PE\u00c7AS SEM COSTURA DEGRAD\u00ca Conjunto maravilhoso composto por 3 pe\u00e7as, sendo: Top \u2013 Cropped manga comprida \u2013 Legging Tecido sem costura, alta respirabilidade, alta elasticidade Legging com cintura alta, efetuando uma leve compress\u00e3o na barriga, deixando sua silhueta mais definida Top com bojo remov\u00edvel Cropped manga comprida com lugar para colocar o polegar [&hellip;]<\/p>\n","protected":false},"featured_media":5562,"comment_status":"open","ping_status":"closed","template":"","meta":[],"product_brand":[],"product_cat":[25,231],"product_tag":[],"class_list":{"0":"post-5563","1":"product","2":"type-product","3":"status-publish","4":"has-post-thumbnail","6":"product_cat-comjuntos","7":"product_cat-promocoes","9":"first","10":"instock","11":"sale","12":"shipping-taxable","13":"purchasable","14":"product-type-variable"},"_links":{"self":[{"href":"https:\/\/lottustech.com\/bella\/wp-json\/wp\/v2\/product\/5563","targetHints":{"allow":["GET"]}}],"collection":[{"href":"https:\/\/lottustech.com\/bella\/wp-json\/wp\/v2\/product"}],"about":[{"href":"https:\/\/lottustech.com\/bella\/wp-json\/wp\/v2\/types\/product"}],"replies":[{"embeddable":true,"href":"https:\/\/lottustech.com\/bella\/wp-json\/wp\/v2\/comments?post=5563"}],"wp:featuredmedia":[{"embeddable":true,"href":"https:\/\/lottustech.com\/bella\/wp-json\/wp\/v2\/media\/5562"}],"wp:attachment":[{"href":"https:\/\/lottustech.com\/bella\/wp-json\/wp\/v2\/media?parent=5563"}],"wp:term":[{"taxonomy":"product_brand","embeddable":true,"href":"https:\/\/lottustech.com\/bella\/wp-json\/wp\/v2\/product_brand?post=5563"},{"taxonomy":"product_cat","embeddable":true,"href":"https:\/\/lottustech.com\/bella\/wp-json\/wp\/v2\/product_cat?post=5563"},{"taxonomy":"product_tag","embeddable":true,"href":"https:\/\/lottustech.com\/bella\/wp-json\/wp\/v2\/product_tag?post=5563"}],"curies":[{"name":"wp","href":"https:\/\/api.w.org\/{rel}","templated":true}]}}