{"id":5413,"date":"2021-12-01T22:42:19","date_gmt":"2021-12-02T01:42:19","guid":{"rendered":"https:\/\/lottustech.com\/bella\/produto\/conjunto-top-e-legging-sem-costura\/"},"modified":"2023-01-09T10:35:08","modified_gmt":"2023-01-09T13:35:08","slug":"conjunto-top-e-legging-sem-costura","status":"publish","type":"product","link":"https:\/\/lottustech.com\/bella\/produto\/conjunto-top-e-legging-sem-costura\/","title":{"rendered":"Conjunto Top e Legging sem Costura"},"content":{"rendered":"<h4><strong>CONJUNTO TOP E LEGGING SEM COSTURA<\/strong><\/h4>\n<p><strong>Conjunto maravilhoso composto por top e legging sem costura.<\/strong><\/p>\n<p><strong>Tecido sem costura, alta respirabilidade, alta elasticidade<\/strong><\/p>\n<p><strong>Legging com cintura alta, efetuando uma leve compress\u00e3o na barriga, deixando sua silhueta mais definida<\/strong><\/p>\n<p><strong>Top com bojo remov\u00edvel<\/strong><\/p>\n<p><strong>Tecido n\u00e3o \u00e9 transparente! Sinta-se a vontade!<\/strong><\/p>\n<p><strong>Ideal para a pr\u00e1tica de qualquer esporte ou exerc\u00edcio f\u00edsico, super confort\u00e1vel!<\/strong><\/p>\n<figure class=\"table\">\n<table>\n<tbody>\n<tr>\n<td>Tamanho Top<\/td>\n<td>Acima Busto (CM)<\/td>\n<td>Abaixo Busto (CM)<\/td>\n<td>Comprimento (CM)<\/td>\n<\/tr>\n<tr>\n<td>S (P)<\/td>\n<td>35<\/td>\n<td>29<\/td>\n<td>32<\/td>\n<\/tr>\n<tr>\n<td>M<\/td>\n<td>38<\/td>\n<td>30<\/td>\n<td>34<\/td>\n<\/tr>\n<tr>\n<td>L (G)<\/td>\n<td>41<\/td>\n<td>33<\/td>\n<td>36<\/td>\n<\/tr>\n<tr>\n<td>Tamanho Legging<\/td>\n<td>Cintura (CM)<\/td>\n<td>Qudril (CM)<\/td>\n<td>Comprimento (CM)<\/td>\n<\/tr>\n<tr>\n<td>S (P)<\/td>\n<td>32<\/td>\n<td>36<\/td>\n<td>84<\/td>\n<\/tr>\n<tr>\n<td>M<\/td>\n<td>33<\/td>\n<td>39<\/td>\n<td>86<\/td>\n<\/tr>\n<tr>\n<td>L (G)<\/td>\n<td>36<\/td>\n<td>42<\/td>\n<td>90<\/td>\n<\/tr>\n<tr>\n<td colspan=\"4\">\u2022Devido a diferen\u00e7a de tipos de monitores e ilumina\u00e7\u00e3o, a cor poder\u00e1 ser um pouco diferente da imagem.<\/p>\n<p>\u2022Por favor considere uma diferen\u00e7a de 1 a 3 cent\u00edmetros devido a medi\u00e7\u00e3o manual e elasticidade do tecido.<\/td>\n<\/tr>\n<\/tbody>\n<\/table>\n<\/figure>\n<p>&nbsp;<\/p>\n<figure class=\"image\"><img decoding=\"async\" src=\"https:\/\/ae01.alicdn.com\/kf\/Hff8f19c72d9645ee99b08c0e8ee632b5u.jpg\" \/><\/figure>\n<figure class=\"image\"><img decoding=\"async\" src=\"https:\/\/ae01.alicdn.com\/kf\/H3637ada0018249de8def558f153aa9acQ.jpg\" \/><\/figure>\n<figure class=\"image\"><img decoding=\"async\" src=\"https:\/\/ae01.alicdn.com\/kf\/Hd47f600a1d7342049eb8b010a40a4c09h.jpg\" \/><\/figure>\n<figure class=\"image\"><img decoding=\"async\" src=\"https:\/\/ae01.alicdn.com\/kf\/H032a3799e0d14820b60ac936ecffd289v.jpg\" \/><\/figure>\n<figure class=\"image\"><img decoding=\"async\" src=\"https:\/\/ae01.alicdn.com\/kf\/H037ba7589bb5455894a54e5010a83540J.jpg\" \/><\/figure>\n<figure class=\"image\"><img decoding=\"async\" src=\"https:\/\/ae01.alicdn.com\/kf\/H6e282c1c76b44dfa859e9b5617fce1edS.jpg\" \/><\/figure>\n<figure class=\"image\"><img decoding=\"async\" src=\"https:\/\/ae01.alicdn.com\/kf\/H4717d2870cd3444b8fa1188a5cf824964.jpg\" \/><\/figure>\n<figure class=\"image\"><img decoding=\"async\" src=\"https:\/\/ae01.alicdn.com\/kf\/Hbf6c8402d2a04df099d52b543ac95063J.jpg\" \/><\/figure>\n<figure class=\"image\"><img decoding=\"async\" src=\"https:\/\/ae01.alicdn.com\/kf\/H6ed3e867b6a6421c989fdaf074cdf0feN.jpg\" \/><\/figure>\n<p>&nbsp;<\/p>\n<figure class=\"image\"><img decoding=\"async\" src=\"https:\/\/ae01.alicdn.com\/kf\/H3a66ceefb69b4c5982500f832ce6004di.jpg\" \/><\/figure>\n<figure class=\"image\"><img decoding=\"async\" src=\"https:\/\/ae01.alicdn.com\/kf\/H6f581dc0a545473ea0a57b2e03e5b636H.jpg\" \/><\/figure>\n<figure class=\"image\"><img decoding=\"async\" src=\"https:\/\/ae01.alicdn.com\/kf\/Hd274c64e79bd45f8b189973df0538c8b0.jpg\" \/><\/figure>\n<figure class=\"image\"><img decoding=\"async\" src=\"https:\/\/ae01.alicdn.com\/kf\/Hbe369c7c483742e18edfb99eeb4ccafe8.jpg\" \/><\/figure>\n<figure class=\"image\"><img decoding=\"async\" src=\"https:\/\/ae01.alicdn.com\/kf\/H21ad5e1843d047f29e50d18688993c04k.jpg\" \/><\/figure>\n<figure class=\"image\"><img decoding=\"async\" src=\"https:\/\/ae04.alicdn.com\/kf\/H393424d3434640cd8a770321e0288365W.jpg\" \/><\/figure>\n<figure class=\"image\"><img decoding=\"async\" src=\"https:\/\/ae01.alicdn.com\/kf\/H4bcdeae02d7645e3bb39e36b39cd94dbJ.jpg\" \/><\/figure>\n<figure class=\"image\"><img decoding=\"async\" src=\"https:\/\/ae01.alicdn.com\/kf\/H539667835ec74266864a4df4c0ba23b0Q.jpg\" \/><\/figure>\n<figure class=\"image\"><img decoding=\"async\" src=\"https:\/\/ae01.alicdn.com\/kf\/H15c4835f66354cd7845006a3524a79b5a.jpg\" \/><\/figure>\n<p>&nbsp;<\/p>\n<figure class=\"image\"><img decoding=\"async\" src=\"https:\/\/ae01.alicdn.com\/kf\/H175df7bf129b47aeba18944705c1dda5P.jpg\" \/><\/figure>\n<figure class=\"image\"><img decoding=\"async\" src=\"https:\/\/ae01.alicdn.com\/kf\/Hb9914415f0ae4c798a51860c9ee95b542.jpg\" \/><\/figure>\n<figure class=\"image\"><img decoding=\"async\" src=\"https:\/\/ae01.alicdn.com\/kf\/H14175eb5af2a4defba19d852ddf976b0z.jpg\" \/><\/figure>\n<figure class=\"image\"><img decoding=\"async\" src=\"https:\/\/ae04.alicdn.com\/kf\/H1696105b241440e99977537807285cb8b.jpg\" \/><\/figure>\n<figure class=\"image\"><img decoding=\"async\" src=\"https:\/\/ae01.alicdn.com\/kf\/H7e130d295841457582f04d349e24a814r.jpg\" \/><\/figure>\n<figure class=\"image\"><img decoding=\"async\" src=\"https:\/\/ae01.alicdn.com\/kf\/H7265e5cb41bb4955aefcb2921f0af0d6p.jpg\" \/><\/figure>\n<figure class=\"image\"><img decoding=\"async\" src=\"https:\/\/ae01.alicdn.com\/kf\/H5372337520ef4fdda985c8bbc4aec61cK.jpg\" \/><\/figure>\n<figure class=\"image\"><img decoding=\"async\" src=\"https:\/\/ae01.alicdn.com\/kf\/H793224d0ef764b56809af77c83d7e5dbL.jpg\" \/><\/figure>\n<figure class=\"image\"><img decoding=\"async\" src=\"https:\/\/ae01.alicdn.com\/kf\/Ha4669bb5423e41cdb02ec3b3688c684eg.jpg\" \/><\/figure>\n<p>&nbsp;<\/p>\n<p>&nbsp;<\/p>\n","protected":false},"excerpt":{"rendered":"<p>CONJUNTO TOP E LEGGING SEM COSTURA Conjunto maravilhoso composto por top e legging sem costura. Tecido sem costura, alta respirabilidade, alta elasticidade Legging com cintura alta, efetuando uma leve compress\u00e3o na barriga, deixando sua silhueta mais definida Top com bojo remov\u00edvel Tecido n\u00e3o \u00e9 transparente! Sinta-se a vontade! Ideal para a pr\u00e1tica de qualquer esporte [&hellip;]<\/p>\n","protected":false},"featured_media":5412,"comment_status":"open","ping_status":"closed","template":"","meta":[],"product_brand":[],"product_cat":[25,231],"product_tag":[],"class_list":{"0":"post-5413","1":"product","2":"type-product","3":"status-publish","4":"has-post-thumbnail","6":"product_cat-comjuntos","7":"product_cat-promocoes","9":"first","10":"instock","11":"sale","12":"shipping-taxable","13":"purchasable","14":"product-type-variable"},"_links":{"self":[{"href":"https:\/\/lottustech.com\/bella\/wp-json\/wp\/v2\/product\/5413","targetHints":{"allow":["GET"]}}],"collection":[{"href":"https:\/\/lottustech.com\/bella\/wp-json\/wp\/v2\/product"}],"about":[{"href":"https:\/\/lottustech.com\/bella\/wp-json\/wp\/v2\/types\/product"}],"replies":[{"embeddable":true,"href":"https:\/\/lottustech.com\/bella\/wp-json\/wp\/v2\/comments?post=5413"}],"wp:featuredmedia":[{"embeddable":true,"href":"https:\/\/lottustech.com\/bella\/wp-json\/wp\/v2\/media\/5412"}],"wp:attachment":[{"href":"https:\/\/lottustech.com\/bella\/wp-json\/wp\/v2\/media?parent=5413"}],"wp:term":[{"taxonomy":"product_brand","embeddable":true,"href":"https:\/\/lottustech.com\/bella\/wp-json\/wp\/v2\/product_brand?post=5413"},{"taxonomy":"product_cat","embeddable":true,"href":"https:\/\/lottustech.com\/bella\/wp-json\/wp\/v2\/product_cat?post=5413"},{"taxonomy":"product_tag","embeddable":true,"href":"https:\/\/lottustech.com\/bella\/wp-json\/wp\/v2\/product_tag?post=5413"}],"curies":[{"name":"wp","href":"https:\/\/api.w.org\/{rel}","templated":true}]}}