{"id":5384,"date":"2021-12-01T21:47:48","date_gmt":"2021-12-02T00:47:48","guid":{"rendered":"https:\/\/lottustech.com\/bella\/produto\/conjunto-5-pecas-sem-costura-bella\/"},"modified":"2023-01-09T10:34:28","modified_gmt":"2023-01-09T13:34:28","slug":"conjunto-5-pecas-sem-costura-bella","status":"publish","type":"product","link":"https:\/\/lottustech.com\/bella\/produto\/conjunto-5-pecas-sem-costura-bella\/","title":{"rendered":"Conjunto 5 pe\u00e7as sem Costura Bella"},"content":{"rendered":"<h4><strong>CONJUNTO 5 PE\u00c7AS SEM COSTURA BELLA<\/strong><\/h4>\n<p><strong>Conjunto maravilhoso composto por 5 pe\u00e7as, sendo:<\/strong><\/p>\n<p><strong>Top &#8211; Cropped &#8211; Cropped manga comprida &#8211; Short &#8211; Legging<\/strong><\/p>\n<p><strong>Tecido sem costura, alta respirabilidade, alta elasticidade<\/strong><\/p>\n<p><strong>Short e Legging com cintura alta, efetuando uma leve compress\u00e3o na barriga, deixando sua silhueta mais definida<\/strong><\/p>\n<p><strong>Top com bojo remov\u00edvel<\/strong><\/p>\n<p><strong>Cropped manga comprida com lugar para colocar o polegar<\/strong><\/p>\n<p><strong>Tecido n\u00e3o \u00e9 transparente! Sinta-se a vontade!<\/strong><\/p>\n<p><strong>Ideal para a pr\u00e1tica de qualquer esporte ou exerc\u00edcio f\u00edsico, super confort\u00e1vel!<\/strong><\/p>\n<p>&nbsp;<\/p>\n<figure class=\"table\">\n<table>\n<tbody>\n<tr>\n<td>Tamanho Top<\/td>\n<td>Acima Busto (CM)<\/td>\n<td>Abaixo Busto (CM)<\/td>\n<td>Comprimento (CM)<\/td>\n<\/tr>\n<tr>\n<td>S (P)<\/td>\n<td>62<\/td>\n<td>54<\/td>\n<td>29<\/td>\n<\/tr>\n<tr>\n<td>M<\/td>\n<td>66<\/td>\n<td>58<\/td>\n<td>31<\/td>\n<\/tr>\n<tr>\n<td>L (G)<\/td>\n<td>72<\/td>\n<td>62<\/td>\n<td>32<\/td>\n<\/tr>\n<tr>\n<td>Cropped manga curta<\/td>\n<td>Busto (CM)<\/td>\n<td>Comprimento Manga (CM)<\/td>\n<td>Comprimento (CM)<\/td>\n<\/tr>\n<tr>\n<td>S (P)<\/td>\n<td>58<\/td>\n<td>20<\/td>\n<td>40<\/td>\n<\/tr>\n<tr>\n<td>M<\/td>\n<td>62<\/td>\n<td>20,,5<\/td>\n<td>41<\/td>\n<\/tr>\n<tr>\n<td>L (G)<\/td>\n<td>66<\/td>\n<td>21<\/td>\n<td>42<\/td>\n<\/tr>\n<tr>\n<td>Cropped manga comprida<\/td>\n<td>Busto (CM)<\/td>\n<td>Comprimento Manga (CM)<\/td>\n<td>Comprimento (CM)<\/td>\n<\/tr>\n<tr>\n<td>S (P)<\/td>\n<td>66<\/td>\n<td>60<\/td>\n<td>38<\/td>\n<\/tr>\n<tr>\n<td>M<\/td>\n<td>72<\/td>\n<td>61<\/td>\n<td>40<\/td>\n<\/tr>\n<tr>\n<td>L<\/td>\n<td>78<\/td>\n<td>62<\/td>\n<td>41<\/td>\n<\/tr>\n<tr>\n<td>Tamanho Short<\/td>\n<td>Cintura (CM)<\/td>\n<td>Qudril (CM)<\/td>\n<td>Comprimento (CM)<\/td>\n<\/tr>\n<tr>\n<td>S (P)<\/td>\n<td>58<\/td>\n<td>70<\/td>\n<td>31<\/td>\n<\/tr>\n<tr>\n<td>M<\/td>\n<td>62<\/td>\n<td>74<\/td>\n<td>32<\/td>\n<\/tr>\n<tr>\n<td>L<\/td>\n<td>66<\/td>\n<td>78<\/td>\n<td>33<\/td>\n<\/tr>\n<tr>\n<td>Tamanho Legging<\/td>\n<td>Cintura (CM)<\/td>\n<td>Qudril (CM)<\/td>\n<td>Comprimento (CM)<\/td>\n<\/tr>\n<tr>\n<td>S (P)<\/td>\n<td>58<\/td>\n<td>70<\/td>\n<td>81<\/td>\n<\/tr>\n<tr>\n<td>M<\/td>\n<td>62<\/td>\n<td>74<\/td>\n<td>82<\/td>\n<\/tr>\n<tr>\n<td>L<\/td>\n<td>66<\/td>\n<td>78<\/td>\n<td>83<\/td>\n<\/tr>\n<tr>\n<td colspan=\"4\">\u2022Devido a diferen\u00e7a de tipos de monitores e ilumina\u00e7\u00e3o, a cor poder\u00e1 ser um pouco diferente da imagem.<\/p>\n<p>\u2022Por favor considere uma diferen\u00e7a de 1 a 3 cent\u00edmetros devido a medi\u00e7\u00e3o manual e elasticidade do tecido.<\/td>\n<\/tr>\n<\/tbody>\n<\/table>\n<\/figure>\n<p>&nbsp;<\/p>\n<figure class=\"image\"><img decoding=\"async\" src=\"https:\/\/ae01.alicdn.com\/kf\/H1dbd12d375fd44499a5894984832daa9Q.jpg\" \/><\/figure>\n<figure class=\"image\"><img decoding=\"async\" src=\"https:\/\/ae01.alicdn.com\/kf\/Hc1cd890cc4f443bb879039193890ca8bn.jpg\" \/><\/figure>\n<figure class=\"image\"><img decoding=\"async\" src=\"https:\/\/ae01.alicdn.com\/kf\/H1bad8bf0dfc648ada920bb584b6bef71P.jpg\" \/><\/figure>\n<figure class=\"image\"><img decoding=\"async\" src=\"https:\/\/ae01.alicdn.com\/kf\/H5ee577246cf64eb0bccc0f26db60f37aw.jpg\" \/><\/figure>\n<figure class=\"image\"><img decoding=\"async\" src=\"https:\/\/ae01.alicdn.com\/kf\/H2b4413f8799c4eb9a1f909744f4dc87fZ.jpg\" \/><\/figure>\n<figure class=\"image\"><img decoding=\"async\" src=\"https:\/\/ae01.alicdn.com\/kf\/Ha0ca7fbdd20145f59381a28c736ec7fdV.jpg\" \/><\/figure>\n<figure class=\"image\"><img decoding=\"async\" src=\"https:\/\/ae01.alicdn.com\/kf\/Hf649a68f683b4e4188363ee3218a74e1g.jpg\" \/><\/figure>\n<figure class=\"image\"><img decoding=\"async\" src=\"https:\/\/ae01.alicdn.com\/kf\/H1ec6755b2371494fa929885dad542245b.jpg\" \/><\/figure>\n<figure class=\"image\"><img decoding=\"async\" src=\"https:\/\/ae01.alicdn.com\/kf\/H173995d058ce4610ad664b0cbaea0a83S.jpg\" \/><\/figure>\n<figure class=\"image\"><img decoding=\"async\" src=\"https:\/\/ae01.alicdn.com\/kf\/H9a6850fb8ee2457eb62ac72d801303f5v.jpg\" \/><\/figure>\n<figure class=\"image\"><img decoding=\"async\" src=\"https:\/\/ae01.alicdn.com\/kf\/Hdece77c4c22c4b82b38fca9b461e9e9fz.jpg\" \/><\/figure>\n<figure class=\"image\"><img decoding=\"async\" src=\"https:\/\/ae01.alicdn.com\/kf\/Hc4c823609d81448d8d38b41b84b2d2aev.jpg\" \/><\/figure>\n<figure class=\"image\"><img decoding=\"async\" src=\"https:\/\/ae01.alicdn.com\/kf\/Hf73a2f32225840219bad5c93e7a636de8.jpg\" \/><\/figure>\n<figure class=\"image\"><img decoding=\"async\" src=\"https:\/\/ae01.alicdn.com\/kf\/He05ebca52417433283bef9f7d6eb25fat.jpg\" \/><\/figure>\n<figure class=\"image\"><img decoding=\"async\" src=\"https:\/\/ae01.alicdn.com\/kf\/H4a124f6773cd484987569b288063aafbe.jpg\" \/><\/figure>\n<figure class=\"image\"><img decoding=\"async\" src=\"https:\/\/ae01.alicdn.com\/kf\/H1f6e053c77d641a68f5f5067d0eff8eek.jpg\" \/><\/figure>\n<figure class=\"image\"><img decoding=\"async\" src=\"https:\/\/ae01.alicdn.com\/kf\/H6213305f9e7749fda45fd508d970c442D.jpg\" \/><\/figure>\n<figure class=\"image\"><img decoding=\"async\" src=\"https:\/\/ae01.alicdn.com\/kf\/H18be7ed7ed6845249f045f91aa31c0cf4.jpg\" \/><\/figure>\n<figure class=\"image\"><img decoding=\"async\" src=\"https:\/\/ae01.alicdn.com\/kf\/H2efb2bff1aeb4ea4a388ef72a84e4c48D.jpg\" \/><\/figure>\n<p>&nbsp;<\/p>\n<figure class=\"image\"><img decoding=\"async\" src=\"https:\/\/ae01.alicdn.com\/kf\/H2a6e3ecb347b4e1f95c4eb32dee37e97r.jpg\" \/><\/figure>\n<figure class=\"image\"><img decoding=\"async\" src=\"https:\/\/ae01.alicdn.com\/kf\/H3c6ccdc7d1824e108770ddaaaad2e6858.jpg\" \/><\/figure>\n<figure class=\"image\"><img decoding=\"async\" src=\"https:\/\/ae01.alicdn.com\/kf\/H7fd9a279910345f7833fc789b33ee3be7.jpg\" \/><\/figure>\n<figure class=\"image\"><img decoding=\"async\" src=\"https:\/\/ae01.alicdn.com\/kf\/H220190f272da457c90a6ebc4d33c9461w.jpg\" \/><\/figure>\n<figure class=\"image\"><img decoding=\"async\" src=\"https:\/\/ae01.alicdn.com\/kf\/Hb0feee4b2c814c34b5d88f49a5fa1c50v.jpg\" \/><\/figure>\n<figure class=\"image\"><img decoding=\"async\" src=\"https:\/\/ae01.alicdn.com\/kf\/H052a4890d5bd440c9e196cd3d80a368b8.jpg\" \/><\/figure>\n<p>&nbsp;<\/p>\n<figure class=\"image\"><img decoding=\"async\" src=\"https:\/\/ae01.alicdn.com\/kf\/Hba0b9eeee77640d3910200a6b70f08aar.jpg\" \/><\/figure>\n<figure class=\"image\"><img decoding=\"async\" src=\"https:\/\/ae01.alicdn.com\/kf\/H6c0221426a0b41d19bd7d9b1712d391bH.jpg\" \/><\/figure>\n<figure class=\"image\"><img decoding=\"async\" src=\"https:\/\/ae01.alicdn.com\/kf\/H069e93f1cbf04eafab9f687ed66b010eo.jpg\" \/><\/figure>\n<p>&nbsp;<\/p>\n<p>&nbsp;<\/p>\n","protected":false},"excerpt":{"rendered":"<p>CONJUNTO 5 PE\u00c7AS SEM COSTURA BELLA Conjunto maravilhoso composto por 5 pe\u00e7as, sendo: Top &#8211; Cropped &#8211; Cropped manga comprida &#8211; Short &#8211; Legging Tecido sem costura, alta respirabilidade, alta elasticidade Short e Legging com cintura alta, efetuando uma leve compress\u00e3o na barriga, deixando sua silhueta mais definida Top com bojo remov\u00edvel Cropped manga comprida [&hellip;]<\/p>\n","protected":false},"featured_media":5383,"comment_status":"open","ping_status":"closed","template":"","meta":[],"product_brand":[],"product_cat":[25,231],"product_tag":[],"class_list":{"0":"post-5384","1":"product","2":"type-product","3":"status-publish","4":"has-post-thumbnail","6":"product_cat-comjuntos","7":"product_cat-promocoes","9":"first","10":"instock","11":"sale","12":"shipping-taxable","13":"purchasable","14":"product-type-variable"},"_links":{"self":[{"href":"https:\/\/lottustech.com\/bella\/wp-json\/wp\/v2\/product\/5384","targetHints":{"allow":["GET"]}}],"collection":[{"href":"https:\/\/lottustech.com\/bella\/wp-json\/wp\/v2\/product"}],"about":[{"href":"https:\/\/lottustech.com\/bella\/wp-json\/wp\/v2\/types\/product"}],"replies":[{"embeddable":true,"href":"https:\/\/lottustech.com\/bella\/wp-json\/wp\/v2\/comments?post=5384"}],"wp:featuredmedia":[{"embeddable":true,"href":"https:\/\/lottustech.com\/bella\/wp-json\/wp\/v2\/media\/5383"}],"wp:attachment":[{"href":"https:\/\/lottustech.com\/bella\/wp-json\/wp\/v2\/media?parent=5384"}],"wp:term":[{"taxonomy":"product_brand","embeddable":true,"href":"https:\/\/lottustech.com\/bella\/wp-json\/wp\/v2\/product_brand?post=5384"},{"taxonomy":"product_cat","embeddable":true,"href":"https:\/\/lottustech.com\/bella\/wp-json\/wp\/v2\/product_cat?post=5384"},{"taxonomy":"product_tag","embeddable":true,"href":"https:\/\/lottustech.com\/bella\/wp-json\/wp\/v2\/product_tag?post=5384"}],"curies":[{"name":"wp","href":"https:\/\/api.w.org\/{rel}","templated":true}]}}