{"id":5203,"date":"2021-11-30T19:17:38","date_gmt":"2021-11-30T22:17:38","guid":{"rendered":"https:\/\/lottustech.com\/bella\/produto\/conjunto-3-pecas-anti-cellulite-sem-costura\/"},"modified":"2023-01-09T10:33:51","modified_gmt":"2023-01-09T13:33:51","slug":"conjunto-3-pecas-anti-cellulite-sem-costura","status":"publish","type":"product","link":"https:\/\/lottustech.com\/bella\/produto\/conjunto-3-pecas-anti-cellulite-sem-costura\/","title":{"rendered":"Conjunto 3 pe\u00e7as Anti Cellulite sem Costura"},"content":{"rendered":"<h4><strong>CONJUNTO 3 PE\u00c7AS ANTI CELULITE SEM COSTURA<\/strong><\/h4>\n<p>Lindo conjunto composto por top com bojo, short e legging, ambos sem costura.<\/p>\n<p>Tecido muito confort\u00e1vel, n\u00e3o \u00e9 transparente, disfar\u00e7a as celulites.<\/p>\n<p>Tecido com alta respirabilidade e elasticidade, secagem r\u00e1pida.<\/p>\n<p>Short e Legging com efeito push up, deixando seu bum bum mais bonito!<\/p>\n<figure class=\"table\">\n<table>\n<tbody>\n<tr>\n<td colspan=\"4\">Legging<\/td>\n<\/tr>\n<tr>\n<td rowspan=\"2\">Tamanho<\/td>\n<td>Cintura<\/td>\n<td>Quadril<\/td>\n<td>Comprimento<\/td>\n<\/tr>\n<tr>\n<td>CM<\/td>\n<td>CM<\/td>\n<td>CM<\/td>\n<\/tr>\n<tr>\n<td>S (P)<\/td>\n<td>58-68<\/td>\n<td>76-86<\/td>\n<td>88<\/td>\n<\/tr>\n<tr>\n<td>M<\/td>\n<td>62-72<\/td>\n<td>80-90<\/td>\n<td>89<\/td>\n<\/tr>\n<tr>\n<td>L (G)<\/td>\n<td>66-76<\/td>\n<td>84-94<\/td>\n<td>91<\/td>\n<\/tr>\n<tr>\n<td>XL (XG)<\/td>\n<td>70-80<\/td>\n<td>88-98<\/td>\n<td>93<\/td>\n<\/tr>\n<\/tbody>\n<\/table>\n<\/figure>\n<figure class=\"table\">\n<table>\n<tbody>\n<tr>\n<td colspan=\"4\">Short<\/td>\n<\/tr>\n<tr>\n<td rowspan=\"2\">Tamanho<\/td>\n<td>Citura<\/td>\n<td>Quadril<\/td>\n<td>Comprimento<\/td>\n<\/tr>\n<tr>\n<td>CM<\/td>\n<td>CM<\/td>\n<td>CM<\/td>\n<\/tr>\n<tr>\n<td>S<\/td>\n<td>58-68<\/td>\n<td>76-86<\/td>\n<td>32<\/td>\n<\/tr>\n<tr>\n<td>M<\/td>\n<td>62-72<\/td>\n<td>80-90<\/td>\n<td>33<\/td>\n<\/tr>\n<tr>\n<td>L<\/td>\n<td>66-76<\/td>\n<td>84-94<\/td>\n<td>35<\/td>\n<\/tr>\n<tr>\n<td>XL<\/td>\n<td>70-80<\/td>\n<td>88-98<\/td>\n<td>36<\/td>\n<\/tr>\n<\/tbody>\n<\/table>\n<\/figure>\n<figure class=\"table\">\n<table>\n<tbody>\n<tr>\n<td colspan=\"3\">Top<\/td>\n<\/tr>\n<tr>\n<td rowspan=\"2\">Tamanho<\/td>\n<td>Busto<\/td>\n<td>Comprimento<\/td>\n<\/tr>\n<tr>\n<td>CM<\/td>\n<td>CM<\/td>\n<\/tr>\n<tr>\n<td>S (P)<\/td>\n<td>73-83<\/td>\n<td>33.5<\/td>\n<\/tr>\n<tr>\n<td>M<\/td>\n<td>77-87<\/td>\n<td>34.5<\/td>\n<\/tr>\n<tr>\n<td>L (G)<\/td>\n<td>81-91<\/td>\n<td>35.5<\/td>\n<\/tr>\n<tr>\n<td>XL (XG)<\/td>\n<td>85-95<\/td>\n<td>36<\/td>\n<\/tr>\n<\/tbody>\n<\/table>\n<\/figure>\n<p>\u2022Devido a diferen\u00e7a de tipos de monitores e ilumina\u00e7\u00e3o, a cor poder\u00e1 ser um pouco diferente da imagem.<\/p>\n<p>\u2022Por favor considere uma diferen\u00e7a de 1 a 3 cent\u00edmetros devido a medi\u00e7\u00e3o manual e elasticidade do tecido.<\/p>\n<p>&nbsp;<\/p>\n<figure class=\"image\"><img decoding=\"async\" src=\"https:\/\/ae01.alicdn.com\/kf\/H047dc11cf94344fcb717ecb072d5e90aY.jpg\" \/><\/figure>\n<p>&nbsp;<\/p>\n<figure class=\"image\"><img decoding=\"async\" src=\"https:\/\/ae01.alicdn.com\/kf\/H9ed3c51dc9ba40aa8b21d5d9a8842dc9z.jpg\" \/><\/figure>\n<p>&nbsp;<\/p>\n<figure class=\"image\"><img decoding=\"async\" src=\"https:\/\/ae01.alicdn.com\/kf\/H4dc13f36951a44c3ac6c6b1b08892adcN.jpg\" \/><\/figure>\n<figure class=\"image\"><img decoding=\"async\" src=\"https:\/\/ae01.alicdn.com\/kf\/H4f9545acaeee4e59a8fb2a63f226f2edu.jpg\" \/><\/figure>\n<p>&nbsp;<\/p>\n<figure class=\"image\"><img decoding=\"async\" src=\"https:\/\/ae01.alicdn.com\/kf\/Hc1ff39566c344060847f0c158010063be.jpg\" \/><\/figure>\n<p>&nbsp;<\/p>\n<figure class=\"image\"><img decoding=\"async\" src=\"https:\/\/ae01.alicdn.com\/kf\/H440f07b3d6b649ecaadc9a78e2cd5a70w.jpg\" \/><\/figure>\n<p>&nbsp;<\/p>\n<figure class=\"image\"><img decoding=\"async\" src=\"https:\/\/ae01.alicdn.com\/kf\/Ha8205be9d4ba48ad8cf9d3a4719c8e430.jpg\" \/><\/figure>\n<p>&nbsp;<\/p>\n<figure class=\"image\"><img decoding=\"async\" src=\"https:\/\/ae01.alicdn.com\/kf\/H818b11308b1b46d2b16be2539dd39707K.jpg\" \/><\/figure>\n<p>&nbsp;<\/p>\n<figure class=\"image\"><img decoding=\"async\" src=\"https:\/\/ae01.alicdn.com\/kf\/He6dc4e7e1cdf4bd2af05cc40659c9df04.jpg\" \/><\/figure>\n<p>&nbsp;<\/p>\n<figure class=\"image\"><img decoding=\"async\" src=\"https:\/\/ae01.alicdn.com\/kf\/Hecb31c8661944262aa491c90d50db046w.jpg\" \/><\/figure>\n<p>&nbsp;<\/p>\n<figure class=\"image\"><img decoding=\"async\" src=\"https:\/\/ae01.alicdn.com\/kf\/Hfe7508a05fe641ac9a311acec4b5421ex.jpg\" \/><\/figure>\n<p>&nbsp;<\/p>\n<figure class=\"image\"><img decoding=\"async\" src=\"https:\/\/ae01.alicdn.com\/kf\/H5e81b4fe857746e2988592c991bba1488.jpg\" \/><\/figure>\n<p>&nbsp;<\/p>\n<figure class=\"image\"><img decoding=\"async\" src=\"https:\/\/ae01.alicdn.com\/kf\/H82a505109f5e4384a77439a3985bf0d4k.jpg\" \/><\/figure>\n<p>&nbsp;<\/p>\n<figure class=\"image\"><img decoding=\"async\" src=\"https:\/\/ae01.alicdn.com\/kf\/H2f43644be0004b91a5e84b62059c05191.jpg\" \/><\/figure>\n<p>&nbsp;<\/p>\n<figure class=\"image\"><img decoding=\"async\" src=\"https:\/\/ae01.alicdn.com\/kf\/Hb18e57eca5234da791b920bf9179d323w.jpg\" \/><\/figure>\n<p>&nbsp;<\/p>\n<figure class=\"image\"><img decoding=\"async\" src=\"https:\/\/ae01.alicdn.com\/kf\/H1ba9b59c70974dc88d1f403ea6cbf936e.jpg\" \/><\/figure>\n<p>&nbsp;<\/p>\n<figure class=\"image\"><img decoding=\"async\" src=\"https:\/\/ae01.alicdn.com\/kf\/H001fd311e0df4551a4b0afe82b748bc4n.jpg\" \/><\/figure>\n<figure class=\"image\"><img decoding=\"async\" src=\"https:\/\/ae01.alicdn.com\/kf\/H83d014c192f448d7b429f7c4baafcefcm.jpg\" \/><\/figure>\n<p>&nbsp;<\/p>\n<p>&nbsp;<\/p>\n","protected":false},"excerpt":{"rendered":"<p>CONJUNTO 3 PE\u00c7AS ANTI CELULITE SEM COSTURA Lindo conjunto composto por top com bojo, short e legging, ambos sem costura. Tecido muito confort\u00e1vel, n\u00e3o \u00e9 transparente, disfar\u00e7a as celulites. Tecido com alta respirabilidade e elasticidade, secagem r\u00e1pida. Short e Legging com efeito push up, deixando seu bum bum mais bonito! Legging Tamanho Cintura Quadril Comprimento [&hellip;]<\/p>\n","protected":false},"featured_media":5202,"comment_status":"open","ping_status":"closed","template":"","meta":[],"product_brand":[],"product_cat":[25,231],"product_tag":[],"class_list":{"0":"post-5203","1":"product","2":"type-product","3":"status-publish","4":"has-post-thumbnail","6":"product_cat-comjuntos","7":"product_cat-promocoes","9":"first","10":"instock","11":"sale","12":"shipping-taxable","13":"purchasable","14":"product-type-variable"},"_links":{"self":[{"href":"https:\/\/lottustech.com\/bella\/wp-json\/wp\/v2\/product\/5203","targetHints":{"allow":["GET"]}}],"collection":[{"href":"https:\/\/lottustech.com\/bella\/wp-json\/wp\/v2\/product"}],"about":[{"href":"https:\/\/lottustech.com\/bella\/wp-json\/wp\/v2\/types\/product"}],"replies":[{"embeddable":true,"href":"https:\/\/lottustech.com\/bella\/wp-json\/wp\/v2\/comments?post=5203"}],"wp:featuredmedia":[{"embeddable":true,"href":"https:\/\/lottustech.com\/bella\/wp-json\/wp\/v2\/media\/5202"}],"wp:attachment":[{"href":"https:\/\/lottustech.com\/bella\/wp-json\/wp\/v2\/media?parent=5203"}],"wp:term":[{"taxonomy":"product_brand","embeddable":true,"href":"https:\/\/lottustech.com\/bella\/wp-json\/wp\/v2\/product_brand?post=5203"},{"taxonomy":"product_cat","embeddable":true,"href":"https:\/\/lottustech.com\/bella\/wp-json\/wp\/v2\/product_cat?post=5203"},{"taxonomy":"product_tag","embeddable":true,"href":"https:\/\/lottustech.com\/bella\/wp-json\/wp\/v2\/product_tag?post=5203"}],"curies":[{"name":"wp","href":"https:\/\/api.w.org\/{rel}","templated":true}]}}