{"id":5183,"date":"2021-11-30T14:04:11","date_gmt":"2021-11-30T17:04:11","guid":{"rendered":"https:\/\/lottustech.com\/bella\/produto\/conjunto-top-e-legging-runner\/"},"modified":"2023-01-09T10:33:35","modified_gmt":"2023-01-09T13:33:35","slug":"conjunto-top-e-legging-runner","status":"publish","type":"product","link":"https:\/\/lottustech.com\/bella\/produto\/conjunto-top-e-legging-runner\/","title":{"rendered":"Conjunto Top e Legging Runner"},"content":{"rendered":"<h4><strong>CONJUNTO TOP E LEGGING RUNNER<\/strong><\/h4>\n<p>Lindo conjunto composto por top e legging cintura alta ambos em nylon sem costura.<\/p>\n<p>Material super confort\u00e1vel, com alta respirabilidade e elasticidade!<\/p>\n<figure class=\"table\">\n<table>\n<tbody>\n<tr>\n<td>Tamanho<\/td>\n<td>Busto (CM)<\/td>\n<td>Abaixo Busto (CM)<\/td>\n<td>Legging Comprimento (CM)<\/td>\n<\/tr>\n<tr>\n<td>S (P)<\/td>\n<td>80-85<\/td>\n<td>70<\/td>\n<td>73<\/td>\n<\/tr>\n<tr>\n<td>M<\/td>\n<td>85-90<\/td>\n<td>75<\/td>\n<td>73<\/td>\n<\/tr>\n<tr>\n<td>L (G)<\/td>\n<td>90-95<\/td>\n<td>80<\/td>\n<td>73<\/td>\n<\/tr>\n<\/tbody>\n<\/table>\n<\/figure>\n<p>\u2022Devido a diferen\u00e7a de tipos de monitores e ilumina\u00e7\u00e3o, a cor poder\u00e1 ser um pouco diferente da imagem.<\/p>\n<p>\u2022Por favor considere uma diferen\u00e7a de 1 a 3 cent\u00edmetros devido a medi\u00e7\u00e3o manual e elasticidade do tecido.<\/p>\n<p>&nbsp;<\/p>\n<figure class=\"image\"><img decoding=\"async\" src=\"https:\/\/ae01.alicdn.com\/kf\/H81343b7f7e1240039b42a2943250b8c8f.jpg\" \/><\/figure>\n<figure class=\"image\"><img decoding=\"async\" src=\"https:\/\/ae01.alicdn.com\/kf\/Haa767e4c8f8f4f1f96d9671b102171450.jpg\" \/><\/figure>\n<figure class=\"image\"><img decoding=\"async\" src=\"https:\/\/ae01.alicdn.com\/kf\/H2e1bef12978446c1b062f6e62dda5a7eP.jpg\" \/><\/figure>\n<figure class=\"image\"><img decoding=\"async\" src=\"https:\/\/ae01.alicdn.com\/kf\/H200bed0def244c0d80cca860e8dd1fbet.jpg\" \/><\/figure>\n<figure class=\"image\"><img decoding=\"async\" src=\"https:\/\/ae01.alicdn.com\/kf\/H47cad3c8a80148a3afd3f9013f979785r.jpg\" \/><\/figure>\n<figure class=\"image\"><img decoding=\"async\" src=\"https:\/\/ae01.alicdn.com\/kf\/Hf6f34478fda14d818d10d49dd030014ec.jpg\" \/><\/figure>\n<figure class=\"image\"><img decoding=\"async\" src=\"https:\/\/ae01.alicdn.com\/kf\/H0c3890e833904906b57e97affda4fc6dw.jpg\" \/><\/figure>\n<p>&nbsp;<\/p>\n<p>&nbsp;<\/p>\n<p>&nbsp;<\/p>\n","protected":false},"excerpt":{"rendered":"<p>CONJUNTO TOP E LEGGING RUNNER Lindo conjunto composto por top e legging cintura alta ambos em nylon sem costura. Material super confort\u00e1vel, com alta respirabilidade e elasticidade! Tamanho Busto (CM) Abaixo Busto (CM) Legging Comprimento (CM) S (P) 80-85 70 73 M 85-90 75 73 L (G) 90-95 80 73 \u2022Devido a diferen\u00e7a de tipos [&hellip;]<\/p>\n","protected":false},"featured_media":5182,"comment_status":"open","ping_status":"closed","template":"","meta":[],"product_brand":[],"product_cat":[25,231],"product_tag":[],"class_list":{"0":"post-5183","1":"product","2":"type-product","3":"status-publish","4":"has-post-thumbnail","6":"product_cat-comjuntos","7":"product_cat-promocoes","9":"first","10":"instock","11":"sale","12":"shipping-taxable","13":"purchasable","14":"product-type-variable"},"_links":{"self":[{"href":"https:\/\/lottustech.com\/bella\/wp-json\/wp\/v2\/product\/5183","targetHints":{"allow":["GET"]}}],"collection":[{"href":"https:\/\/lottustech.com\/bella\/wp-json\/wp\/v2\/product"}],"about":[{"href":"https:\/\/lottustech.com\/bella\/wp-json\/wp\/v2\/types\/product"}],"replies":[{"embeddable":true,"href":"https:\/\/lottustech.com\/bella\/wp-json\/wp\/v2\/comments?post=5183"}],"wp:featuredmedia":[{"embeddable":true,"href":"https:\/\/lottustech.com\/bella\/wp-json\/wp\/v2\/media\/5182"}],"wp:attachment":[{"href":"https:\/\/lottustech.com\/bella\/wp-json\/wp\/v2\/media?parent=5183"}],"wp:term":[{"taxonomy":"product_brand","embeddable":true,"href":"https:\/\/lottustech.com\/bella\/wp-json\/wp\/v2\/product_brand?post=5183"},{"taxonomy":"product_cat","embeddable":true,"href":"https:\/\/lottustech.com\/bella\/wp-json\/wp\/v2\/product_cat?post=5183"},{"taxonomy":"product_tag","embeddable":true,"href":"https:\/\/lottustech.com\/bella\/wp-json\/wp\/v2\/product_tag?post=5183"}],"curies":[{"name":"wp","href":"https:\/\/api.w.org\/{rel}","templated":true}]}}