{"id":5149,"date":"2021-11-30T13:38:18","date_gmt":"2021-11-30T16:38:18","guid":{"rendered":"https:\/\/lottustech.com\/bella\/produto\/conjunto-top-e-legging-tie-dye\/"},"modified":"2023-01-09T10:33:07","modified_gmt":"2023-01-09T13:33:07","slug":"conjunto-top-e-legging-tie-dye","status":"publish","type":"product","link":"https:\/\/lottustech.com\/bella\/produto\/conjunto-top-e-legging-tie-dye\/","title":{"rendered":"Conjunto Top e Legging Tie Dye"},"content":{"rendered":"<h4><strong>CONJUNTO TOP E LEGGING TIE DYE<\/strong><\/h4>\n<p>Lindo conjunto composto por Top com detalhe tran\u00e7ado nas \u00a0costas e Legging sem costura e cintura alta.<\/p>\n<p>Tecido maravilhoso, super confort\u00e1vel, ideal para a pr\u00e1tica de qualquer esporte, ioga, corrida, muscula\u00e7\u00e3o entre outros!<\/p>\n<p>Top com bojo remov\u00edvel!<\/p>\n<p>Legging efeito Push Up! Seu bum bum mais desenhado!<\/p>\n<p>Tecido com alta respirabilidade e elasticidade! N\u00e3o \u00e9 transparente, voc\u00ea super confort\u00e1vel!<\/p>\n<p>V\u00e1rias cores para voc\u00ea arrasar e se sentir mais linda!<\/p>\n<figure class=\"table\">\n<table>\n<tbody>\n<tr>\n<td>Tamanho Top<\/td>\n<td>Busto (CM)<\/td>\n<td>Abaixo Busto (CM)<\/td>\n<td>Lateral (CM)<\/td>\n<td>Bainha (CM)<\/td>\n<\/tr>\n<tr>\n<td>S (P)<\/td>\n<td>64<\/td>\n<td>61<\/td>\n<td>12<\/td>\n<td>4<\/td>\n<\/tr>\n<tr>\n<td>M<\/td>\n<td>68<\/td>\n<td>65<\/td>\n<td>12,5<\/td>\n<td>4<\/td>\n<\/tr>\n<tr>\n<td>L (G)<\/td>\n<td>72<\/td>\n<td>69<\/td>\n<td>13<\/td>\n<td>4<\/td>\n<\/tr>\n<\/tbody>\n<\/table>\n<\/figure>\n<figure class=\"table\">\n<table>\n<tbody>\n<tr>\n<td>Tamanho Legging<\/td>\n<td>Cintura (CM)<\/td>\n<td>C\u00f3s Cintura (CM)<\/td>\n<td>Quadril (CM)<\/td>\n<td>Comprimento (CM)<\/td>\n<\/tr>\n<tr>\n<td>S (P)<\/td>\n<td>57<\/td>\n<td>8,5<\/td>\n<td>67<\/td>\n<td>82<\/td>\n<\/tr>\n<tr>\n<td>M<\/td>\n<td>61<\/td>\n<td>8,5<\/td>\n<td>71<\/td>\n<td>84<\/td>\n<\/tr>\n<tr>\n<td>L (G)<\/td>\n<td>65<\/td>\n<td>8,5<\/td>\n<td>75<\/td>\n<td>86<\/td>\n<\/tr>\n<\/tbody>\n<\/table>\n<\/figure>\n<p>\u2022Devido a diferen\u00e7a de tipos de monitores e ilumina\u00e7\u00e3o, a cor poder\u00e1 ser um pouco diferente da imagem.<\/p>\n<p>\u2022Por favor considere uma diferen\u00e7a de 1 a 3 cent\u00edmetros devido a medi\u00e7\u00e3o manual e elasticidade do tecido.<\/p>\n<p>&nbsp;<\/p>\n<figure class=\"image\"><img decoding=\"async\" src=\"https:\/\/ae01.alicdn.com\/kf\/H8fd81f937c3c45b79702f33e7ee0704eV.jpg\" \/><\/figure>\n<p>&nbsp;<\/p>\n<figure class=\"image\"><img decoding=\"async\" src=\"https:\/\/ae01.alicdn.com\/kf\/H263804f57f9a4a25b37d8096b7803da6U.jpg\" \/><\/figure>\n<figure class=\"image\"><img decoding=\"async\" src=\"https:\/\/ae01.alicdn.com\/kf\/Hf84010eff9364141b60acc1b542bbc22M.jpg\" \/><\/figure>\n<figure class=\"image\"><img decoding=\"async\" src=\"https:\/\/ae01.alicdn.com\/kf\/H07710e3385e448b5a40817b9770595a3s.jpg\" \/><\/figure>\n<p>&nbsp;<\/p>\n<figure class=\"image\"><img decoding=\"async\" src=\"https:\/\/ae01.alicdn.com\/kf\/H4c4b667ac1d147b4b6c30c8cd46ae205W.jpg\" \/><\/figure>\n<figure class=\"image\"><img decoding=\"async\" src=\"https:\/\/ae01.alicdn.com\/kf\/Hfdbcd241e06944f0ab86e961ed004e710.jpg\" \/><\/figure>\n<p>&nbsp;<\/p>\n<p>&nbsp;<\/p>\n<p>&nbsp;<\/p>\n<figure class=\"image\"><img decoding=\"async\" src=\"https:\/\/ae01.alicdn.com\/kf\/He902219f6b11453ea7d1d55f00996f8eL.jpg\" \/><\/figure>\n<figure class=\"image\"><img decoding=\"async\" src=\"https:\/\/ae01.alicdn.com\/kf\/H48a5e7658208422fbaff4b17f65a15fbH.jpg\" \/><\/figure>\n<figure class=\"image\"><img decoding=\"async\" src=\"https:\/\/ae01.alicdn.com\/kf\/H412f336b3c8d45ada1474acd9397ad06D.jpg\" \/><\/figure>\n<figure class=\"image\"><img decoding=\"async\" src=\"https:\/\/ae01.alicdn.com\/kf\/Hb7f8507d0cb64a37b55cf28fe354888ey.jpg\" \/><\/figure>\n<figure class=\"image\"><img decoding=\"async\" src=\"https:\/\/ae01.alicdn.com\/kf\/H52387eae8d22490dabe41dd5ae876af3M.jpg\" \/><\/figure>\n<figure class=\"image\"><img decoding=\"async\" src=\"https:\/\/ae01.alicdn.com\/kf\/H471558e539f94722a737ca8719ccb30a4.jpg\" \/><\/figure>\n<p>&nbsp;<\/p>\n<p>&nbsp;<\/p>\n<figure class=\"image\"><img decoding=\"async\" src=\"https:\/\/ae01.alicdn.com\/kf\/H3c2ef4cd60044f33967dd53dc397536fo.jpg\" \/><\/figure>\n<figure class=\"image\"><img decoding=\"async\" src=\"https:\/\/ae01.alicdn.com\/kf\/Ha4485450ae1c4bc19200fcbf65d25725g.jpg\" \/><\/figure>\n<p>&nbsp;<\/p>\n<p>&nbsp;<\/p>\n","protected":false},"excerpt":{"rendered":"<p>CONJUNTO TOP E LEGGING TIE DYE Lindo conjunto composto por Top com detalhe tran\u00e7ado nas \u00a0costas e Legging sem costura e cintura alta. Tecido maravilhoso, super confort\u00e1vel, ideal para a pr\u00e1tica de qualquer esporte, ioga, corrida, muscula\u00e7\u00e3o entre outros! Top com bojo remov\u00edvel! Legging efeito Push Up! Seu bum bum mais desenhado! Tecido com alta [&hellip;]<\/p>\n","protected":false},"featured_media":5148,"comment_status":"open","ping_status":"closed","template":"","meta":[],"product_brand":[],"product_cat":[25,231],"product_tag":[],"class_list":{"0":"post-5149","1":"product","2":"type-product","3":"status-publish","4":"has-post-thumbnail","6":"product_cat-comjuntos","7":"product_cat-promocoes","9":"first","10":"instock","11":"sale","12":"shipping-taxable","13":"purchasable","14":"product-type-variable"},"_links":{"self":[{"href":"https:\/\/lottustech.com\/bella\/wp-json\/wp\/v2\/product\/5149","targetHints":{"allow":["GET"]}}],"collection":[{"href":"https:\/\/lottustech.com\/bella\/wp-json\/wp\/v2\/product"}],"about":[{"href":"https:\/\/lottustech.com\/bella\/wp-json\/wp\/v2\/types\/product"}],"replies":[{"embeddable":true,"href":"https:\/\/lottustech.com\/bella\/wp-json\/wp\/v2\/comments?post=5149"}],"wp:featuredmedia":[{"embeddable":true,"href":"https:\/\/lottustech.com\/bella\/wp-json\/wp\/v2\/media\/5148"}],"wp:attachment":[{"href":"https:\/\/lottustech.com\/bella\/wp-json\/wp\/v2\/media?parent=5149"}],"wp:term":[{"taxonomy":"product_brand","embeddable":true,"href":"https:\/\/lottustech.com\/bella\/wp-json\/wp\/v2\/product_brand?post=5149"},{"taxonomy":"product_cat","embeddable":true,"href":"https:\/\/lottustech.com\/bella\/wp-json\/wp\/v2\/product_cat?post=5149"},{"taxonomy":"product_tag","embeddable":true,"href":"https:\/\/lottustech.com\/bella\/wp-json\/wp\/v2\/product_tag?post=5149"}],"curies":[{"name":"wp","href":"https:\/\/api.w.org\/{rel}","templated":true}]}}