{"id":5108,"date":"2021-11-30T12:50:40","date_gmt":"2021-11-30T15:50:40","guid":{"rendered":"https:\/\/lottustech.com\/bella\/produto\/conjunto-cropped-e-legging-tie-dye\/"},"modified":"2023-01-09T10:32:52","modified_gmt":"2023-01-09T13:32:52","slug":"conjunto-cropped-e-legging-tie-dye","status":"publish","type":"product","link":"https:\/\/lottustech.com\/bella\/produto\/conjunto-cropped-e-legging-tie-dye\/","title":{"rendered":"Conjunto Cropped e Legging Tie Dye"},"content":{"rendered":"<h4><strong>CONJUNTO CROPPED E LEGGING TIE DYE<\/strong><\/h4>\n<p>Lindo conjunto composto por Cropped de manga comprida com detalhes abertos nas \u00a0costas e Legging sem costura e cintura alta.<\/p>\n<p>Tecido maravilhoso, super confort\u00e1vel, ideal para a pr\u00e1tica de qualquer esporte, ioga, corrida, muscula\u00e7\u00e3o entre outros!<\/p>\n<p>Legging efeito Push Up! Seu bum bum mais desenhado!<\/p>\n<p>Tecido com alta respirabilidade e elasticidade!<\/p>\n<p>V\u00e1rias cores para voc\u00ea arrasar e se sentir mais linda!<\/p>\n<figure class=\"table\">\n<table>\n<tbody>\n<tr>\n<td>Tamanho Cropped<\/td>\n<td>Busto (CM)<\/td>\n<td>Abaixo Busto (CM)<\/td>\n<td>Comprimento (CM)<\/td>\n<\/tr>\n<tr>\n<td>S (P)<\/td>\n<td>68<\/td>\n<td>60<\/td>\n<td>35<\/td>\n<\/tr>\n<tr>\n<td>M<\/td>\n<td>72<\/td>\n<td>64<\/td>\n<td>38<\/td>\n<\/tr>\n<tr>\n<td>L (G)<\/td>\n<td>76<\/td>\n<td>68<\/td>\n<td>41<\/td>\n<\/tr>\n<\/tbody>\n<\/table>\n<\/figure>\n<figure class=\"table\">\n<table>\n<tbody>\n<tr>\n<td>Tamanho Legging<\/td>\n<td>Cintura (CM)<\/td>\n<td>C\u00f3s Cintura (CM)<\/td>\n<td>Quadril (CM)<\/td>\n<td>Comprimento (CM)<\/td>\n<\/tr>\n<tr>\n<td>S (P)<\/td>\n<td>57<\/td>\n<td>8,5<\/td>\n<td>67<\/td>\n<td>82<\/td>\n<\/tr>\n<tr>\n<td>M<\/td>\n<td>61<\/td>\n<td>8,5<\/td>\n<td>71<\/td>\n<td>84<\/td>\n<\/tr>\n<tr>\n<td>L (G)<\/td>\n<td>65<\/td>\n<td>8,5<\/td>\n<td>75<\/td>\n<td>86<\/td>\n<\/tr>\n<\/tbody>\n<\/table>\n<\/figure>\n<p>\u2022Devido a diferen\u00e7a de tipos de monitores e ilumina\u00e7\u00e3o, a cor poder\u00e1 ser um pouco diferente da imagem.<\/p>\n<p>\u2022Por favor considere uma diferen\u00e7a de 1 a 3 cent\u00edmetros devido a medi\u00e7\u00e3o manual e elasticidade do tecido.<\/p>\n<figure class=\"image\"><img decoding=\"async\" src=\"https:\/\/ae01.alicdn.com\/kf\/Hd8bbc5ffb6df4b9c8d781eeab4172d05f.jpg\" \/><\/figure>\n<p>&nbsp;<\/p>\n<p>&nbsp;<\/p>\n<figure class=\"image\"><img decoding=\"async\" src=\"https:\/\/ae01.alicdn.com\/kf\/Hf64e643684ab44199677100086c603452.jpg\" \/><\/figure>\n<figure class=\"image\"><img decoding=\"async\" src=\"https:\/\/ae01.alicdn.com\/kf\/He598ba6d998d4bf3b7404e0d27029c75C.jpg\" \/><\/figure>\n<figure class=\"image\"><img decoding=\"async\" src=\"https:\/\/ae01.alicdn.com\/kf\/H56b32aa0fe894a87a8fefb175e5b22d56.jpg\" \/><\/figure>\n<figure class=\"image\"><img decoding=\"async\" src=\"https:\/\/ae01.alicdn.com\/kf\/H727fa002787b46dea44119873ecc5f5bz.jpg\" \/><\/figure>\n<figure class=\"image\"><img decoding=\"async\" src=\"https:\/\/ae01.alicdn.com\/kf\/H101907fa5e17439f954ce14ca23e3b24z.jpg\" \/><\/figure>\n<figure class=\"image\"><img decoding=\"async\" src=\"https:\/\/ae01.alicdn.com\/kf\/Hab154d9753ce4921aae7121f34d5204cf.jpg\" \/><\/figure>\n<figure class=\"image\"><img decoding=\"async\" src=\"https:\/\/ae01.alicdn.com\/kf\/H4d8a90818f524ac4a59ed13ae568c0cfU.jpg\" \/><\/figure>\n<figure class=\"image\"><img decoding=\"async\" src=\"https:\/\/ae01.alicdn.com\/kf\/Hfa665781629c40688c4cc09962085ef6z.jpg\" \/><\/figure>\n<figure class=\"image\"><img decoding=\"async\" src=\"https:\/\/ae01.alicdn.com\/kf\/H308e325e07d94a5a95339cd5de0dcba8R.jpg\" \/><\/figure>\n<p>&nbsp;<\/p>\n<p>&nbsp;<\/p>\n<p>&nbsp;<\/p>\n","protected":false},"excerpt":{"rendered":"<p>CONJUNTO CROPPED E LEGGING TIE DYE Lindo conjunto composto por Cropped de manga comprida com detalhes abertos nas \u00a0costas e Legging sem costura e cintura alta. Tecido maravilhoso, super confort\u00e1vel, ideal para a pr\u00e1tica de qualquer esporte, ioga, corrida, muscula\u00e7\u00e3o entre outros! Legging efeito Push Up! Seu bum bum mais desenhado! Tecido com alta respirabilidade [&hellip;]<\/p>\n","protected":false},"featured_media":5107,"comment_status":"open","ping_status":"closed","template":"","meta":[],"product_brand":[],"product_cat":[25,231],"product_tag":[],"class_list":{"0":"post-5108","1":"product","2":"type-product","3":"status-publish","4":"has-post-thumbnail","6":"product_cat-comjuntos","7":"product_cat-promocoes","9":"first","10":"instock","11":"sale","12":"shipping-taxable","13":"purchasable","14":"product-type-variable"},"_links":{"self":[{"href":"https:\/\/lottustech.com\/bella\/wp-json\/wp\/v2\/product\/5108","targetHints":{"allow":["GET"]}}],"collection":[{"href":"https:\/\/lottustech.com\/bella\/wp-json\/wp\/v2\/product"}],"about":[{"href":"https:\/\/lottustech.com\/bella\/wp-json\/wp\/v2\/types\/product"}],"replies":[{"embeddable":true,"href":"https:\/\/lottustech.com\/bella\/wp-json\/wp\/v2\/comments?post=5108"}],"wp:featuredmedia":[{"embeddable":true,"href":"https:\/\/lottustech.com\/bella\/wp-json\/wp\/v2\/media\/5107"}],"wp:attachment":[{"href":"https:\/\/lottustech.com\/bella\/wp-json\/wp\/v2\/media?parent=5108"}],"wp:term":[{"taxonomy":"product_brand","embeddable":true,"href":"https:\/\/lottustech.com\/bella\/wp-json\/wp\/v2\/product_brand?post=5108"},{"taxonomy":"product_cat","embeddable":true,"href":"https:\/\/lottustech.com\/bella\/wp-json\/wp\/v2\/product_cat?post=5108"},{"taxonomy":"product_tag","embeddable":true,"href":"https:\/\/lottustech.com\/bella\/wp-json\/wp\/v2\/product_tag?post=5108"}],"curies":[{"name":"wp","href":"https:\/\/api.w.org\/{rel}","templated":true}]}}