{"id":4821,"date":"2021-11-21T14:34:35","date_gmt":"2021-11-21T17:34:35","guid":{"rendered":"https:\/\/lottustech.com\/bella\/produto\/conjunto-top-ziper-e-calca-sem-costura\/"},"modified":"2023-01-09T10:32:17","modified_gmt":"2023-01-09T13:32:17","slug":"conjunto-top-ziper-e-calca-sem-costura","status":"publish","type":"product","link":"https:\/\/lottustech.com\/bella\/produto\/conjunto-top-ziper-e-calca-sem-costura\/","title":{"rendered":"Conjunto Top Z\u00edper e Legging Sem Costura"},"content":{"rendered":"<h4><strong>CONJUNTO TOP Z\u00cdPER E LEGGING SEM COSTURA<\/strong><\/h4>\n<p>Lindo conjunto Fitness composto por top com z\u00edper e cal\u00e7a legging sem costura.<\/p>\n<p>Top com z\u00edper e bojo remov\u00edvel. Legging cintura alta e cord\u00e3o.<\/p>\n<p>Excelete material, se ajusta ao corpo perfeitamente! Ideal para qualquer tipo de atividade f\u00edsica!<\/p>\n<p>&nbsp;<\/p>\n<figure class=\"table\">\n<table>\n<tbody>\n<tr>\n<td rowspan=\"2\">Tamanho Top<\/td>\n<td>Comprimento<\/td>\n<td>Peito<\/td>\n<td>Bainha<\/td>\n<\/tr>\n<tr>\n<td>cm<\/td>\n<td>cm<\/td>\n<td>cm<\/td>\n<\/tr>\n<tr>\n<td>S (P)<\/td>\n<td>30.5cm<\/td>\n<td>64cm<\/td>\n<td>62cm<\/td>\n<\/tr>\n<tr>\n<td>M<\/td>\n<td>32cm<\/td>\n<td>70cm<\/td>\n<td>66cm<\/td>\n<\/tr>\n<tr>\n<td>L (G)<\/td>\n<td>33.5cm<\/td>\n<td>74cm<\/td>\n<td>70cm<\/td>\n<\/tr>\n<\/tbody>\n<\/table>\n<\/figure>\n<p>&nbsp;<\/p>\n<figure class=\"table\">\n<table>\n<tbody>\n<tr>\n<td rowspan=\"2\">Tamanho Cal\u00e7a<\/td>\n<td>Comprimento<\/td>\n<td>Cintura<\/td>\n<td>Quadril<\/td>\n<\/tr>\n<tr>\n<td>cm<\/td>\n<td>cm<\/td>\n<td>cm<\/td>\n<\/tr>\n<tr>\n<td>S (P)<\/td>\n<td>82cm<\/td>\n<td>54cm<\/td>\n<td>66cm<\/td>\n<\/tr>\n<tr>\n<td>M<\/td>\n<td>84cm<\/td>\n<td>58cm<\/td>\n<td>70cm<\/td>\n<\/tr>\n<tr>\n<td>L (G)<\/td>\n<td>86cm<\/td>\n<td>62cm<\/td>\n<td>74cm<\/td>\n<\/tr>\n<\/tbody>\n<\/table>\n<\/figure>\n<p>&nbsp;<\/p>\n<figure class=\"image\"><img decoding=\"async\" src=\"https:\/\/ae01.alicdn.com\/kf\/H0ebe7847d4cc4bc69d9fef01f2bae33dF.jpg\" \/><\/figure>\n<p>&nbsp;<\/p>\n<figure class=\"image\"><img decoding=\"async\" src=\"https:\/\/ae01.alicdn.com\/kf\/Hda0f4a0e391a47b9bf972e2f934defd7s.jpg\" \/><\/figure>\n<p>&nbsp;<\/p>\n<figure class=\"image\"><img decoding=\"async\" src=\"https:\/\/ae01.alicdn.com\/kf\/H3d1df77b2caf4f3fb6deca866f7dd899v.jpg\" \/><\/figure>\n<p>&nbsp;<\/p>\n<figure class=\"image\"><img decoding=\"async\" src=\"https:\/\/ae01.alicdn.com\/kf\/H1bc03507e37b4f27a83a2899096def666.jpg\" \/><\/figure>\n<p>&nbsp;<\/p>\n<figure class=\"image\"><img decoding=\"async\" src=\"https:\/\/ae01.alicdn.com\/kf\/H5d75e791c5564392825e67c830158665j.jpg\" \/><\/figure>\n<p>&nbsp;<\/p>\n<p>&nbsp;<\/p>\n<p>&nbsp;<\/p>\n","protected":false},"excerpt":{"rendered":"<p>CONJUNTO TOP Z\u00cdPER E LEGGING SEM COSTURA Lindo conjunto Fitness composto por top com z\u00edper e cal\u00e7a legging sem costura. Top com z\u00edper e bojo remov\u00edvel. Legging cintura alta e cord\u00e3o. Excelete material, se ajusta ao corpo perfeitamente! Ideal para qualquer tipo de atividade f\u00edsica! &nbsp; Tamanho Top Comprimento Peito Bainha cm cm cm S [&hellip;]<\/p>\n","protected":false},"featured_media":4820,"comment_status":"open","ping_status":"closed","template":"","meta":[],"product_brand":[],"product_cat":[25,231],"product_tag":[],"class_list":{"0":"post-4821","1":"product","2":"type-product","3":"status-publish","4":"has-post-thumbnail","6":"product_cat-comjuntos","7":"product_cat-promocoes","9":"first","10":"instock","11":"sale","12":"shipping-taxable","13":"purchasable","14":"product-type-variable"},"_links":{"self":[{"href":"https:\/\/lottustech.com\/bella\/wp-json\/wp\/v2\/product\/4821","targetHints":{"allow":["GET"]}}],"collection":[{"href":"https:\/\/lottustech.com\/bella\/wp-json\/wp\/v2\/product"}],"about":[{"href":"https:\/\/lottustech.com\/bella\/wp-json\/wp\/v2\/types\/product"}],"replies":[{"embeddable":true,"href":"https:\/\/lottustech.com\/bella\/wp-json\/wp\/v2\/comments?post=4821"}],"wp:featuredmedia":[{"embeddable":true,"href":"https:\/\/lottustech.com\/bella\/wp-json\/wp\/v2\/media\/4820"}],"wp:attachment":[{"href":"https:\/\/lottustech.com\/bella\/wp-json\/wp\/v2\/media?parent=4821"}],"wp:term":[{"taxonomy":"product_brand","embeddable":true,"href":"https:\/\/lottustech.com\/bella\/wp-json\/wp\/v2\/product_brand?post=4821"},{"taxonomy":"product_cat","embeddable":true,"href":"https:\/\/lottustech.com\/bella\/wp-json\/wp\/v2\/product_cat?post=4821"},{"taxonomy":"product_tag","embeddable":true,"href":"https:\/\/lottustech.com\/bella\/wp-json\/wp\/v2\/product_tag?post=4821"}],"curies":[{"name":"wp","href":"https:\/\/api.w.org\/{rel}","templated":true}]}}