{"id":4801,"date":"2021-11-19T21:41:33","date_gmt":"2021-11-20T00:41:33","guid":{"rendered":"https:\/\/lottustech.com\/bella\/produto\/bermuda-sem-costura-tie-dye\/"},"modified":"2023-01-09T10:31:59","modified_gmt":"2023-01-09T13:31:59","slug":"bermuda-sem-costura-tie-dye","status":"publish","type":"product","link":"https:\/\/lottustech.com\/bella\/produto\/bermuda-sem-costura-tie-dye\/","title":{"rendered":"Bermuda Sem Costura Tie Dye"},"content":{"rendered":"<h4><strong>BERMUDA SEM COSTURA TIE DYE<\/strong><\/h4>\n<p><strong>Linda bermuda sem costura e com cintura alta estilo Tie Die, s\u00e3o diversas cores pra voc\u00ea ficar mais linda!<\/strong><\/p>\n<p><strong>Material super confort\u00e1vel, se ajusta perfeitamente ao corpo.<\/strong><\/p>\n<p><strong>Bermuda com alta elasticidade e secagem r\u00e1pida!<\/strong><\/p>\n<figure class=\"table\">\n<table>\n<tbody>\n<tr>\n<td>Tamanho<\/td>\n<td>Cintura (CM)<\/td>\n<td>Quadril (CM)<\/td>\n<td>Comprimento (CM)<\/td>\n<\/tr>\n<tr>\n<td>S (P)<\/td>\n<td>52<\/td>\n<td>73<\/td>\n<td>38<\/td>\n<\/tr>\n<tr>\n<td>M<\/td>\n<td>56<\/td>\n<td>78<\/td>\n<td>40<\/td>\n<\/tr>\n<tr>\n<td>L (G)<\/td>\n<td>58<\/td>\n<td>82<\/td>\n<td>42<\/td>\n<\/tr>\n<\/tbody>\n<\/table>\n<\/figure>\n<p>OBS: <strong>Devido \u00e0 medi\u00e7\u00e3o\u00a0manual e a elasticidade do tecido, os tamanhos podem variar de 1 a 3 cent\u00edmetros.<\/strong><\/p>\n<p>&nbsp;<\/p>\n<figure class=\"image\"><img decoding=\"async\" src=\"https:\/\/ae01.alicdn.com\/kf\/H90590c03bc3344d7a8a7cca09e7fcb146.jpg\" \/><\/figure>\n<figure class=\"image\"><img decoding=\"async\" src=\"https:\/\/ae01.alicdn.com\/kf\/H834400b025274fdebfeaa966881157b9V.jpg\" \/><\/figure>\n<figure class=\"image\"><img decoding=\"async\" src=\"https:\/\/ae01.alicdn.com\/kf\/H1a86cf3a22924c7d97fb78636fe0c51dl.jpg\" \/><\/figure>\n<figure class=\"image\"><img decoding=\"async\" src=\"https:\/\/ae01.alicdn.com\/kf\/H171e542a97c949e3aa7276caa9995a441.jpg\" \/><\/figure>\n<figure class=\"image\"><img decoding=\"async\" src=\"https:\/\/ae01.alicdn.com\/kf\/H8486d85bbd0a4c07925a93814790a199c.jpg\" \/><\/figure>\n<figure class=\"image\"><img decoding=\"async\" src=\"https:\/\/ae01.alicdn.com\/kf\/H9ab3f290ccdf48cf9eb0e2e0dde2ff30N.jpg\" \/><\/figure>\n<figure class=\"image\"><img decoding=\"async\" src=\"https:\/\/ae01.alicdn.com\/kf\/H1cf028e1669e4427b1add6e47bf252e8k.jpg\" \/><\/figure>\n<figure class=\"image\"><img decoding=\"async\" src=\"https:\/\/ae01.alicdn.com\/kf\/Hc459b77b5b3e41488e4153d0579a14aeW.jpg\" \/><\/figure>\n<figure class=\"image\"><img decoding=\"async\" src=\"https:\/\/ae01.alicdn.com\/kf\/H34252749dd9f4305a8faa02ed6691cd5x.jpg\" \/><\/figure>\n<figure class=\"image\"><img decoding=\"async\" src=\"https:\/\/ae01.alicdn.com\/kf\/Hd69fdd4c14484199998aed57a1f78b162.jpg\" \/><\/figure>\n<figure class=\"image\"><img decoding=\"async\" src=\"https:\/\/ae01.alicdn.com\/kf\/Ha7d325ca4d7344f4970d41e5b98db5caS.jpg\" \/><\/figure>\n<figure class=\"image\"><img decoding=\"async\" src=\"https:\/\/ae01.alicdn.com\/kf\/H641df4a630914c9280c0d206ceeff55bD.jpg\" \/><\/figure>\n<figure class=\"image\"><img decoding=\"async\" src=\"https:\/\/ae01.alicdn.com\/kf\/Hab97f587c0484e41b61ced21dba602e1N.jpg\" \/><\/figure>\n<figure class=\"image\"><img decoding=\"async\" src=\"https:\/\/ae01.alicdn.com\/kf\/H789bca56689e45ef80b678a1861b9246l.jpg\" \/><\/figure>\n<figure class=\"image\"><img decoding=\"async\" src=\"https:\/\/ae01.alicdn.com\/kf\/He10cac16320f40b59b9471de55c007e2E.jpg\" \/><\/figure>\n<p>&nbsp;<\/p>\n","protected":false},"excerpt":{"rendered":"<p>BERMUDA SEM COSTURA TIE DYE Linda bermuda sem costura e com cintura alta estilo Tie Die, s\u00e3o diversas cores pra voc\u00ea ficar mais linda! Material super confort\u00e1vel, se ajusta perfeitamente ao corpo. Bermuda com alta elasticidade e secagem r\u00e1pida! Tamanho Cintura (CM) Quadril (CM) Comprimento (CM) S (P) 52 73 38 M 56 78 40 [&hellip;]<\/p>\n","protected":false},"featured_media":4800,"comment_status":"open","ping_status":"closed","template":"","meta":[],"product_brand":[],"product_cat":[45,231],"product_tag":[],"class_list":{"0":"post-4801","1":"product","2":"type-product","3":"status-publish","4":"has-post-thumbnail","6":"product_cat-bermuda","7":"product_cat-promocoes","9":"first","10":"instock","11":"sale","12":"shipping-taxable","13":"purchasable","14":"product-type-variable"},"_links":{"self":[{"href":"https:\/\/lottustech.com\/bella\/wp-json\/wp\/v2\/product\/4801","targetHints":{"allow":["GET"]}}],"collection":[{"href":"https:\/\/lottustech.com\/bella\/wp-json\/wp\/v2\/product"}],"about":[{"href":"https:\/\/lottustech.com\/bella\/wp-json\/wp\/v2\/types\/product"}],"replies":[{"embeddable":true,"href":"https:\/\/lottustech.com\/bella\/wp-json\/wp\/v2\/comments?post=4801"}],"wp:featuredmedia":[{"embeddable":true,"href":"https:\/\/lottustech.com\/bella\/wp-json\/wp\/v2\/media\/4800"}],"wp:attachment":[{"href":"https:\/\/lottustech.com\/bella\/wp-json\/wp\/v2\/media?parent=4801"}],"wp:term":[{"taxonomy":"product_brand","embeddable":true,"href":"https:\/\/lottustech.com\/bella\/wp-json\/wp\/v2\/product_brand?post=4801"},{"taxonomy":"product_cat","embeddable":true,"href":"https:\/\/lottustech.com\/bella\/wp-json\/wp\/v2\/product_cat?post=4801"},{"taxonomy":"product_tag","embeddable":true,"href":"https:\/\/lottustech.com\/bella\/wp-json\/wp\/v2\/product_tag?post=4801"}],"curies":[{"name":"wp","href":"https:\/\/api.w.org\/{rel}","templated":true}]}}