{"id":4784,"date":"2021-11-19T21:13:01","date_gmt":"2021-11-20T00:13:01","guid":{"rendered":"https:\/\/lottustech.com\/bella\/produto\/bermuda-com-cinta-modeladora\/"},"modified":"2023-01-09T10:31:41","modified_gmt":"2023-01-09T13:31:41","slug":"bermuda-com-cinta-modeladora","status":"publish","type":"product","link":"https:\/\/lottustech.com\/bella\/produto\/bermuda-com-cinta-modeladora\/","title":{"rendered":"Bermuda com Cinta Modeladora"},"content":{"rendered":"<h4><strong>BERMUDA COM CINTA MODELADORA<\/strong><\/h4>\n<p>Ideal para utilizar durante a pr\u00e1tica de qualquer exerc\u00edcio f\u00edsico ou \u00a0at\u00e9 mesmo para ficar em casa. Use e comprove!<\/p>\n<p>A bermuda tem cintura alta, com uma cinta que \u00e9 ajust\u00e1vel ao corpo modelando seu corpo!<\/p>\n<p>Material super confort\u00e1vel, pode ser utilizado por baixo de outras roupas.<\/p>\n<p>&nbsp;<\/p>\n<figure class=\"table\">\n<table>\n<tbody>\n<tr>\n<td rowspan=\"2\">Tamanho<\/td>\n<td>Cintura<\/td>\n<td>Quadril<\/td>\n<td>Comprimento<\/td>\n<\/tr>\n<tr>\n<td>CM<\/td>\n<td>CM<\/td>\n<td>CM<\/td>\n<\/tr>\n<tr>\n<td>S (P)<\/td>\n<td>60-75<\/td>\n<td>72-87<\/td>\n<td>50<\/td>\n<\/tr>\n<tr>\n<td>M<\/td>\n<td>64-79<\/td>\n<td>76-91<\/td>\n<td>52<\/td>\n<\/tr>\n<tr>\n<td>L (G)<\/td>\n<td>68-83<\/td>\n<td>80-95<\/td>\n<td>54<\/td>\n<\/tr>\n<tr>\n<td>XL (XG)<\/td>\n<td>72-87<\/td>\n<td>84-99<\/td>\n<td>56<\/td>\n<\/tr>\n<\/tbody>\n<\/table>\n<\/figure>\n<p>OBS: <strong>Devido \u00e0 medi\u00e7\u00e3o\u00a0manual e a elasticidade do tecido, os tamanhos podem variar de 1 a 3 cent\u00edmetros.<\/strong><\/p>\n<p>&nbsp;<\/p>\n<figure class=\"image\"><img decoding=\"async\" src=\"https:\/\/ae01.alicdn.com\/kf\/Hcdad2d5fe5bf4a70820871fa0ff33e63u.jpg\" \/><\/figure>\n<p>&nbsp;<\/p>\n<figure class=\"image\"><img decoding=\"async\" src=\"https:\/\/ae01.alicdn.com\/kf\/H070e17a8d7d642daac1e95e7d60692cbQ.jpg\" \/><\/figure>\n<p>&nbsp;<\/p>\n<figure class=\"image\"><img decoding=\"async\" src=\"https:\/\/ae01.alicdn.com\/kf\/H36bb8dae0daf40418f91a45f3e6f07e5W.jpg\" \/><\/figure>\n<p>&nbsp;<\/p>\n<figure class=\"image\"><img decoding=\"async\" src=\"https:\/\/ae01.alicdn.com\/kf\/Hb62441334bd6488a878c23600c313ed2P.jpg\" \/><\/figure>\n<p>&nbsp;<\/p>\n<figure class=\"image\"><img decoding=\"async\" src=\"https:\/\/ae01.alicdn.com\/kf\/H7c1cc7ce4278453a8241be712266bf96t.jpg\" \/><\/figure>\n<p>&nbsp;<\/p>\n<figure class=\"image\"><img decoding=\"async\" src=\"https:\/\/ae01.alicdn.com\/kf\/Hd20dcd9161fa4ea9836dca21f7a6a83b9.jpg\" \/><\/figure>\n<p>&nbsp;<\/p>\n<figure class=\"image\"><img decoding=\"async\" src=\"https:\/\/ae01.alicdn.com\/kf\/H3012f12505bb4ca29343c5104a90f089C.jpg\" \/><\/figure>\n<p>&nbsp;<\/p>\n<figure class=\"image\"><img decoding=\"async\" src=\"https:\/\/ae01.alicdn.com\/kf\/H6425ae018bd542449937028a4ce04c73U.jpg\" \/><\/figure>\n<p>&nbsp;<\/p>\n<figure class=\"image\"><img decoding=\"async\" src=\"https:\/\/ae01.alicdn.com\/kf\/Hbbc233e855f24156be405e919486f6d80.jpg\" \/><\/figure>\n<p>&nbsp;<\/p>\n<figure class=\"image\"><img decoding=\"async\" src=\"https:\/\/ae01.alicdn.com\/kf\/H01894b84f8594386811657f53fcf2f21V.jpg\" \/><\/figure>\n<p>&nbsp;<\/p>\n<figure class=\"image\"><img decoding=\"async\" src=\"https:\/\/ae01.alicdn.com\/kf\/H191b18d70081416f96c4a3452f7585aff.jpg\" \/><\/figure>\n<p>&nbsp;<\/p>\n<figure class=\"image\"><img decoding=\"async\" src=\"https:\/\/ae01.alicdn.com\/kf\/H7b7aa54d37a4449b9a37f6d48c701c46X.jpg\" \/><\/figure>\n<p>&nbsp;<\/p>\n<figure class=\"image\"><img decoding=\"async\" src=\"https:\/\/ae01.alicdn.com\/kf\/H4e1ac28b79124751b0b391b3ab1ced30L.jpg\" \/><\/figure>\n<p>&nbsp;<\/p>\n","protected":false},"excerpt":{"rendered":"<p>BERMUDA COM CINTA MODELADORA Ideal para utilizar durante a pr\u00e1tica de qualquer exerc\u00edcio f\u00edsico ou \u00a0at\u00e9 mesmo para ficar em casa. Use e comprove! A bermuda tem cintura alta, com uma cinta que \u00e9 ajust\u00e1vel ao corpo modelando seu corpo! Material super confort\u00e1vel, pode ser utilizado por baixo de outras roupas. &nbsp; Tamanho Cintura Quadril [&hellip;]<\/p>\n","protected":false},"featured_media":4783,"comment_status":"open","ping_status":"closed","template":"","meta":[],"product_brand":[],"product_cat":[45,26,231],"product_tag":[],"class_list":{"0":"post-4784","1":"product","2":"type-product","3":"status-publish","4":"has-post-thumbnail","6":"product_cat-bermuda","7":"product_cat-cintas-modeladoras","8":"product_cat-promocoes","10":"first","11":"instock","12":"sale","13":"shipping-taxable","14":"purchasable","15":"product-type-variable"},"_links":{"self":[{"href":"https:\/\/lottustech.com\/bella\/wp-json\/wp\/v2\/product\/4784","targetHints":{"allow":["GET"]}}],"collection":[{"href":"https:\/\/lottustech.com\/bella\/wp-json\/wp\/v2\/product"}],"about":[{"href":"https:\/\/lottustech.com\/bella\/wp-json\/wp\/v2\/types\/product"}],"replies":[{"embeddable":true,"href":"https:\/\/lottustech.com\/bella\/wp-json\/wp\/v2\/comments?post=4784"}],"wp:featuredmedia":[{"embeddable":true,"href":"https:\/\/lottustech.com\/bella\/wp-json\/wp\/v2\/media\/4783"}],"wp:attachment":[{"href":"https:\/\/lottustech.com\/bella\/wp-json\/wp\/v2\/media?parent=4784"}],"wp:term":[{"taxonomy":"product_brand","embeddable":true,"href":"https:\/\/lottustech.com\/bella\/wp-json\/wp\/v2\/product_brand?post=4784"},{"taxonomy":"product_cat","embeddable":true,"href":"https:\/\/lottustech.com\/bella\/wp-json\/wp\/v2\/product_cat?post=4784"},{"taxonomy":"product_tag","embeddable":true,"href":"https:\/\/lottustech.com\/bella\/wp-json\/wp\/v2\/product_tag?post=4784"}],"curies":[{"name":"wp","href":"https:\/\/api.w.org\/{rel}","templated":true}]}}