{"id":4775,"date":"2021-11-19T20:57:48","date_gmt":"2021-11-19T23:57:48","guid":{"rendered":"https:\/\/lottustech.com\/bella\/produto\/bermuda-termica-burn-queima-gordura\/"},"modified":"2023-01-09T10:31:25","modified_gmt":"2023-01-09T13:31:25","slug":"bermuda-termica-burn-queima-gordura","status":"publish","type":"product","link":"https:\/\/lottustech.com\/bella\/produto\/bermuda-termica-burn-queima-gordura\/","title":{"rendered":"Bermuda T\u00e9rmica Burn Queima Gordura"},"content":{"rendered":"<h4><strong>BERMUDA T\u00c9RMICA BURN QUEIMA GORDURA!<\/strong><\/h4>\n<p>Excelente bermuda t\u00e9rmica que vai te auxiliar na diminui\u00e7\u00e3o das suas medidas e na queima daquelas gordurinhas localizadas que incomodam tanto!<\/p>\n<p>Bermuda inteiramente forrada com material t\u00e9rmico que esquenta o local proporcionando um efeito sauna que auxilia no processo de queima da gordura.<\/p>\n<p>Ideal para utilizar durante a pr\u00e1tica de qualquer exerc\u00edcio f\u00edsico ou \u00a0at\u00e9 mesmo para ficar em casa. Use e comprove!<\/p>\n<p>A bermuda tem cintura alta, com uma cinta que \u00e9 ajust\u00e1vel ao corpo, ao mesmo tempo que queima gordura modela seu corpo!<\/p>\n<p>Material super confort\u00e1vel, pode ser utilizado por baixo de outras roupas!<\/p>\n<p>&nbsp;<\/p>\n<figure class=\"table\">\n<table>\n<tbody>\n<tr>\n<td rowspan=\"2\">Tamanho<\/td>\n<td>Cintura<\/td>\n<td>Quadril<\/td>\n<td>Comprimento<\/td>\n<\/tr>\n<tr>\n<td>CM<\/td>\n<td>CM<\/td>\n<td>CM<\/td>\n<\/tr>\n<tr>\n<td>S (P)<\/td>\n<td>60-75<\/td>\n<td>68-83<\/td>\n<td>36.2<\/td>\n<\/tr>\n<tr>\n<td>M<\/td>\n<td>64-79<\/td>\n<td>72-87<\/td>\n<td>54<\/td>\n<\/tr>\n<tr>\n<td>L (G)<\/td>\n<td>68-83<\/td>\n<td>76-91<\/td>\n<td>56<\/td>\n<\/tr>\n<tr>\n<td>XL (XG)<\/td>\n<td>72-87<\/td>\n<td>80-95<\/td>\n<td>58<\/td>\n<\/tr>\n<\/tbody>\n<\/table>\n<\/figure>\n<p>OBS: <strong>Devido \u00e0 medi\u00e7\u00e3o\u00a0manual e a elasticidade do tecido, os tamanhos podem variar de 1 a 3 cent\u00edmetros.<\/strong><\/p>\n<figure class=\"image\"><img decoding=\"async\" src=\"https:\/\/ae01.alicdn.com\/kf\/Hc86afb5c29d544a3a8b4c88a3d26795bF.jpg\" \/><\/figure>\n<p>&nbsp;<\/p>\n<figure class=\"image\"><img decoding=\"async\" src=\"https:\/\/ae01.alicdn.com\/kf\/H465b31fe4f254d1e90e9626b610be2f1d.jpg\" \/><\/figure>\n<p>&nbsp;<\/p>\n<figure class=\"image\"><img decoding=\"async\" src=\"https:\/\/ae01.alicdn.com\/kf\/Hf91a600269704ff4b6c6138b03cfa2008.jpg\" \/><\/figure>\n<p>&nbsp;<\/p>\n","protected":false},"excerpt":{"rendered":"<p>BERMUDA T\u00c9RMICA BURN QUEIMA GORDURA! Excelente bermuda t\u00e9rmica que vai te auxiliar na diminui\u00e7\u00e3o das suas medidas e na queima daquelas gordurinhas localizadas que incomodam tanto! Bermuda inteiramente forrada com material t\u00e9rmico que esquenta o local proporcionando um efeito sauna que auxilia no processo de queima da gordura. Ideal para utilizar durante a pr\u00e1tica de [&hellip;]<\/p>\n","protected":false},"featured_media":4774,"comment_status":"open","ping_status":"closed","template":"","meta":[],"product_brand":[],"product_cat":[45,27,231],"product_tag":[],"class_list":{"0":"post-4775","1":"product","2":"type-product","3":"status-publish","4":"has-post-thumbnail","6":"product_cat-bermuda","7":"product_cat-cintas-termicas","8":"product_cat-promocoes","10":"first","11":"instock","12":"sale","13":"shipping-taxable","14":"purchasable","15":"product-type-variable"},"_links":{"self":[{"href":"https:\/\/lottustech.com\/bella\/wp-json\/wp\/v2\/product\/4775","targetHints":{"allow":["GET"]}}],"collection":[{"href":"https:\/\/lottustech.com\/bella\/wp-json\/wp\/v2\/product"}],"about":[{"href":"https:\/\/lottustech.com\/bella\/wp-json\/wp\/v2\/types\/product"}],"replies":[{"embeddable":true,"href":"https:\/\/lottustech.com\/bella\/wp-json\/wp\/v2\/comments?post=4775"}],"wp:featuredmedia":[{"embeddable":true,"href":"https:\/\/lottustech.com\/bella\/wp-json\/wp\/v2\/media\/4774"}],"wp:attachment":[{"href":"https:\/\/lottustech.com\/bella\/wp-json\/wp\/v2\/media?parent=4775"}],"wp:term":[{"taxonomy":"product_brand","embeddable":true,"href":"https:\/\/lottustech.com\/bella\/wp-json\/wp\/v2\/product_brand?post=4775"},{"taxonomy":"product_cat","embeddable":true,"href":"https:\/\/lottustech.com\/bella\/wp-json\/wp\/v2\/product_cat?post=4775"},{"taxonomy":"product_tag","embeddable":true,"href":"https:\/\/lottustech.com\/bella\/wp-json\/wp\/v2\/product_tag?post=4775"}],"curies":[{"name":"wp","href":"https:\/\/api.w.org\/{rel}","templated":true}]}}