{"id":4592,"date":"2021-11-18T19:09:13","date_gmt":"2021-11-18T22:09:13","guid":{"rendered":"https:\/\/lottustech.com\/bella\/produto\/short-cintura-alta-push-up\/"},"modified":"2023-01-09T10:43:16","modified_gmt":"2023-01-09T13:43:16","slug":"short-cintura-alta-push-up","status":"publish","type":"product","link":"https:\/\/lottustech.com\/bella\/produto\/short-cintura-alta-push-up\/","title":{"rendered":"Short Cintura Alta Push Up"},"content":{"rendered":"<h3><strong>SHORT CINTURA ALTA PUSH UP &#8211; LEVANTA BUM BUM<\/strong><\/h3>\n<p>Lindo Short com cintura alta com um material incr\u00edvel, comprime a barriga e \u00e9 super confort\u00e1vel.<\/p>\n<p>Efeito Push Up empina bum bum, valoriza o que voc\u00ea tem de melhor!<\/p>\n<p>Ideal para qualquer tipo de atividade.<\/p>\n<p>Material Nylon, se ajusta perfeitamente ao corpo! Tecido de alta elasticidade!<\/p>\n<figure class=\"table\">\n<table>\n<tbody>\n<tr>\n<td>Tamanho<\/td>\n<td>Cintura (CM)<\/td>\n<td>Quadril (CM)<\/td>\n<td>Comprimento (CM)<\/td>\n<\/tr>\n<tr>\n<td>S (P)<\/td>\n<td>60-80<\/td>\n<td>80-100<\/td>\n<td>33<\/td>\n<\/tr>\n<tr>\n<td>M<\/td>\n<td>64-84<\/td>\n<td>84-104<\/td>\n<td>34<\/td>\n<\/tr>\n<tr>\n<td>L (G)<\/td>\n<td>68-88<\/td>\n<td>88-108<\/td>\n<td>35<\/td>\n<\/tr>\n<tr>\n<td>XL (XG)<\/td>\n<td>72-92<\/td>\n<td>92-112<\/td>\n<td>36<\/td>\n<\/tr>\n<\/tbody>\n<\/table>\n<\/figure>\n<p>OBS: <strong>Devido \u00e0 medi\u00e7\u00e3o\u00a0manual e a elasticidade do tecido, os tamanhos podem variar de 1 a 3 cent\u00edmetros.<\/strong><\/p>\n<p>&nbsp;<\/p>\n<figure class=\"image\"><img decoding=\"async\" src=\"https:\/\/ae01.alicdn.com\/kf\/H7238e9e54bbd4362a0052d50686271f0T.jpg\" \/><\/figure>\n<figure class=\"image\"><img decoding=\"async\" src=\"https:\/\/ae01.alicdn.com\/kf\/Hc3c82c85cb4e442989c5120304264f3c7.jpg\" \/><\/figure>\n<figure class=\"image\"><img decoding=\"async\" src=\"https:\/\/ae01.alicdn.com\/kf\/Hd6f6fbad48294c6bb7e0cf2a3b25e628m.jpg\" \/><\/figure>\n<figure class=\"image\"><img decoding=\"async\" src=\"https:\/\/ae01.alicdn.com\/kf\/H4d22ac63cf1b48d5b03f83d69cb8b32cq.jpg\" \/><\/figure>\n<figure class=\"image\"><img decoding=\"async\" src=\"https:\/\/ae01.alicdn.com\/kf\/He456cf8badb04407b5de8f28f16a9e607.jpg\" \/><\/figure>\n<figure class=\"image\"><img decoding=\"async\" src=\"https:\/\/ae01.alicdn.com\/kf\/H046b7d80408e484bac1b9ceb76681598Y.jpg\" \/><\/figure>\n<figure class=\"image\"><img decoding=\"async\" src=\"https:\/\/ae01.alicdn.com\/kf\/H0a5b030cb21443a88abd7802fd172438H.jpg\" \/><\/figure>\n<figure class=\"image\"><img decoding=\"async\" src=\"https:\/\/ae01.alicdn.com\/kf\/H6fb98b638edc4d08bd9303ceed390162D.jpg\" \/><\/figure>\n<figure class=\"image\"><img decoding=\"async\" src=\"https:\/\/ae01.alicdn.com\/kf\/H1ca41cbaf4594762a2e2ef2941e8a22at.jpg\" \/><\/figure>\n<figure class=\"image\"><img decoding=\"async\" src=\"https:\/\/ae01.alicdn.com\/kf\/Hf8754ba036ab4000a4dbf358c47a0b96P.jpg\" \/><\/figure>\n<figure class=\"image\"><img decoding=\"async\" src=\"https:\/\/ae01.alicdn.com\/kf\/Hbc4910d645e94b2bbc46b5d1f75277a8j.jpg\" \/><\/figure>\n<figure class=\"image\"><img decoding=\"async\" src=\"https:\/\/ae01.alicdn.com\/kf\/H3b69cee1909842549c07aeecd0c91556p.jpg\" \/><\/figure>\n<figure class=\"image\"><img decoding=\"async\" src=\"https:\/\/ae01.alicdn.com\/kf\/He8375844961746e085d02c2c39e94cc0d.jpg\" \/><\/figure>\n<figure class=\"image\"><img decoding=\"async\" src=\"https:\/\/ae01.alicdn.com\/kf\/H8ad69da937de46abb0918f92d54ab675i.jpg\" \/><\/figure>\n<figure class=\"image\"><img decoding=\"async\" src=\"https:\/\/ae01.alicdn.com\/kf\/Hd0b1db26ea714959a3b35e1193fa74598.jpg\" \/><\/figure>\n<figure class=\"image\"><img decoding=\"async\" src=\"https:\/\/ae01.alicdn.com\/kf\/H1cd1c4f613a2456189110558c614db1co.jpg\" \/><\/figure>\n<p>&nbsp;<\/p>\n","protected":false},"excerpt":{"rendered":"<p>SHORT CINTURA ALTA PUSH UP &#8211; LEVANTA BUM BUM Lindo Short com cintura alta com um material incr\u00edvel, comprime a barriga e \u00e9 super confort\u00e1vel. Efeito Push Up empina bum bum, valoriza o que voc\u00ea tem de melhor! Ideal para qualquer tipo de atividade. Material Nylon, se ajusta perfeitamente ao corpo! Tecido de alta elasticidade! [&hellip;]<\/p>\n","protected":false},"featured_media":4591,"comment_status":"open","ping_status":"closed","template":"","meta":[],"product_brand":[],"product_cat":[231,44],"product_tag":[],"class_list":{"0":"post-4592","1":"product","2":"type-product","3":"status-publish","4":"has-post-thumbnail","6":"product_cat-promocoes","7":"product_cat-short","9":"first","10":"instock","11":"sale","12":"shipping-taxable","13":"purchasable","14":"product-type-variable"},"_links":{"self":[{"href":"https:\/\/lottustech.com\/bella\/wp-json\/wp\/v2\/product\/4592","targetHints":{"allow":["GET"]}}],"collection":[{"href":"https:\/\/lottustech.com\/bella\/wp-json\/wp\/v2\/product"}],"about":[{"href":"https:\/\/lottustech.com\/bella\/wp-json\/wp\/v2\/types\/product"}],"replies":[{"embeddable":true,"href":"https:\/\/lottustech.com\/bella\/wp-json\/wp\/v2\/comments?post=4592"}],"wp:featuredmedia":[{"embeddable":true,"href":"https:\/\/lottustech.com\/bella\/wp-json\/wp\/v2\/media\/4591"}],"wp:attachment":[{"href":"https:\/\/lottustech.com\/bella\/wp-json\/wp\/v2\/media?parent=4592"}],"wp:term":[{"taxonomy":"product_brand","embeddable":true,"href":"https:\/\/lottustech.com\/bella\/wp-json\/wp\/v2\/product_brand?post=4592"},{"taxonomy":"product_cat","embeddable":true,"href":"https:\/\/lottustech.com\/bella\/wp-json\/wp\/v2\/product_cat?post=4592"},{"taxonomy":"product_tag","embeddable":true,"href":"https:\/\/lottustech.com\/bella\/wp-json\/wp\/v2\/product_tag?post=4592"}],"curies":[{"name":"wp","href":"https:\/\/api.w.org\/{rel}","templated":true}]}}