{"id":4359,"date":"2021-11-17T22:18:35","date_gmt":"2021-11-18T01:18:35","guid":{"rendered":"https:\/\/lottustech.com\/bella\/produto\/legging-sem-costura-lift-degrade\/"},"modified":"2023-01-09T10:41:49","modified_gmt":"2023-01-09T13:41:49","slug":"legging-sem-costura-lift-degrade","status":"publish","type":"product","link":"https:\/\/lottustech.com\/bella\/produto\/legging-sem-costura-lift-degrade\/","title":{"rendered":"Legging Sem Costura Lift Degrad\u00ea"},"content":{"rendered":"<h3><strong>CAL\u00c7A LEGGING CINTURA ALTA SEM COSTURA LIFT DEGRAD\u00ca<\/strong><\/h3>\n<p>Lindas Leggings que s\u00e3o tend\u00eancia mundial! Cores degrad\u00ea lindas e irresist\u00edveis!<\/p>\n<ul>\n<li><strong>Efeito Push UP, que modela seu corpo real\u00e7ando suas qualidades!<\/strong><\/li>\n<li><strong>Cintura Alta, sem costura<\/strong><\/li>\n<li><strong>Acentua suas curvas<\/strong><\/li>\n<li><strong>Tecido confort\u00e1vel, moderno e flex\u00edvel<\/strong><\/li>\n<li><strong>Secagem r\u00e1pida\u00a0<\/strong><\/li>\n<li><strong>Sinta-se linda e sexy!<\/strong><\/li>\n<\/ul>\n<p><strong>Material : polyester\u00a0<\/strong><\/p>\n<figure class=\"table\">\n<table>\n<tbody>\n<tr>\n<td rowspan=\"2\">Tamanho<\/td>\n<td>Comprimento<\/td>\n<td>Cintura<\/td>\n<td>Quadril<\/td>\n<\/tr>\n<tr>\n<td>cm<\/td>\n<td>cm<\/td>\n<td>cm<\/td>\n<\/tr>\n<tr>\n<td>S<\/td>\n<td>79<\/td>\n<td>54-64<\/td>\n<td>66-76<\/td>\n<\/tr>\n<tr>\n<td>M<\/td>\n<td>81<\/td>\n<td>58-68<\/td>\n<td>68-78<\/td>\n<\/tr>\n<tr>\n<td>L<\/td>\n<td>83<\/td>\n<td>62-72<\/td>\n<td>70-80<\/td>\n<\/tr>\n<\/tbody>\n<\/table>\n<\/figure>\n<h4><strong>OBS: Favor considerar uma margem de 1 a 3 cent\u00edmetros devido a medi\u00e7\u00e3o manual. Verifique seu tamanho corretamente.<\/strong><\/h4>\n<p>&nbsp;<\/p>\n<figure class=\"image\"><img decoding=\"async\" src=\"https:\/\/ae01.alicdn.com\/kf\/H1172f5579911423a92e26a69ab8a0d1aK.jpg\" \/><\/figure>\n<p>&nbsp;<\/p>\n<figure class=\"image\"><img decoding=\"async\" src=\"https:\/\/ae01.alicdn.com\/kf\/H785de1f9cd7e49b38cfaa6436626997eK.jpg\" \/><\/figure>\n<p>&nbsp;<\/p>\n<figure class=\"image\"><img decoding=\"async\" src=\"https:\/\/ae01.alicdn.com\/kf\/H02d574003dad4e7b85a2e7991fe6c7d8c.jpg\" \/><\/figure>\n<p>&nbsp;<\/p>\n<figure class=\"image\"><img decoding=\"async\" src=\"https:\/\/ae01.alicdn.com\/kf\/H870e8c0d3cc04c47bf18016231c46d58A.jpg\" \/><\/figure>\n<p>&nbsp;<\/p>\n<figure class=\"image\"><img decoding=\"async\" src=\"https:\/\/ae01.alicdn.com\/kf\/Hade9eda16cc641aea0b82522ae37525ah.jpg\" \/><\/figure>\n<figure class=\"image\"><img decoding=\"async\" src=\"https:\/\/ae01.alicdn.com\/kf\/H4612c2c8bcd44f7ea27f227f9f698f3ck.jpg\" \/><\/figure>\n<p>&nbsp;<\/p>\n<figure class=\"image\"><img decoding=\"async\" src=\"https:\/\/ae01.alicdn.com\/kf\/H84ab866303314860800171045eab0508w.jpg\" \/><\/figure>\n<p>&nbsp;<\/p>\n<figure class=\"image\"><img decoding=\"async\" src=\"https:\/\/ae01.alicdn.com\/kf\/H961e2a42d8be4a22ad0a22899ecc85ceC.jpg\" \/><\/figure>\n<p>&nbsp;<\/p>\n<figure class=\"image\"><img decoding=\"async\" src=\"https:\/\/ae01.alicdn.com\/kf\/Hfa42a4deab414274b5e896c23cdc88f3K.jpg\" \/><\/figure>\n<p>&nbsp;<\/p>\n<figure class=\"image\"><img decoding=\"async\" src=\"https:\/\/ae01.alicdn.com\/kf\/H9c49848857574e7cac8a9eba6d3053b0t.jpg\" \/><\/figure>\n<p>&nbsp;<\/p>\n<figure class=\"image\"><img decoding=\"async\" src=\"https:\/\/ae01.alicdn.com\/kf\/H2586e661d2a04308a61c42637c7b51cft.jpg\" \/><\/figure>\n<p>&nbsp;<\/p>\n<figure class=\"image\"><img decoding=\"async\" src=\"https:\/\/ae01.alicdn.com\/kf\/H37c08b3ddd5349a0bc6ad52c53ec78632.jpg\" \/><\/figure>\n<p>&nbsp;<\/p>\n<figure class=\"image\"><img decoding=\"async\" src=\"https:\/\/ae01.alicdn.com\/kf\/H74479b239b4744bab5c207be1b74849bW.jpg\" \/><\/figure>\n<p>&nbsp;<\/p>\n<p>&nbsp;<\/p>\n<p>&nbsp;<\/p>\n","protected":false},"excerpt":{"rendered":"<p>CAL\u00c7A LEGGING CINTURA ALTA SEM COSTURA LIFT DEGRAD\u00ca Lindas Leggings que s\u00e3o tend\u00eancia mundial! Cores degrad\u00ea lindas e irresist\u00edveis! Efeito Push UP, que modela seu corpo real\u00e7ando suas qualidades! Cintura Alta, sem costura Acentua suas curvas Tecido confort\u00e1vel, moderno e flex\u00edvel Secagem r\u00e1pida\u00a0 Sinta-se linda e sexy! Material : polyester\u00a0 Tamanho Comprimento Cintura Quadril cm [&hellip;]<\/p>\n","protected":false},"featured_media":4358,"comment_status":"open","ping_status":"closed","template":"","meta":[],"product_brand":[],"product_cat":[21,231],"product_tag":[],"class_list":{"0":"post-4359","1":"product","2":"type-product","3":"status-publish","4":"has-post-thumbnail","6":"product_cat-leggings","7":"product_cat-promocoes","9":"first","10":"instock","11":"sale","12":"shipping-taxable","13":"purchasable","14":"product-type-variable"},"_links":{"self":[{"href":"https:\/\/lottustech.com\/bella\/wp-json\/wp\/v2\/product\/4359","targetHints":{"allow":["GET"]}}],"collection":[{"href":"https:\/\/lottustech.com\/bella\/wp-json\/wp\/v2\/product"}],"about":[{"href":"https:\/\/lottustech.com\/bella\/wp-json\/wp\/v2\/types\/product"}],"replies":[{"embeddable":true,"href":"https:\/\/lottustech.com\/bella\/wp-json\/wp\/v2\/comments?post=4359"}],"wp:featuredmedia":[{"embeddable":true,"href":"https:\/\/lottustech.com\/bella\/wp-json\/wp\/v2\/media\/4358"}],"wp:attachment":[{"href":"https:\/\/lottustech.com\/bella\/wp-json\/wp\/v2\/media?parent=4359"}],"wp:term":[{"taxonomy":"product_brand","embeddable":true,"href":"https:\/\/lottustech.com\/bella\/wp-json\/wp\/v2\/product_brand?post=4359"},{"taxonomy":"product_cat","embeddable":true,"href":"https:\/\/lottustech.com\/bella\/wp-json\/wp\/v2\/product_cat?post=4359"},{"taxonomy":"product_tag","embeddable":true,"href":"https:\/\/lottustech.com\/bella\/wp-json\/wp\/v2\/product_tag?post=4359"}],"curies":[{"name":"wp","href":"https:\/\/api.w.org\/{rel}","templated":true}]}}