{"id":4237,"date":"2021-11-17T19:34:21","date_gmt":"2021-11-17T22:34:21","guid":{"rendered":"https:\/\/lottustech.com\/bella\/produto\/legging-push-up-cintura-alta\/"},"modified":"2023-01-09T10:41:24","modified_gmt":"2023-01-09T13:41:24","slug":"legging-push-up-cintura-alta","status":"publish","type":"product","link":"https:\/\/lottustech.com\/bella\/produto\/legging-push-up-cintura-alta\/","title":{"rendered":"Legging Push up Cintura Alta"},"content":{"rendered":"<h3><strong>CAL\u00c7A LEGGING PUSH UP CINTURA ALTA<\/strong><\/h3>\n<h4>Linda Legging efeito Push Up cintura alta! Seu bum bum na Lua!<\/h4>\n<h4>As cal\u00e7as Legging utilizam uma tecnologia de secagem r\u00e1pida, ideais para todo tipo de esporte desde os mais leves at\u00e9 os de alta intensidade e se ajustam ao corpo perfeitamente!<\/h4>\n<h4>Material : <strong>polyester 88% spandex 12%<\/strong><\/h4>\n<figure class=\"table\">\n<table>\n<tbody>\n<tr>\n<td>Tamanho<\/td>\n<td>Cintura (CM)<\/td>\n<td>Quadril (CM)<\/td>\n<td>Comprimento (CM)<\/td>\n<\/tr>\n<tr>\n<td>XS (PP)<\/td>\n<td>58-66<\/td>\n<td>72-80<\/td>\n<td>90<\/td>\n<\/tr>\n<tr>\n<td>S (P)<\/td>\n<td>60-68<\/td>\n<td>74-84<\/td>\n<td>91<\/td>\n<\/tr>\n<tr>\n<td>M<\/td>\n<td>62-72<\/td>\n<td>76-88<\/td>\n<td>92<\/td>\n<\/tr>\n<tr>\n<td>L (G)<\/td>\n<td>64-76<\/td>\n<td>78-92<\/td>\n<td>93<\/td>\n<\/tr>\n<tr>\n<td>XL (XG)<\/td>\n<td>66-80<\/td>\n<td>80-96<\/td>\n<td>94<\/td>\n<\/tr>\n<\/tbody>\n<\/table>\n<\/figure>\n<h4><strong>OBS: Favor considerar uma margem de 1 a 3 cent\u00edmetros devido a medi\u00e7\u00e3o manual. Verifique seu tamanho corretamente.<\/strong><\/h4>\n<p>&nbsp;<\/p>\n<figure class=\"image\"><img decoding=\"async\" src=\"https:\/\/ae01.alicdn.com\/kf\/HTB14QwhX9SD3KVjSZFKq6z10VXaq.jpg\" \/><\/figure>\n<figure class=\"image\"><img decoding=\"async\" src=\"https:\/\/ae01.alicdn.com\/kf\/HTB1UrIgX.uF3KVjSZK9q6zVtXXaY.jpg\" \/><\/figure>\n<figure class=\"image\"><img decoding=\"async\" src=\"https:\/\/ae01.alicdn.com\/kf\/HTB13r.hX75E3KVjSZFCq6zuzXXas.jpg\" \/><\/figure>\n<figure class=\"image\"><img decoding=\"async\" src=\"https:\/\/ae01.alicdn.com\/kf\/HTB1z0MgX.GF3KVjSZFoq6zmpFXaz.jpg\" \/><\/figure>\n<p>&nbsp;<\/p>\n<figure class=\"image\"><img decoding=\"async\" src=\"https:\/\/ae01.alicdn.com\/kf\/HTB1VIwmOmzqK1RjSZFpq6ykSXXag.jpg\" \/><\/figure>\n<figure class=\"image\"><img decoding=\"async\" src=\"https:\/\/ae01.alicdn.com\/kf\/HTB1ldolOcbpK1RjSZFyq6x_qFXa9.jpg\" \/><\/figure>\n<figure class=\"image\"><img decoding=\"async\" src=\"https:\/\/ae01.alicdn.com\/kf\/HTB1KwshOmzqK1RjSZFHq6z3CpXah.jpg\" \/><\/figure>\n<figure class=\"image\"><img decoding=\"async\" src=\"https:\/\/ae01.alicdn.com\/kf\/HTB167ZbOmzqK1RjSZPxq6A4tVXat.jpg\" \/><\/figure>\n<p>&nbsp;<\/p>\n<figure class=\"image\"><img decoding=\"async\" src=\"https:\/\/ae01.alicdn.com\/kf\/HTB11g3wbozrK1RjSspmq6AOdFXae.jpg\" \/><\/figure>\n<figure class=\"image\"><img decoding=\"async\" src=\"https:\/\/ae01.alicdn.com\/kf\/HTB1MySzbUuF3KVjSZK9q6zVtXXaD.jpg\" \/><\/figure>\n<p>&nbsp;<\/p>\n<figure class=\"image\"><img decoding=\"async\" src=\"https:\/\/ae01.alicdn.com\/kf\/H1aa20b4c36e14086b953d1bf6d607f7e3.jpg\" \/><\/figure>\n<p>&nbsp;<\/p>\n<figure class=\"image\"><img decoding=\"async\" src=\"https:\/\/ae01.alicdn.com\/kf\/HTB1GxwwbozrK1RjSspmq6AOdFXa0.jpg\" \/><\/figure>\n<figure class=\"image\"><img decoding=\"async\" src=\"https:\/\/ae01.alicdn.com\/kf\/HTB1xLEtbc_vK1RkSmRyq6xwupXas.jpg\" \/><\/figure>\n<figure class=\"image\"><img decoding=\"async\" src=\"https:\/\/ae01.alicdn.com\/kf\/HTB1bU7xbcrrK1Rjy1zeq6xalFXaJ.jpg\" \/><\/figure>\n<figure class=\"image\"><img decoding=\"async\" src=\"https:\/\/ae01.alicdn.com\/kf\/HTB16OswbffsK1RjSszgq6yXzpXan.jpg\" \/><\/figure>\n<p>&nbsp;<\/p>\n<p>&nbsp;<\/p>\n<p>&nbsp;<\/p>\n","protected":false},"excerpt":{"rendered":"<p>CAL\u00c7A LEGGING PUSH UP CINTURA ALTA Linda Legging efeito Push Up cintura alta! Seu bum bum na Lua! As cal\u00e7as Legging utilizam uma tecnologia de secagem r\u00e1pida, ideais para todo tipo de esporte desde os mais leves at\u00e9 os de alta intensidade e se ajustam ao corpo perfeitamente! Material : polyester 88% spandex 12% Tamanho [&hellip;]<\/p>\n","protected":false},"featured_media":4236,"comment_status":"open","ping_status":"closed","template":"","meta":[],"product_brand":[],"product_cat":[21,231],"product_tag":[],"class_list":{"0":"post-4237","1":"product","2":"type-product","3":"status-publish","4":"has-post-thumbnail","6":"product_cat-leggings","7":"product_cat-promocoes","9":"first","10":"instock","11":"sale","12":"shipping-taxable","13":"purchasable","14":"product-type-variable"},"_links":{"self":[{"href":"https:\/\/lottustech.com\/bella\/wp-json\/wp\/v2\/product\/4237","targetHints":{"allow":["GET"]}}],"collection":[{"href":"https:\/\/lottustech.com\/bella\/wp-json\/wp\/v2\/product"}],"about":[{"href":"https:\/\/lottustech.com\/bella\/wp-json\/wp\/v2\/types\/product"}],"replies":[{"embeddable":true,"href":"https:\/\/lottustech.com\/bella\/wp-json\/wp\/v2\/comments?post=4237"}],"wp:featuredmedia":[{"embeddable":true,"href":"https:\/\/lottustech.com\/bella\/wp-json\/wp\/v2\/media\/4236"}],"wp:attachment":[{"href":"https:\/\/lottustech.com\/bella\/wp-json\/wp\/v2\/media?parent=4237"}],"wp:term":[{"taxonomy":"product_brand","embeddable":true,"href":"https:\/\/lottustech.com\/bella\/wp-json\/wp\/v2\/product_brand?post=4237"},{"taxonomy":"product_cat","embeddable":true,"href":"https:\/\/lottustech.com\/bella\/wp-json\/wp\/v2\/product_cat?post=4237"},{"taxonomy":"product_tag","embeddable":true,"href":"https:\/\/lottustech.com\/bella\/wp-json\/wp\/v2\/product_tag?post=4237"}],"curies":[{"name":"wp","href":"https:\/\/api.w.org\/{rel}","templated":true}]}}