{"id":4222,"date":"2021-11-17T18:34:58","date_gmt":"2021-11-17T21:34:58","guid":{"rendered":"https:\/\/lottustech.com\/bella\/produto\/legging-estampa-fenix-fogo\/"},"modified":"2023-01-09T10:41:10","modified_gmt":"2023-01-09T13:41:10","slug":"legging-estampa-fenix-fogo","status":"publish","type":"product","link":"https:\/\/lottustech.com\/bella\/produto\/legging-estampa-fenix-fogo\/","title":{"rendered":"Legging Estampa F\u00eanix Fogo"},"content":{"rendered":"<h3><strong>CAL\u00c7A LEGGING ESTAMPA F\u00caNIX FOGO<\/strong><\/h3>\n<h4>Linda Legging com um lindo print da linda F\u00eanix e costura refor\u00e7ada na virilha.<\/h4>\n<h4>As cal\u00e7as Legging utilizam uma tecnologia de secagem r\u00e1pida, ideais para todo tipo de esporte desde os mais leves at\u00e9 os de alta intensidade e se ajustam ao corpo perfeitamente!<\/h4>\n<h4>Material : <strong>polyester 88% spandex 12%<\/strong><\/h4>\n<p>&nbsp;<\/p>\n<figure class=\"table\">\n<table>\n<tbody>\n<tr>\n<td rowspan=\"2\">\n<h2>TAMANHO<\/h2>\n<\/td>\n<td>\n<h2>CINTURA<\/h2>\n<\/td>\n<td>\n<h2>QUADRIL<\/h2>\n<\/td>\n<td>\n<h2>COMPRIMENTO<\/h2>\n<\/td>\n<\/tr>\n<tr>\n<td>\n<h2><strong>cm \u00a0 \u00a0 \u00a0 \u00a0 \u00a0 \u00a0 \u00a0 \u00a0 \u00a0\u00a0<\/strong><\/h2>\n<\/td>\n<td>\n<h2><strong>cm \u00a0 \u00a0 \u00a0 \u00a0 \u00a0 \u00a0 \u00a0 \u00a0 \u00a0<\/strong><\/h2>\n<\/td>\n<td>\n<h2><strong>cm<\/strong><\/h2>\n<\/td>\n<\/tr>\n<tr>\n<td>\n<h2><strong>S (P)<\/strong><\/h2>\n<\/td>\n<td>60-64<\/td>\n<td>74-78<\/td>\n<td>87<\/td>\n<\/tr>\n<tr>\n<td>\n<h2><strong>M<\/strong><\/h2>\n<\/td>\n<td>65-69<\/td>\n<td>79-83<\/td>\n<td>89<\/td>\n<\/tr>\n<tr>\n<td>\n<h2><strong>L (G)<\/strong><\/h2>\n<\/td>\n<td>70-74<\/td>\n<td>84-88<\/td>\n<td>90<\/td>\n<\/tr>\n<tr>\n<td>\n<h2><strong>XL (XG)<\/strong><\/h2>\n<\/td>\n<td>75-79<\/td>\n<td>89-93<\/td>\n<td>92<\/td>\n<\/tr>\n<tr>\n<td>\n<h2><strong>XXL (XXG)<\/strong><\/h2>\n<\/td>\n<td>80-84<\/td>\n<td>94-98<\/td>\n<td>94<\/td>\n<\/tr>\n<\/tbody>\n<\/table>\n<\/figure>\n<h4><strong>OBS: Favor considerar uma margem de 1 a 3 cent\u00edmetros devido a medi\u00e7\u00e3o manual. Verifique seu tamanho corretamente.<\/strong><\/h4>\n<p>&nbsp;<\/p>\n<figure class=\"image\"><img decoding=\"async\" src=\"https:\/\/ae01.alicdn.com\/kf\/He3584c16c80346ee8b8b8c7c81abc858w.jpg\" \/><\/figure>\n<figure class=\"image\"><img decoding=\"async\" src=\"https:\/\/ae01.alicdn.com\/kf\/H0fe9f0e1a5e54407b3d0b91c33a29773J.jpg\" \/><\/figure>\n<figure class=\"image\"><img decoding=\"async\" src=\"https:\/\/ae01.alicdn.com\/kf\/Hd70628406b574cd79ddd1d9b1c9d8f4bg.jpg\" \/><\/figure>\n<figure class=\"image\"><img decoding=\"async\" src=\"https:\/\/ae01.alicdn.com\/kf\/H46b625eb71804a838820c7f0bc05ed42X.jpg\" \/><\/figure>\n<figure class=\"image\"><img decoding=\"async\" src=\"https:\/\/ae01.alicdn.com\/kf\/H55e335daaee54109b33a92f627c57e79m.jpg\" \/><\/figure>\n<figure class=\"image\"><img decoding=\"async\" src=\"https:\/\/ae01.alicdn.com\/kf\/H1bb3f9dfd0a245ecba8f82a855c54041o.jpg\" \/><\/figure>\n<figure class=\"image\"><img decoding=\"async\" src=\"https:\/\/ae01.alicdn.com\/kf\/H2a5173f86c544e9da53980437326fb0dR.jpg\" \/><\/figure>\n<p>&nbsp;<\/p>\n<p>&nbsp;<\/p>\n<p>&nbsp;<\/p>\n","protected":false},"excerpt":{"rendered":"<p>CAL\u00c7A LEGGING ESTAMPA F\u00caNIX FOGO Linda Legging com um lindo print da linda F\u00eanix e costura refor\u00e7ada na virilha. As cal\u00e7as Legging utilizam uma tecnologia de secagem r\u00e1pida, ideais para todo tipo de esporte desde os mais leves at\u00e9 os de alta intensidade e se ajustam ao corpo perfeitamente! Material : polyester 88% spandex 12% [&hellip;]<\/p>\n","protected":false},"featured_media":4221,"comment_status":"open","ping_status":"closed","template":"","meta":[],"product_brand":[],"product_cat":[21,231],"product_tag":[],"class_list":{"0":"post-4222","1":"product","2":"type-product","3":"status-publish","4":"has-post-thumbnail","6":"product_cat-leggings","7":"product_cat-promocoes","9":"first","10":"instock","11":"sale","12":"shipping-taxable","13":"purchasable","14":"product-type-variable"},"_links":{"self":[{"href":"https:\/\/lottustech.com\/bella\/wp-json\/wp\/v2\/product\/4222","targetHints":{"allow":["GET"]}}],"collection":[{"href":"https:\/\/lottustech.com\/bella\/wp-json\/wp\/v2\/product"}],"about":[{"href":"https:\/\/lottustech.com\/bella\/wp-json\/wp\/v2\/types\/product"}],"replies":[{"embeddable":true,"href":"https:\/\/lottustech.com\/bella\/wp-json\/wp\/v2\/comments?post=4222"}],"wp:featuredmedia":[{"embeddable":true,"href":"https:\/\/lottustech.com\/bella\/wp-json\/wp\/v2\/media\/4221"}],"wp:attachment":[{"href":"https:\/\/lottustech.com\/bella\/wp-json\/wp\/v2\/media?parent=4222"}],"wp:term":[{"taxonomy":"product_brand","embeddable":true,"href":"https:\/\/lottustech.com\/bella\/wp-json\/wp\/v2\/product_brand?post=4222"},{"taxonomy":"product_cat","embeddable":true,"href":"https:\/\/lottustech.com\/bella\/wp-json\/wp\/v2\/product_cat?post=4222"},{"taxonomy":"product_tag","embeddable":true,"href":"https:\/\/lottustech.com\/bella\/wp-json\/wp\/v2\/product_tag?post=4222"}],"curies":[{"name":"wp","href":"https:\/\/api.w.org\/{rel}","templated":true}]}}