{"id":4169,"date":"2021-11-16T20:32:04","date_gmt":"2021-11-16T23:32:04","guid":{"rendered":"https:\/\/lottustech.com\/bella\/produto\/legging-sem-costura-transparencia-furos\/"},"modified":"2023-01-09T10:40:19","modified_gmt":"2023-01-09T13:40:19","slug":"legging-sem-costura-transparencia-furos","status":"publish","type":"product","link":"https:\/\/lottustech.com\/bella\/produto\/legging-sem-costura-transparencia-furos\/","title":{"rendered":"Legging sem Costura Transpar\u00eancia Furos"},"content":{"rendered":"<h3><strong>LEGGING SEM COSTURA TRANSPAR\u00caNCIA FUROS<\/strong><\/h3>\n<p>Linda Legging que se ajusta ao corpo, excelente malha feita em nylon e spandex.<\/p>\n<p>S\u00e3o v\u00e1rias cores para voc\u00ea escolher!<\/p>\n<ul>\n<li>Tecido com alta respirabilidade<\/li>\n<li>Sem Costura<\/li>\n<li>Secagem R\u00e1pida<\/li>\n<li>Cintura Alta<\/li>\n<li>Ideal para qualquer tipo de esporte ou para usar no dia a dia!<\/li>\n<\/ul>\n<figure class=\"table\">\n<table>\n<tbody>\n<tr>\n<td>Tamanho<\/td>\n<td>Cintura<\/td>\n<td>Comprimento<\/td>\n<td>Quadril<\/td>\n<\/tr>\n<tr>\n<td>S (P)<\/td>\n<td>26<\/td>\n<td>85<\/td>\n<td>30<\/td>\n<\/tr>\n<tr>\n<td>M<\/td>\n<td>28<\/td>\n<td>87<\/td>\n<td>33<\/td>\n<\/tr>\n<tr>\n<td>L (G)<\/td>\n<td>30<\/td>\n<td>89<\/td>\n<td>36<\/td>\n<\/tr>\n<\/tbody>\n<\/table>\n<\/figure>\n<p>OBS: <strong>Devido \u00e0 medi\u00e7\u00e3o\u00a0manual e a elasticidade do tecido, os tamanhos podem variar de 1 a 3 cent\u00edmetros<\/strong><\/p>\n<p>&nbsp;<\/p>\n<figure class=\"image\"><img decoding=\"async\" src=\"https:\/\/ae01.alicdn.com\/kf\/H9fc6417bae7f418fb9bc261534325f9ad.jpg\" \/><\/figure>\n<figure class=\"image\"><img decoding=\"async\" src=\"https:\/\/ae01.alicdn.com\/kf\/H85844c82ea224a649387f9434aea2215i.jpg\" \/><\/figure>\n<figure class=\"image\"><img decoding=\"async\" src=\"https:\/\/ae01.alicdn.com\/kf\/H366fa69927684b3896cac5da6f302e9dN.jpg\" \/><\/figure>\n<figure class=\"image\"><img decoding=\"async\" src=\"https:\/\/ae01.alicdn.com\/kf\/H5359212ff06c4d01ab896f625144b78b0.jpg\" \/><\/figure>\n<figure class=\"image\"><img decoding=\"async\" src=\"https:\/\/ae01.alicdn.com\/kf\/H897d7ea57c51427ba888b336ad7cd44fz.jpg\" \/><\/figure>\n<figure class=\"image\"><img decoding=\"async\" src=\"https:\/\/ae01.alicdn.com\/kf\/H028d1fd0f10045df898a542c447bcc17J.jpg\" \/><\/figure>\n<figure class=\"image\"><img decoding=\"async\" src=\"https:\/\/ae01.alicdn.com\/kf\/H741e2045bdaa45c3b695c0f7f1647f75v.jpg\" \/><\/figure>\n<figure class=\"image\"><img decoding=\"async\" src=\"https:\/\/ae01.alicdn.com\/kf\/H81501bcff35441cb93917d1ebfe9f5bf6.jpg\" \/><\/figure>\n<figure class=\"image\"><img decoding=\"async\" src=\"https:\/\/ae01.alicdn.com\/kf\/He6007d55f5c940dabf2951c16b154940m.jpg\" \/><\/figure>\n<figure class=\"image\"><img decoding=\"async\" src=\"https:\/\/ae01.alicdn.com\/kf\/H7c0bf81392414dd1ad4cc1e1ac4bbad1N.jpg\" \/><\/figure>\n<figure class=\"image\"><img decoding=\"async\" src=\"https:\/\/ae01.alicdn.com\/kf\/Hb1c811043aa842b28600507ba204c934n.jpg\" \/><\/figure>\n<figure class=\"image\"><img decoding=\"async\" src=\"https:\/\/ae01.alicdn.com\/kf\/Hcff526fefcb343cdb758d4295c34fb5fy.jpg\" \/><\/figure>\n<figure class=\"image\"><img decoding=\"async\" src=\"https:\/\/ae01.alicdn.com\/kf\/H277d7ef2022c480c8973b0892a0ba47ao.jpg\" \/><\/figure>\n<figure class=\"image\"><img decoding=\"async\" src=\"https:\/\/ae01.alicdn.com\/kf\/H027a40d564e64fdbb10509fe4d587c0b4.jpg\" \/><\/figure>\n<figure class=\"image\"><img decoding=\"async\" src=\"https:\/\/ae01.alicdn.com\/kf\/Hbc6203030f4d4cfcac3b3f01acee9f94R.jpg\" \/><\/figure>\n<figure class=\"image\"><img decoding=\"async\" src=\"https:\/\/ae01.alicdn.com\/kf\/Hea0538bcf24945afb4282ed420cab6f6p.jpg\" \/><\/figure>\n<figure class=\"image\"><img decoding=\"async\" src=\"https:\/\/ae01.alicdn.com\/kf\/H752ccb3fa86441f1b989a84c1e498d0fa.jpg\" \/><\/figure>\n<figure class=\"image\"><img decoding=\"async\" src=\"https:\/\/ae01.alicdn.com\/kf\/H8bff7ab937514d7f9954f21ef967232bY.jpg\" \/><\/figure>\n<figure class=\"image\"><img decoding=\"async\" src=\"https:\/\/ae01.alicdn.com\/kf\/H5a11418c4a654c0e93ec4275cda01e15E.jpg\" \/><\/figure>\n<figure class=\"image\"><img decoding=\"async\" src=\"https:\/\/ae01.alicdn.com\/kf\/H3b8225fa8e42499a9c614c14db31218fr.jpg\" \/><\/figure>\n<figure class=\"image\"><img decoding=\"async\" src=\"https:\/\/ae01.alicdn.com\/kf\/H4d960bf03e7b40cbbe06b9d464ccba8ee.jpg\" \/><\/figure>\n<figure class=\"image\"><img decoding=\"async\" src=\"https:\/\/ae01.alicdn.com\/kf\/H2d1244c363f64f8487268083a33a8dceR.jpg\" \/><\/figure>\n<figure class=\"image\"><img decoding=\"async\" src=\"https:\/\/ae01.alicdn.com\/kf\/He37d89aa33e74b54a55e9469c1e25b9bu.jpg\" \/><\/figure>\n<figure class=\"image\"><img decoding=\"async\" src=\"https:\/\/ae01.alicdn.com\/kf\/H8bdf9ee293fb4b9586f6cdea7a7d40db8.jpg\" \/><\/figure>\n<figure class=\"image\"><img decoding=\"async\" src=\"https:\/\/ae01.alicdn.com\/kf\/H9e81ff23b13341438cc532b5e87f65b8N.jpg\" \/><\/figure>\n<figure class=\"image\"><img decoding=\"async\" src=\"https:\/\/ae01.alicdn.com\/kf\/H47b96d1fa5184f3e8ec08c5b3e07a524k.jpg\" \/><\/figure>\n<figure class=\"image\"><img decoding=\"async\" src=\"https:\/\/ae01.alicdn.com\/kf\/H5a6cf8f8ce5e4978857402e9b4d25f8fM.jpg\" \/><\/figure>\n<figure class=\"image\"><img decoding=\"async\" src=\"https:\/\/ae01.alicdn.com\/kf\/H58af997ae9b74f1d9c82ea88d257f53ax.jpg\" \/><\/figure>\n<figure class=\"image\"><img decoding=\"async\" src=\"https:\/\/ae01.alicdn.com\/kf\/H84fcb86c23324da5922c2845e5a817bfy.jpg\" \/><\/figure>\n<figure class=\"image\"><img decoding=\"async\" src=\"https:\/\/ae01.alicdn.com\/kf\/Hc500b4db5d4a4b7c94921fefb19df0c9w.jpg\" \/><\/figure>\n<figure class=\"image\"><img decoding=\"async\" src=\"https:\/\/ae01.alicdn.com\/kf\/He55089719de347038c1751850c99af2fa.jpg\" \/><\/figure>\n<figure class=\"image\"><img decoding=\"async\" src=\"https:\/\/ae01.alicdn.com\/kf\/H880fde0c2a68456e9f9dbcc95af4ede9V.jpg\" \/><\/figure>\n<figure class=\"image\"><img decoding=\"async\" src=\"https:\/\/ae01.alicdn.com\/kf\/H93c740514346454aba1dc89daf91403em.jpg\" \/><\/figure>\n<figure class=\"image\"><img decoding=\"async\" src=\"https:\/\/ae01.alicdn.com\/kf\/H03f158bb4c304fc8ac18d5ac9b8df518V.jpg\" \/><\/figure>\n<figure class=\"image\"><img decoding=\"async\" src=\"https:\/\/ae01.alicdn.com\/kf\/Hcdf6becfaa3d4bc1bf0504bff6e5699co.jpg\" \/><\/figure>\n<p>&nbsp;<\/p>\n","protected":false},"excerpt":{"rendered":"<p>LEGGING SEM COSTURA TRANSPAR\u00caNCIA FUROS Linda Legging que se ajusta ao corpo, excelente malha feita em nylon e spandex. S\u00e3o v\u00e1rias cores para voc\u00ea escolher! Tecido com alta respirabilidade Sem Costura Secagem R\u00e1pida Cintura Alta Ideal para qualquer tipo de esporte ou para usar no dia a dia! Tamanho Cintura Comprimento Quadril S (P) 26 [&hellip;]<\/p>\n","protected":false},"featured_media":4168,"comment_status":"open","ping_status":"closed","template":"","meta":[],"product_brand":[],"product_cat":[21,231],"product_tag":[],"class_list":{"0":"post-4169","1":"product","2":"type-product","3":"status-publish","4":"has-post-thumbnail","6":"product_cat-leggings","7":"product_cat-promocoes","9":"first","10":"instock","11":"sale","12":"shipping-taxable","13":"purchasable","14":"product-type-variable"},"_links":{"self":[{"href":"https:\/\/lottustech.com\/bella\/wp-json\/wp\/v2\/product\/4169","targetHints":{"allow":["GET"]}}],"collection":[{"href":"https:\/\/lottustech.com\/bella\/wp-json\/wp\/v2\/product"}],"about":[{"href":"https:\/\/lottustech.com\/bella\/wp-json\/wp\/v2\/types\/product"}],"replies":[{"embeddable":true,"href":"https:\/\/lottustech.com\/bella\/wp-json\/wp\/v2\/comments?post=4169"}],"wp:featuredmedia":[{"embeddable":true,"href":"https:\/\/lottustech.com\/bella\/wp-json\/wp\/v2\/media\/4168"}],"wp:attachment":[{"href":"https:\/\/lottustech.com\/bella\/wp-json\/wp\/v2\/media?parent=4169"}],"wp:term":[{"taxonomy":"product_brand","embeddable":true,"href":"https:\/\/lottustech.com\/bella\/wp-json\/wp\/v2\/product_brand?post=4169"},{"taxonomy":"product_cat","embeddable":true,"href":"https:\/\/lottustech.com\/bella\/wp-json\/wp\/v2\/product_cat?post=4169"},{"taxonomy":"product_tag","embeddable":true,"href":"https:\/\/lottustech.com\/bella\/wp-json\/wp\/v2\/product_tag?post=4169"}],"curies":[{"name":"wp","href":"https:\/\/api.w.org\/{rel}","templated":true}]}}