{"id":4149,"date":"2021-11-16T19:52:47","date_gmt":"2021-11-16T22:52:47","guid":{"rendered":"https:\/\/lottustech.com\/bella\/produto\/legging-sem-costura-fit-cores\/"},"modified":"2023-01-09T10:40:03","modified_gmt":"2023-01-09T13:40:03","slug":"legging-sem-costura-fit-cores","status":"publish","type":"product","link":"https:\/\/lottustech.com\/bella\/produto\/legging-sem-costura-fit-cores\/","title":{"rendered":"Legging sem Costura Fit cores"},"content":{"rendered":"<h3><strong>LEGGING SEM COSTURA CINTURA ALTA FIT<\/strong><\/h3>\n<p>Linda Legging que se ajusta ao corpo, excelente malha feita em poliester e spandex.<\/p>\n<p>S\u00e3o v\u00e1rias cores para voc\u00ea escolher!<\/p>\n<ul>\n<li>Tecido com alta respirabilidade<\/li>\n<li>Sem Costura<\/li>\n<li>Secagem R\u00e1pida<\/li>\n<li>Cintura Alta<\/li>\n<li>Ideal para qualquer tipo de esporte ou para usar no dia a dia!<\/li>\n<\/ul>\n<p>&nbsp;<\/p>\n<figure class=\"table\">\n<table>\n<tbody>\n<tr>\n<td rowspan=\"2\">Tamanho<\/td>\n<td><\/td>\n<td><\/td>\n<td><\/td>\n<\/tr>\n<tr>\n<td>Cintura (CM)<\/td>\n<td>Comprimento (CM)<\/td>\n<td>Quadril (CM)<\/td>\n<\/tr>\n<tr>\n<td>S (P)<\/td>\n<td>62<\/td>\n<td>83<\/td>\n<td>70<\/td>\n<\/tr>\n<tr>\n<td>M<\/td>\n<td>66<\/td>\n<td>85<\/td>\n<td>75<\/td>\n<\/tr>\n<tr>\n<td>L (G)<\/td>\n<td>70<\/td>\n<td>87<\/td>\n<td>80<\/td>\n<\/tr>\n<tr>\n<td>XL (XG)<\/td>\n<td>74<\/td>\n<td>89<\/td>\n<td>85<\/td>\n<\/tr>\n<\/tbody>\n<\/table>\n<\/figure>\n<p>OBS: <strong>Devido \u00e0 medi\u00e7\u00e3o\u00a0manual e a elasticidade do tecido, os tamanhos podem variar de 1 a 3 cent\u00edmetros.<\/strong><\/p>\n<figure class=\"image\"><img decoding=\"async\" src=\"https:\/\/ae01.alicdn.com\/kf\/H628c28471a984dbda6d5de0c82df5966x.jpg\" \/><\/figure>\n<figure class=\"image\"><img decoding=\"async\" src=\"https:\/\/ae01.alicdn.com\/kf\/H81ad6fa97fc2401e9a196d9cfb20d5e6Y.jpg\" \/><\/figure>\n<figure class=\"image\"><img decoding=\"async\" src=\"https:\/\/ae01.alicdn.com\/kf\/Hfa1a5d0780db4eb3a13b6fafd9851d32I.jpg\" \/><\/figure>\n<figure class=\"image\"><img decoding=\"async\" src=\"https:\/\/ae01.alicdn.com\/kf\/H075d3c629f14453f952c51f62a15be067.jpg\" \/><\/figure>\n<p>&nbsp;<\/p>\n<p>&nbsp;<\/p>\n","protected":false},"excerpt":{"rendered":"<p>LEGGING SEM COSTURA CINTURA ALTA FIT Linda Legging que se ajusta ao corpo, excelente malha feita em poliester e spandex. S\u00e3o v\u00e1rias cores para voc\u00ea escolher! Tecido com alta respirabilidade Sem Costura Secagem R\u00e1pida Cintura Alta Ideal para qualquer tipo de esporte ou para usar no dia a dia! &nbsp; Tamanho Cintura (CM) Comprimento (CM) [&hellip;]<\/p>\n","protected":false},"featured_media":4148,"comment_status":"open","ping_status":"closed","template":"","meta":[],"product_brand":[],"product_cat":[21,231],"product_tag":[],"class_list":{"0":"post-4149","1":"product","2":"type-product","3":"status-publish","4":"has-post-thumbnail","6":"product_cat-leggings","7":"product_cat-promocoes","9":"first","10":"instock","11":"sale","12":"shipping-taxable","13":"purchasable","14":"product-type-variable"},"_links":{"self":[{"href":"https:\/\/lottustech.com\/bella\/wp-json\/wp\/v2\/product\/4149","targetHints":{"allow":["GET"]}}],"collection":[{"href":"https:\/\/lottustech.com\/bella\/wp-json\/wp\/v2\/product"}],"about":[{"href":"https:\/\/lottustech.com\/bella\/wp-json\/wp\/v2\/types\/product"}],"replies":[{"embeddable":true,"href":"https:\/\/lottustech.com\/bella\/wp-json\/wp\/v2\/comments?post=4149"}],"wp:featuredmedia":[{"embeddable":true,"href":"https:\/\/lottustech.com\/bella\/wp-json\/wp\/v2\/media\/4148"}],"wp:attachment":[{"href":"https:\/\/lottustech.com\/bella\/wp-json\/wp\/v2\/media?parent=4149"}],"wp:term":[{"taxonomy":"product_brand","embeddable":true,"href":"https:\/\/lottustech.com\/bella\/wp-json\/wp\/v2\/product_brand?post=4149"},{"taxonomy":"product_cat","embeddable":true,"href":"https:\/\/lottustech.com\/bella\/wp-json\/wp\/v2\/product_cat?post=4149"},{"taxonomy":"product_tag","embeddable":true,"href":"https:\/\/lottustech.com\/bella\/wp-json\/wp\/v2\/product_tag?post=4149"}],"curies":[{"name":"wp","href":"https:\/\/api.w.org\/{rel}","templated":true}]}}