{"id":4113,"date":"2021-11-16T13:59:18","date_gmt":"2021-11-16T16:59:18","guid":{"rendered":"https:\/\/lottustech.com\/bella\/produto\/legging-estampa-halloween\/"},"modified":"2023-01-09T10:39:47","modified_gmt":"2023-01-09T13:39:47","slug":"legging-estampa-halloween","status":"publish","type":"product","link":"https:\/\/lottustech.com\/bella\/produto\/legging-estampa-halloween\/","title":{"rendered":"Legging Estampa Halloween"},"content":{"rendered":"<h3><strong>CAL\u00c7A LEGGING ESTAMPA HALLOWEEN<\/strong><\/h3>\n<h4>Linda Legging com um lindo print de Halloween e costura refor\u00e7ada na virilha.<\/h4>\n<h4>As cal\u00e7as Legging utilizam uma tecnologia de secagem r\u00e1pida, ideais para todo tipo de esporte desde os mais leves at\u00e9 os de alta intensidade e se ajustam ao corpo perfeitamente!<\/h4>\n<h4>Material : <strong>polyester 88% elastano 12%<\/strong><\/h4>\n<p>&nbsp;<\/p>\n<figure class=\"table\">\n<table>\n<tbody>\n<tr>\n<td rowspan=\"2\">\n<h2>TAMANHO<\/h2>\n<\/td>\n<td>\n<h2>CINTURA<\/h2>\n<\/td>\n<td>\n<h2>QUADRIL<\/h2>\n<\/td>\n<td>\n<h2>COMPRIMENTO<\/h2>\n<\/td>\n<\/tr>\n<tr>\n<td>\n<h2><strong>cm \u00a0 \u00a0 \u00a0 \u00a0 \u00a0 \u00a0 \u00a0 \u00a0 \u00a0\u00a0<\/strong><\/h2>\n<\/td>\n<td>\n<h2><strong>cm \u00a0 \u00a0 \u00a0 \u00a0 \u00a0 \u00a0 \u00a0 \u00a0 \u00a0<\/strong><\/h2>\n<\/td>\n<td>\n<h2><strong>cm<\/strong><\/h2>\n<\/td>\n<\/tr>\n<tr>\n<td>\n<h2><strong>S (P)<\/strong><\/h2>\n<\/td>\n<td>60-64<\/td>\n<td>74-78<\/td>\n<td>87<\/td>\n<\/tr>\n<tr>\n<td>\n<h2><strong>M<\/strong><\/h2>\n<\/td>\n<td>65-69<\/td>\n<td>79-83<\/td>\n<td>89<\/td>\n<\/tr>\n<tr>\n<td>\n<h2><strong>L (G)<\/strong><\/h2>\n<\/td>\n<td>70-74<\/td>\n<td>84-88<\/td>\n<td>90<\/td>\n<\/tr>\n<tr>\n<td>\n<h2><strong>XL (XG)<\/strong><\/h2>\n<\/td>\n<td>75-79<\/td>\n<td>89-93<\/td>\n<td>92<\/td>\n<\/tr>\n<tr>\n<td>\n<h2><strong>XXL (XXG)<\/strong><\/h2>\n<\/td>\n<td>80-84<\/td>\n<td>94-98<\/td>\n<td>94<\/td>\n<\/tr>\n<\/tbody>\n<\/table>\n<\/figure>\n<h4><strong>OBS: Favor considerar uma margem de 1 a 3 cent\u00edmetros devido a medi\u00e7\u00e3o manual. Verifique seu tamanho corretamente.<\/strong><\/h4>\n<figure class=\"image\"><img decoding=\"async\" src=\"https:\/\/ae01.alicdn.com\/kf\/He42b0e6f568842db8f4ef897cc8ff1259.jpg\" \/><\/figure>\n<figure class=\"image\"><img decoding=\"async\" src=\"https:\/\/ae01.alicdn.com\/kf\/Hbd0dae2b48a64090af7188531a0fa9ebA.jpg\" \/><\/figure>\n<figure class=\"image\"><img decoding=\"async\" src=\"https:\/\/ae01.alicdn.com\/kf\/H58ba226e37484fdc87158fe6788a87f6k.jpg\" \/><\/figure>\n<figure class=\"image\"><img decoding=\"async\" src=\"https:\/\/ae01.alicdn.com\/kf\/He8b567f79cef4e86ad0cb94f72cd3272D.jpg\" \/><\/figure>\n<figure class=\"image\"><img decoding=\"async\" src=\"https:\/\/ae01.alicdn.com\/kf\/H1b60415a0a864fbaa74b8020cc0ea805B.jpg\" \/><\/figure>\n<figure class=\"image\"><img decoding=\"async\" src=\"https:\/\/ae01.alicdn.com\/kf\/Hecb52a6fe3354edbbb9dbe3cb5ddc443w.jpg\" \/><\/figure>\n<figure class=\"image\"><img decoding=\"async\" src=\"https:\/\/ae01.alicdn.com\/kf\/Hb8967dbfd1fe4b778df3bd07e72bad7fl.jpg\" \/><\/figure>\n<p>&nbsp;<\/p>\n<p>&nbsp;<\/p>\n<p>&nbsp;<\/p>\n","protected":false},"excerpt":{"rendered":"<p>CAL\u00c7A LEGGING ESTAMPA HALLOWEEN Linda Legging com um lindo print de Halloween e costura refor\u00e7ada na virilha. As cal\u00e7as Legging utilizam uma tecnologia de secagem r\u00e1pida, ideais para todo tipo de esporte desde os mais leves at\u00e9 os de alta intensidade e se ajustam ao corpo perfeitamente! Material : polyester 88% elastano 12% &nbsp; TAMANHO [&hellip;]<\/p>\n","protected":false},"featured_media":4112,"comment_status":"open","ping_status":"closed","template":"","meta":[],"product_brand":[],"product_cat":[21,231],"product_tag":[],"class_list":{"0":"post-4113","1":"product","2":"type-product","3":"status-publish","4":"has-post-thumbnail","6":"product_cat-leggings","7":"product_cat-promocoes","9":"first","10":"instock","11":"sale","12":"shipping-taxable","13":"purchasable","14":"product-type-variable"},"_links":{"self":[{"href":"https:\/\/lottustech.com\/bella\/wp-json\/wp\/v2\/product\/4113","targetHints":{"allow":["GET"]}}],"collection":[{"href":"https:\/\/lottustech.com\/bella\/wp-json\/wp\/v2\/product"}],"about":[{"href":"https:\/\/lottustech.com\/bella\/wp-json\/wp\/v2\/types\/product"}],"replies":[{"embeddable":true,"href":"https:\/\/lottustech.com\/bella\/wp-json\/wp\/v2\/comments?post=4113"}],"wp:featuredmedia":[{"embeddable":true,"href":"https:\/\/lottustech.com\/bella\/wp-json\/wp\/v2\/media\/4112"}],"wp:attachment":[{"href":"https:\/\/lottustech.com\/bella\/wp-json\/wp\/v2\/media?parent=4113"}],"wp:term":[{"taxonomy":"product_brand","embeddable":true,"href":"https:\/\/lottustech.com\/bella\/wp-json\/wp\/v2\/product_brand?post=4113"},{"taxonomy":"product_cat","embeddable":true,"href":"https:\/\/lottustech.com\/bella\/wp-json\/wp\/v2\/product_cat?post=4113"},{"taxonomy":"product_tag","embeddable":true,"href":"https:\/\/lottustech.com\/bella\/wp-json\/wp\/v2\/product_tag?post=4113"}],"curies":[{"name":"wp","href":"https:\/\/api.w.org\/{rel}","templated":true}]}}