{"id":3566,"date":"2021-11-13T21:48:52","date_gmt":"2021-11-14T00:48:52","guid":{"rendered":"https:\/\/lottustech.com\/bella\/produto\/legging-estampa-psicodelica-colorida\/"},"modified":"2023-01-09T10:39:05","modified_gmt":"2023-01-09T13:39:05","slug":"legging-estampa-psicodelica-colorida","status":"publish","type":"product","link":"https:\/\/lottustech.com\/bella\/produto\/legging-estampa-psicodelica-colorida\/","title":{"rendered":"Legging Estampa Psicod\u00e9lica Colorida"},"content":{"rendered":"<h3><strong>CAL\u00c7A LEGGING ESTAMPA PSICOD\u00c9LICA COLORIDA<\/strong><\/h3>\n<h4>Linda Legging com um lindo print colorido e costura refor\u00e7ada na virilha.<\/h4>\n<h4>As cal\u00e7as Legging utilizam uma tecnologia de secagem r\u00e1pida, ideais para todo tipo de esporte desde os mais leves at\u00e9 os de alta intensidade e se ajustam ao corpo perfeitamente!<\/h4>\n<h4>Material : <strong>polyester 88% elastano 12%<\/strong><\/h4>\n<p>&nbsp;<\/p>\n<figure class=\"table\">\n<table>\n<tbody>\n<tr>\n<td rowspan=\"2\">\n<h2>TAMANHO<\/h2>\n<\/td>\n<td>\n<h2>CINTURA<\/h2>\n<\/td>\n<td>\n<h2>QUADRIL<\/h2>\n<\/td>\n<td>\n<h2>COMPRIMENTO<\/h2>\n<\/td>\n<\/tr>\n<tr>\n<td>\n<h2><strong>cm \u00a0 \u00a0 \u00a0 \u00a0 \u00a0 \u00a0 \u00a0 \u00a0 \u00a0\u00a0<\/strong><\/h2>\n<\/td>\n<td>\n<h2><strong>cm \u00a0 \u00a0 \u00a0 \u00a0 \u00a0 \u00a0 \u00a0 \u00a0 \u00a0<\/strong><\/h2>\n<\/td>\n<td>\n<h2><strong>cm<\/strong><\/h2>\n<\/td>\n<\/tr>\n<tr>\n<td>\n<h2><strong>S (P)<\/strong><\/h2>\n<\/td>\n<td>60-64<\/td>\n<td>74-78<\/td>\n<td>87<\/td>\n<\/tr>\n<tr>\n<td>\n<h2><strong>M<\/strong><\/h2>\n<\/td>\n<td>65-69<\/td>\n<td>79-83<\/td>\n<td>89<\/td>\n<\/tr>\n<tr>\n<td>\n<h2><strong>L (G)<\/strong><\/h2>\n<\/td>\n<td>70-74<\/td>\n<td>84-88<\/td>\n<td>90<\/td>\n<\/tr>\n<tr>\n<td>\n<h2><strong>XL (XG)<\/strong><\/h2>\n<\/td>\n<td>75-79<\/td>\n<td>89-93<\/td>\n<td>92<\/td>\n<\/tr>\n<tr>\n<td>\n<h2><strong>XXL (XXG)<\/strong><\/h2>\n<\/td>\n<td>80-84<\/td>\n<td>94-98<\/td>\n<td>94<\/td>\n<\/tr>\n<\/tbody>\n<\/table>\n<\/figure>\n<h4>\n<strong>OBS: Favor considerar uma margem de 1 a 3 cent\u00edmetros devido a medi\u00e7\u00e3o manual. Verifique seu tamanho corretamente.<\/strong><\/h4>\n<p>&nbsp;<\/p>\n<figure class=\"image\"><img decoding=\"async\" src=\"https:\/\/ae01.alicdn.com\/kf\/H027f42c67f7a420abd19566ee8e7bc76d.jpg\" \/><\/figure>\n<figure class=\"image\"><img decoding=\"async\" src=\"https:\/\/ae01.alicdn.com\/kf\/H3d4f6e9f18394c96a076d73c9fe975e0Q.jpg\" \/><\/figure>\n<figure class=\"image\"><img decoding=\"async\" src=\"https:\/\/ae01.alicdn.com\/kf\/Hd41e20ccad714e848d0224b83b12fccfw.jpg\" \/><\/figure>\n<figure class=\"image\"><img decoding=\"async\" src=\"https:\/\/ae01.alicdn.com\/kf\/Hf2667fc8baa749bd95806035eb903b93r.jpg\" \/><\/figure>\n<figure class=\"image\"><img decoding=\"async\" src=\"https:\/\/ae01.alicdn.com\/kf\/He6b994ba7f2548cb88d66f35e7bdd730d.jpg\" \/><\/figure>\n<figure class=\"image\"><img decoding=\"async\" src=\"https:\/\/ae01.alicdn.com\/kf\/H6086cfac29a1438582bb4baf297d9c4bU.jpg\" \/><\/figure>\n<figure class=\"image\"><img decoding=\"async\" src=\"https:\/\/ae01.alicdn.com\/kf\/Heae8e0141ded4a50b13f4891c276623f5.jpg\" \/><\/figure>\n<p>&nbsp;<\/p>\n<p>&nbsp;<\/p>\n<p>&nbsp;<\/p>\n","protected":false},"excerpt":{"rendered":"<p>CAL\u00c7A LEGGING ESTAMPA PSICOD\u00c9LICA COLORIDA Linda Legging com um lindo print colorido e costura refor\u00e7ada na virilha. As cal\u00e7as Legging utilizam uma tecnologia de secagem r\u00e1pida, ideais para todo tipo de esporte desde os mais leves at\u00e9 os de alta intensidade e se ajustam ao corpo perfeitamente! Material : polyester 88% elastano 12% &nbsp; TAMANHO [&hellip;]<\/p>\n","protected":false},"featured_media":3565,"comment_status":"open","ping_status":"closed","template":"","meta":[],"product_brand":[],"product_cat":[21,231],"product_tag":[],"class_list":{"0":"post-3566","1":"product","2":"type-product","3":"status-publish","4":"has-post-thumbnail","6":"product_cat-leggings","7":"product_cat-promocoes","9":"first","10":"instock","11":"sale","12":"shipping-taxable","13":"purchasable","14":"product-type-variable"},"_links":{"self":[{"href":"https:\/\/lottustech.com\/bella\/wp-json\/wp\/v2\/product\/3566","targetHints":{"allow":["GET"]}}],"collection":[{"href":"https:\/\/lottustech.com\/bella\/wp-json\/wp\/v2\/product"}],"about":[{"href":"https:\/\/lottustech.com\/bella\/wp-json\/wp\/v2\/types\/product"}],"replies":[{"embeddable":true,"href":"https:\/\/lottustech.com\/bella\/wp-json\/wp\/v2\/comments?post=3566"}],"wp:featuredmedia":[{"embeddable":true,"href":"https:\/\/lottustech.com\/bella\/wp-json\/wp\/v2\/media\/3565"}],"wp:attachment":[{"href":"https:\/\/lottustech.com\/bella\/wp-json\/wp\/v2\/media?parent=3566"}],"wp:term":[{"taxonomy":"product_brand","embeddable":true,"href":"https:\/\/lottustech.com\/bella\/wp-json\/wp\/v2\/product_brand?post=3566"},{"taxonomy":"product_cat","embeddable":true,"href":"https:\/\/lottustech.com\/bella\/wp-json\/wp\/v2\/product_cat?post=3566"},{"taxonomy":"product_tag","embeddable":true,"href":"https:\/\/lottustech.com\/bella\/wp-json\/wp\/v2\/product_tag?post=3566"}],"curies":[{"name":"wp","href":"https:\/\/api.w.org\/{rel}","templated":true}]}}