{"id":3532,"date":"2021-11-13T21:30:19","date_gmt":"2021-11-14T00:30:19","guid":{"rendered":"https:\/\/lottustech.com\/bella\/produto\/legging-estampa-caveira\/"},"modified":"2023-01-09T10:38:51","modified_gmt":"2023-01-09T13:38:51","slug":"legging-estampa-caveira","status":"publish","type":"product","link":"https:\/\/lottustech.com\/bella\/produto\/legging-estampa-caveira\/","title":{"rendered":"Legging Estampa Caveira"},"content":{"rendered":"<h3><strong>CAL\u00c7A LEGGING ESTAMPA DE CAVEIRA<\/strong><\/h3>\n<h4>Linda Legging com print de caveira e costura refor\u00e7ada na virilha.<\/h4>\n<h4>As cal\u00e7as Legging utilizam uma tecnologia de secagem r\u00e1pida, ideais para todo tipo de esporte desde os mais leves at\u00e9 os de alta intensidade e se ajustam ao corpo perfeitamente!<\/h4>\n<h4>Material : <strong>polyester 88% elastano 12%<\/strong><\/h4>\n<p>&nbsp;<\/p>\n<p>&nbsp;<\/p>\n<figure class=\"table\">\n<table>\n<tbody>\n<tr>\n<td rowspan=\"2\">\n<h2>TAMANHO<\/h2>\n<\/td>\n<td>\n<h2>CINTURA<\/h2>\n<\/td>\n<td>\n<h2>QUADRIL<\/h2>\n<\/td>\n<td>\n<h2>COMPRIMENTO<\/h2>\n<\/td>\n<\/tr>\n<tr>\n<td>\n<h2><strong>cm \u00a0 \u00a0 \u00a0 \u00a0 \u00a0 \u00a0 \u00a0 \u00a0 \u00a0\u00a0<\/strong><\/h2>\n<\/td>\n<td>\n<h2><strong>cm \u00a0 \u00a0 \u00a0 \u00a0 \u00a0 \u00a0 \u00a0 \u00a0 \u00a0<\/strong><\/h2>\n<\/td>\n<td>\n<h2><strong>cm<\/strong><\/h2>\n<\/td>\n<\/tr>\n<tr>\n<td>\n<h2><strong>S (P)<\/strong><\/h2>\n<\/td>\n<td>60-64<\/td>\n<td>74-78<\/td>\n<td>87<\/td>\n<\/tr>\n<tr>\n<td>\n<h2><strong>M<\/strong><\/h2>\n<\/td>\n<td>65-69<\/td>\n<td>79-83<\/td>\n<td>89<\/td>\n<\/tr>\n<tr>\n<td>\n<h2><strong>L (G)<\/strong><\/h2>\n<\/td>\n<td>70-74<\/td>\n<td>84-88<\/td>\n<td>90<\/td>\n<\/tr>\n<tr>\n<td>\n<h2><strong>XL (XG)<\/strong><\/h2>\n<\/td>\n<td>75-79<\/td>\n<td>89-93<\/td>\n<td>92<\/td>\n<\/tr>\n<tr>\n<td>\n<h2><strong>XXL (XXG)<\/strong><\/h2>\n<\/td>\n<td>80-84<\/td>\n<td>94-98<\/td>\n<td>94<\/td>\n<\/tr>\n<\/tbody>\n<\/table>\n<\/figure>\n<p>&nbsp;<\/p>\n<h4><strong>OBS: Favor considerar uma margem de 1 a 3 cent\u00edmetros devido a medi\u00e7\u00e3o manual. Verifique seu tamanho corretamente.<\/strong><\/h4>\n<figure class=\"image\"><img decoding=\"async\" src=\"https:\/\/ae01.alicdn.com\/kf\/Hc197e82adc8d4b8f8f497b2896fc8c53A.jpg\" \/><\/figure>\n<figure class=\"image\"><img decoding=\"async\" src=\"https:\/\/ae01.alicdn.com\/kf\/H83a2df04121f4eefac396b0546c2f3eaX.jpg\" \/><\/figure>\n<figure class=\"image\"><img decoding=\"async\" src=\"https:\/\/ae01.alicdn.com\/kf\/H1bb3bb6260a645e38613ebac25da9574R.jpg\" \/><\/figure>\n<figure class=\"image\"><img decoding=\"async\" src=\"https:\/\/ae01.alicdn.com\/kf\/H3ec2b0e7267d49208a7bb0459c497fe0x.jpg\" \/><\/figure>\n<p>&nbsp;<\/p>\n<figure class=\"image\"><img decoding=\"async\" src=\"https:\/\/ae01.alicdn.com\/kf\/Ha183f5971e214e7ebb3c67665702956b4.jpg\" \/><\/figure>\n<figure class=\"image\"><img decoding=\"async\" src=\"https:\/\/ae01.alicdn.com\/kf\/Hecd6c80792c6433e9b4d1bb84854bc6eG.jpg\" \/><\/figure>\n<p>&nbsp;<\/p>\n<p>&nbsp;<\/p>\n<p>&nbsp;<\/p>\n","protected":false},"excerpt":{"rendered":"<p>CAL\u00c7A LEGGING ESTAMPA DE CAVEIRA Linda Legging com print de caveira e costura refor\u00e7ada na virilha. As cal\u00e7as Legging utilizam uma tecnologia de secagem r\u00e1pida, ideais para todo tipo de esporte desde os mais leves at\u00e9 os de alta intensidade e se ajustam ao corpo perfeitamente! Material : polyester 88% elastano 12% &nbsp; &nbsp; TAMANHO [&hellip;]<\/p>\n","protected":false},"featured_media":3531,"comment_status":"open","ping_status":"closed","template":"","meta":[],"product_brand":[],"product_cat":[21,231],"product_tag":[],"class_list":{"0":"post-3532","1":"product","2":"type-product","3":"status-publish","4":"has-post-thumbnail","6":"product_cat-leggings","7":"product_cat-promocoes","9":"first","10":"instock","11":"sale","12":"shipping-taxable","13":"purchasable","14":"product-type-variable"},"_links":{"self":[{"href":"https:\/\/lottustech.com\/bella\/wp-json\/wp\/v2\/product\/3532","targetHints":{"allow":["GET"]}}],"collection":[{"href":"https:\/\/lottustech.com\/bella\/wp-json\/wp\/v2\/product"}],"about":[{"href":"https:\/\/lottustech.com\/bella\/wp-json\/wp\/v2\/types\/product"}],"replies":[{"embeddable":true,"href":"https:\/\/lottustech.com\/bella\/wp-json\/wp\/v2\/comments?post=3532"}],"wp:featuredmedia":[{"embeddable":true,"href":"https:\/\/lottustech.com\/bella\/wp-json\/wp\/v2\/media\/3531"}],"wp:attachment":[{"href":"https:\/\/lottustech.com\/bella\/wp-json\/wp\/v2\/media?parent=3532"}],"wp:term":[{"taxonomy":"product_brand","embeddable":true,"href":"https:\/\/lottustech.com\/bella\/wp-json\/wp\/v2\/product_brand?post=3532"},{"taxonomy":"product_cat","embeddable":true,"href":"https:\/\/lottustech.com\/bella\/wp-json\/wp\/v2\/product_cat?post=3532"},{"taxonomy":"product_tag","embeddable":true,"href":"https:\/\/lottustech.com\/bella\/wp-json\/wp\/v2\/product_tag?post=3532"}],"curies":[{"name":"wp","href":"https:\/\/api.w.org\/{rel}","templated":true}]}}