{"id":3409,"date":"2021-11-13T19:30:52","date_gmt":"2021-11-13T22:30:52","guid":{"rendered":"https:\/\/lottustech.com\/bella\/produto\/legging-com-cinta-modeladora\/"},"modified":"2023-01-09T10:44:54","modified_gmt":"2023-01-09T13:44:54","slug":"legging-com-cinta-modeladora","status":"publish","type":"product","link":"https:\/\/lottustech.com\/bella\/produto\/legging-com-cinta-modeladora\/","title":{"rendered":"Legging com Cinta Modeladora"},"content":{"rendered":"<p><strong>Est\u00e1 cansada daqueles pneuzinhos que tanto incomodam? \u00a0Cansada de vestir uma roupa e se sentir mal com as gordurinhas a mais que teimam em aparecer e ficar com a auto estima l\u00e1 embaixo?<\/strong><\/p>\n<p><strong>Temos a solu\u00e7\u00e3o!<\/strong><\/p>\n<p><strong>Chegou a cal\u00e7a Legging com Cinta Modeladora! A Legging cont\u00e9m uma Cinta Modeladora de c\u00f3s alto totalmente ajust\u00e1vel ao corpo conforme sua necessidade! Al\u00e9m de auxiliar na perda de peso e afinar sua cintura, contribui no ajuste e posi\u00e7\u00e3o correta da coluna!\u00a0<\/strong><\/p>\n<p><strong>Esta Legging \u00e9 super confort\u00e1vel, se ajusta perfeitamente ao seu corpo, criando um efeito sauna, auxiliando na queima das gorduras localizadas.<\/strong><\/p>\n<p><strong>ALGUMAS VANTAGENS E BENEF\u00cdCIOS:<\/strong><\/p>\n<ul>\n<li>Elimina as gordurinhas indesejadas;<\/li>\n<li>Contribui para afinar a cintura;<\/li>\n<li>Tecido de compress\u00e3o para ajudar a reduzir as celulites;<\/li>\n<li>Material PREMIUM com costuras refor\u00e7adas;<\/li>\n<li>Efeito empina bumbum;<\/li>\n<li>Pode utilizar por debaixo de outras roupas;<\/li>\n<li>Multifuncional, podendo usar para trabalhar, treinar ou dia-a-dia.<\/li>\n<\/ul>\n<p>&nbsp;<\/p>\n<p><strong>Adquira j\u00e1 a sua cal\u00e7a Legging Modeladora e comprove voc\u00ea tamb\u00e9m seus in\u00fameros benef\u00edcios!<\/strong><\/p>\n<p>&nbsp;<\/p>\n<p>&nbsp;<\/p>\n<figure class=\"table\">\n<table>\n<tbody>\n<tr>\n<td colspan=\"4\">Tabela de Tamanhos<\/td>\n<\/tr>\n<tr>\n<td rowspan=\"2\">Tamanho<\/td>\n<td>Cintura<\/td>\n<td>Quadril<\/td>\n<td>Comprimento<\/td>\n<\/tr>\n<tr>\n<td>CM<\/td>\n<td>CM<\/td>\n<td>CM<\/td>\n<\/tr>\n<tr>\n<td>S (P)<\/td>\n<td>60-75<\/td>\n<td>72-87<\/td>\n<td>94<\/td>\n<\/tr>\n<tr>\n<td>M<\/td>\n<td>64-79<\/td>\n<td>76-91<\/td>\n<td>95<\/td>\n<\/tr>\n<tr>\n<td>L (G)<\/td>\n<td>68-83<\/td>\n<td>80-95<\/td>\n<td>96<\/td>\n<\/tr>\n<tr>\n<td>XL (XG)<\/td>\n<td>72-87<\/td>\n<td>84-99<\/td>\n<td>97<\/td>\n<\/tr>\n<tr>\n<td colspan=\"4\">\u2022Devido a diferen\u00e7a de tipos de monitores e ilumina\u00e7\u00e3o, a cor poder\u00e1 ser um pouco diferente da imagem.<\/p>\n<p>\u2022Por favor considere uma diferen\u00e7a de 1 a 3 cent\u00edmetros devido a medi\u00e7\u00e3o manual.<\/td>\n<\/tr>\n<\/tbody>\n<\/table>\n<\/figure>\n<p>&nbsp;<\/p>\n<figure class=\"image\"><img decoding=\"async\" src=\"https:\/\/ae01.alicdn.com\/kf\/H735b8604a93241aaa1117db52dbcd294D.jpg\" \/><\/figure>\n<p>&nbsp;<\/p>\n<figure class=\"image\"><img decoding=\"async\" src=\"https:\/\/ae01.alicdn.com\/kf\/H8c9a5df076fe4afbad0698d508b9d7274.jpg\" \/><\/figure>\n<p>&nbsp;<\/p>\n<figure class=\"image\"><img decoding=\"async\" src=\"https:\/\/ae01.alicdn.com\/kf\/Hae43379cfe9b41e793b8ebc0edcdbbe0Z.jpg\" \/><\/figure>\n<p>&nbsp;<\/p>\n<figure class=\"image\"><img decoding=\"async\" src=\"https:\/\/ae01.alicdn.com\/kf\/H861854bf99e54cae93500e6a6dfc17fdk.jpg\" \/><\/figure>\n<p>&nbsp;<\/p>\n<figure class=\"image\"><img decoding=\"async\" src=\"https:\/\/ae01.alicdn.com\/kf\/H23f7fa854e554f3f9fafc2cb0cd6fc2bG.jpg\" \/><\/figure>\n<p>&nbsp;<\/p>\n<figure class=\"image\"><img decoding=\"async\" src=\"https:\/\/ae01.alicdn.com\/kf\/H46261c23924942dab813ba841983ad9f2.jpg\" \/><\/figure>\n<p>&nbsp;<\/p>\n<figure class=\"image\"><img decoding=\"async\" src=\"https:\/\/ae01.alicdn.com\/kf\/H3d81617d388a42a6acb6d32c7c19d341b.jpg\" \/><\/figure>\n<p>&nbsp;<\/p>\n<figure class=\"image\"><img decoding=\"async\" src=\"https:\/\/ae01.alicdn.com\/kf\/H334ee54280c045b190927b3f0e2fa027r.jpg\" \/><\/figure>\n<p>&nbsp;<\/p>\n<p>&nbsp;<\/p>\n","protected":false},"excerpt":{"rendered":"<p>Est\u00e1 cansada daqueles pneuzinhos que tanto incomodam? \u00a0Cansada de vestir uma roupa e se sentir mal com as gordurinhas a mais que teimam em aparecer e ficar com a auto estima l\u00e1 embaixo? Temos a solu\u00e7\u00e3o! Chegou a cal\u00e7a Legging com Cinta Modeladora! A Legging cont\u00e9m uma Cinta Modeladora de c\u00f3s alto totalmente ajust\u00e1vel ao [&hellip;]<\/p>\n","protected":false},"featured_media":3408,"comment_status":"open","ping_status":"closed","template":"","meta":[],"product_brand":[],"product_cat":[26,21,231],"product_tag":[],"class_list":{"0":"post-3409","1":"product","2":"type-product","3":"status-publish","4":"has-post-thumbnail","6":"product_cat-cintas-modeladoras","7":"product_cat-leggings","8":"product_cat-promocoes","10":"first","11":"instock","12":"sale","13":"shipping-taxable","14":"purchasable","15":"product-type-variable"},"_links":{"self":[{"href":"https:\/\/lottustech.com\/bella\/wp-json\/wp\/v2\/product\/3409","targetHints":{"allow":["GET"]}}],"collection":[{"href":"https:\/\/lottustech.com\/bella\/wp-json\/wp\/v2\/product"}],"about":[{"href":"https:\/\/lottustech.com\/bella\/wp-json\/wp\/v2\/types\/product"}],"replies":[{"embeddable":true,"href":"https:\/\/lottustech.com\/bella\/wp-json\/wp\/v2\/comments?post=3409"}],"wp:featuredmedia":[{"embeddable":true,"href":"https:\/\/lottustech.com\/bella\/wp-json\/wp\/v2\/media\/3408"}],"wp:attachment":[{"href":"https:\/\/lottustech.com\/bella\/wp-json\/wp\/v2\/media?parent=3409"}],"wp:term":[{"taxonomy":"product_brand","embeddable":true,"href":"https:\/\/lottustech.com\/bella\/wp-json\/wp\/v2\/product_brand?post=3409"},{"taxonomy":"product_cat","embeddable":true,"href":"https:\/\/lottustech.com\/bella\/wp-json\/wp\/v2\/product_cat?post=3409"},{"taxonomy":"product_tag","embeddable":true,"href":"https:\/\/lottustech.com\/bella\/wp-json\/wp\/v2\/product_tag?post=3409"}],"curies":[{"name":"wp","href":"https:\/\/api.w.org\/{rel}","templated":true}]}}