{"id":1735,"date":"2021-11-09T21:35:34","date_gmt":"2021-11-10T00:35:34","guid":{"rendered":"https:\/\/lottustech.com\/bella\/produto\/legging-sem-costura-tie-dye\/"},"modified":"2021-11-09T21:36:40","modified_gmt":"2021-11-10T00:36:40","slug":"legging-sem-costura-tie-dye","status":"publish","type":"product","link":"https:\/\/lottustech.com\/bella\/produto\/legging-sem-costura-tie-dye\/","title":{"rendered":"Legging sem costura Tie Dye"},"content":{"rendered":"<p>&nbsp;<\/p>\n<figure class=\"table\">\n<table>\n<tbody>\n<tr>\n<td colspan=\"4\">Tabela de Tamanhos<\/td>\n<\/tr>\n<tr>\n<td rowspan=\"2\">Tamanho<\/td>\n<td>Cintura<\/td>\n<td>Quadril<\/td>\n<td>Comprimento<\/td>\n<\/tr>\n<tr>\n<td>CM<\/td>\n<td>CM<\/td>\n<td>CM<\/td>\n<\/tr>\n<tr>\n<td>XS (PP)<\/td>\n<td>56-71<\/td>\n<td>72-87<\/td>\n<td>83<\/td>\n<\/tr>\n<tr>\n<td>S (P)<\/td>\n<td>60-75<\/td>\n<td>76-91<\/td>\n<td>85<\/td>\n<\/tr>\n<tr>\n<td>M<\/td>\n<td>64-79<\/td>\n<td>80-95<\/td>\n<td>87<\/td>\n<\/tr>\n<tr>\n<td>L (G)<\/td>\n<td>68-83<\/td>\n<td>84-99<\/td>\n<td>89<\/td>\n<\/tr>\n<tr>\n<td>XL (XG)<\/td>\n<td>72-87<\/td>\n<td>88-103<\/td>\n<td>91<\/td>\n<\/tr>\n<tr>\n<td>2XL (XXG)<\/td>\n<td>76-91<\/td>\n<td>92-108<\/td>\n<td>92<\/td>\n<\/tr>\n<tr>\n<td colspan=\"4\">\n<p>\u2022 Devido \u00e0 diferen\u00e7a de tipos de monitores e ilumina\u00e7\u00e3o, a imagem pode n\u00e3o refletir 100% a cor real do item.<\/p>\n<p>\u2022 OBS: Por favor considerar 1-3 cent\u00edmetros de diferen\u00e7a devido \u00e0 medi\u00e7\u00e3o manual<\/p>\n<\/td>\n<\/tr>\n<\/tbody>\n<\/table>\n<\/figure>\n<p>&nbsp;<\/p>\n<figure class=\"image\"><img decoding=\"async\" src=\"https:\/\/ae01.alicdn.com\/kf\/H596a23dfbc65447cbf7dc1cd5b836a6co.jpg\"><\/figure>\n<p>&nbsp;<\/p>\n<figure class=\"image\"><img decoding=\"async\" src=\"https:\/\/ae01.alicdn.com\/kf\/H5896092a1b594f2c9144706fbad47d9f2.jpg\"><\/figure>\n<p>&nbsp;<\/p>\n<figure class=\"image\"><img decoding=\"async\" src=\"https:\/\/ae01.alicdn.com\/kf\/H90a151ce31cf4283ab06e7a077a87a03F.jpg\"><\/figure>\n<p>&nbsp;<\/p>\n<figure class=\"image\"><img decoding=\"async\" src=\"https:\/\/ae01.alicdn.com\/kf\/H9c84e72dd70d4585a59852e0b40a8a961.jpg\"><\/figure>\n<p>&nbsp;<\/p>\n<figure class=\"image\"><img decoding=\"async\" src=\"https:\/\/ae01.alicdn.com\/kf\/Hbbc093d93f7e4ce8920991071a386004O.jpg\"><\/figure>\n<p>&nbsp;<\/p>\n<figure class=\"image\"><img decoding=\"async\" src=\"https:\/\/ae01.alicdn.com\/kf\/Ha726b83e9dfc428e9643e33bb0891399S.jpg\"><\/figure>\n<p>&nbsp;<\/p>\n<figure class=\"image\"><img decoding=\"async\" src=\"https:\/\/ae01.alicdn.com\/kf\/H237c2dfe1e624af285e31da43c61f149D.jpg\"><\/figure>\n<p>&nbsp;<\/p>\n<figure class=\"image\"><img decoding=\"async\" src=\"https:\/\/ae01.alicdn.com\/kf\/H9307b4c0a43a467189f58096da473294y.jpg\"><\/figure>\n<p>&nbsp;<\/p>\n<figure class=\"image\"><img decoding=\"async\" src=\"https:\/\/ae01.alicdn.com\/kf\/H96343a7ce22d4806b4ef8ad10ee810e5e.jpg\"><\/figure>\n<p>&nbsp;<\/p>\n<figure class=\"image\"><img decoding=\"async\" src=\"https:\/\/ae01.alicdn.com\/kf\/Hb8e57817325148ebb4516f66bd3d2ea0u.jpg\"><\/figure>\n<p>&nbsp;<\/p>\n<figure class=\"image\"><img decoding=\"async\" src=\"https:\/\/ae04.alicdn.com\/kf\/H4d61738d56be46d8927c69f89c710c6ff.jpg\"><\/figure>\n<figure class=\"image\"><img decoding=\"async\" src=\"https:\/\/ae04.alicdn.com\/kf\/Hddc91c01302644349f4c434e9568a771e.jpg\"><\/figure>\n<figure class=\"image\"><img decoding=\"async\" src=\"https:\/\/ae04.alicdn.com\/kf\/Hdaf3ce9bd16840c9b5bf9d3cb8714303K.jpg\"><\/figure>\n<figure class=\"image\"><img decoding=\"async\" src=\"https:\/\/ae04.alicdn.com\/kf\/Hfd8d24b0cbcb4ab9be345e295f3caf70P.jpg\"><\/figure>\n<p>&nbsp;<\/p>\n<figure class=\"image\"><img decoding=\"async\" src=\"https:\/\/ae04.alicdn.com\/kf\/H4d355f225f1a4840bb018ef7c41c2582x.jpg\"><\/figure>\n<p>&nbsp;<\/p>\n<p>&nbsp;<\/p>\n<p>&nbsp;<\/p>\n<p>&nbsp;<\/p>\n","protected":false},"excerpt":{"rendered":"<p>&nbsp; Tabela de Tamanhos Tamanho Cintura Quadril Comprimento CM CM CM XS (PP) 56-71 72-87 83 S (P) 60-75 76-91 85 M 64-79 80-95 87 L (G) 68-83 84-99 89 XL (XG) 72-87 88-103 91 2XL (XXG) 76-91 92-108 92 \u2022 Devido \u00e0 diferen\u00e7a de tipos de monitores e ilumina\u00e7\u00e3o, a imagem pode n\u00e3o refletir [&hellip;]<\/p>\n","protected":false},"featured_media":1734,"comment_status":"open","ping_status":"closed","template":"","meta":[],"product_brand":[],"product_cat":[21],"product_tag":[],"class_list":{"0":"post-1735","1":"product","2":"type-product","3":"status-publish","4":"has-post-thumbnail","6":"product_cat-leggings","8":"first","9":"instock","10":"shipping-taxable","11":"purchasable","12":"product-type-variable"},"_links":{"self":[{"href":"https:\/\/lottustech.com\/bella\/wp-json\/wp\/v2\/product\/1735","targetHints":{"allow":["GET"]}}],"collection":[{"href":"https:\/\/lottustech.com\/bella\/wp-json\/wp\/v2\/product"}],"about":[{"href":"https:\/\/lottustech.com\/bella\/wp-json\/wp\/v2\/types\/product"}],"replies":[{"embeddable":true,"href":"https:\/\/lottustech.com\/bella\/wp-json\/wp\/v2\/comments?post=1735"}],"wp:featuredmedia":[{"embeddable":true,"href":"https:\/\/lottustech.com\/bella\/wp-json\/wp\/v2\/media\/1734"}],"wp:attachment":[{"href":"https:\/\/lottustech.com\/bella\/wp-json\/wp\/v2\/media?parent=1735"}],"wp:term":[{"taxonomy":"product_brand","embeddable":true,"href":"https:\/\/lottustech.com\/bella\/wp-json\/wp\/v2\/product_brand?post=1735"},{"taxonomy":"product_cat","embeddable":true,"href":"https:\/\/lottustech.com\/bella\/wp-json\/wp\/v2\/product_cat?post=1735"},{"taxonomy":"product_tag","embeddable":true,"href":"https:\/\/lottustech.com\/bella\/wp-json\/wp\/v2\/product_tag?post=1735"}],"curies":[{"name":"wp","href":"https:\/\/api.w.org\/{rel}","templated":true}]}}