{"id":1690,"date":"2021-11-09T21:10:15","date_gmt":"2021-11-10T00:10:15","guid":{"rendered":"https:\/\/lottustech.com\/bella\/produto\/legging-sem-costura-cores\/"},"modified":"2021-11-09T21:11:53","modified_gmt":"2021-11-10T00:11:53","slug":"legging-sem-costura-cores","status":"publish","type":"product","link":"https:\/\/lottustech.com\/bella\/produto\/legging-sem-costura-cores\/","title":{"rendered":"Legging sem costura cores"},"content":{"rendered":"<p>&nbsp;<\/p>\n<figure class=\"table\">\n<table>\n<tbody>\n<tr>\n<td rowspan=\"2\">Tamanho Longo<\/td>\n<td>Cintura<\/td>\n<td>Quadril<\/td>\n<td>Comprimento<\/td>\n<\/tr>\n<tr>\n<td>CM<\/td>\n<td>CM<\/td>\n<td>CM<\/td>\n<\/tr>\n<tr>\n<td>S (P)<\/td>\n<td>58-68<\/td>\n<td>68-78<\/td>\n<td>85<\/td>\n<\/tr>\n<tr>\n<td>M<\/td>\n<td>62-72<\/td>\n<td>72-82<\/td>\n<td>87<\/td>\n<\/tr>\n<tr>\n<td>L (G)<\/td>\n<td>66-76<\/td>\n<td>76-86<\/td>\n<td>89<\/td>\n<\/tr>\n<tr>\n<td>XL (XG)<\/td>\n<td>70-80<\/td>\n<td>80-90<\/td>\n<td>91<\/td>\n<\/tr>\n<\/tbody>\n<\/table>\n<\/figure>\n<p>OBS: Por favor considerar 1-3 cent\u00edmetros para mais ou para menos devido \u00e0 medi\u00e7\u00e3o manual.&nbsp;<\/p>\n<p>&nbsp;<\/p>\n<p>&nbsp;<\/p>\n<p>&nbsp;<\/p>\n<figure class=\"image\"><img decoding=\"async\" src=\"https:\/\/ae01.alicdn.com\/kf\/Hff8187244aa74327bb0b6d038c247bc7l.jpg\"><\/figure>\n<p>&nbsp;<\/p>\n<figure class=\"image\"><img decoding=\"async\" src=\"https:\/\/ae01.alicdn.com\/kf\/He07a078eafea47d8be8a63500a005814T.jpg\"><\/figure>\n<p>&nbsp;<\/p>\n<figure class=\"image\"><img decoding=\"async\" src=\"https:\/\/ae01.alicdn.com\/kf\/H1c2e5dbe3bb14854bb0f608bcba6d613f.jpg\"><\/figure>\n<p>&nbsp;<\/p>\n<figure class=\"image\"><img decoding=\"async\" src=\"https:\/\/ae01.alicdn.com\/kf\/H5d36067e41384cc6bec83e5f77b192346.jpg\"><\/figure>\n<p>&nbsp;<\/p>\n<figure class=\"image\"><img decoding=\"async\" src=\"https:\/\/ae01.alicdn.com\/kf\/H108f4579c5fd46a4955e8799581fde1bf.jpg\"><\/figure>\n<p>&nbsp;<\/p>\n<figure class=\"image\"><img decoding=\"async\" src=\"https:\/\/ae01.alicdn.com\/kf\/H222d6f9b0a674d88ba1da09e6e8ca7474.jpg\"><\/figure>\n<p>&nbsp;<\/p>\n<figure class=\"image\"><img decoding=\"async\" src=\"https:\/\/ae01.alicdn.com\/kf\/Hdb9643f6e9fb40a79053736ae535411fM.jpg\"><\/figure>\n<p>&nbsp;<\/p>\n<figure class=\"image\"><img decoding=\"async\" src=\"https:\/\/ae01.alicdn.com\/kf\/Hf0a82d62b9164d1e98debbb689389695Y.jpg\"><\/figure>\n<figure class=\"image\"><img decoding=\"async\" src=\"https:\/\/ae01.alicdn.com\/kf\/H0175ef48bc82470cbd22f1560e2e63dd5.jpg\"><\/figure>\n<p>&nbsp;<\/p>\n<figure class=\"image\"><img decoding=\"async\" src=\"https:\/\/ae01.alicdn.com\/kf\/H56e782707ec14ffda91d5b55c01b9125v.jpg\"><\/figure>\n<figure class=\"image\"><img decoding=\"async\" src=\"https:\/\/ae01.alicdn.com\/kf\/Ha751c55e5d7a4d9aac7d1a30947ee293S.jpg\"><\/figure>\n<p>&nbsp;<\/p>\n<figure class=\"image\"><img decoding=\"async\" src=\"https:\/\/ae01.alicdn.com\/kf\/H4eeecdf7cab441abab92c9b86f3b056dL.jpg\"><\/figure>\n<p>&nbsp;<\/p>\n<figure class=\"image\"><img decoding=\"async\" src=\"https:\/\/ae01.alicdn.com\/kf\/He3cd21c9fe7e47d3bfc82d794d9140det.jpg\"><\/figure>\n<p>&nbsp;<\/p>\n<figure class=\"image\"><img decoding=\"async\" src=\"https:\/\/ae01.alicdn.com\/kf\/He0b502399932438faefb5fde45b7eae4Z.jpg\" alt=\"\"><\/figure>\n<p>&nbsp;<\/p>\n<p>&nbsp;<\/p>\n<figure class=\"image\"><img decoding=\"async\" src=\"https:\/\/ae01.alicdn.com\/kf\/H237aec4008274a969dc6140fff61ce4dh.jpg\"><\/figure>\n<p>&nbsp;<\/p>\n<figure class=\"image\"><img decoding=\"async\" src=\"https:\/\/ae01.alicdn.com\/kf\/H5a444248bd884b0ab464ee468cf944186.jpg\"><\/figure>\n<p>&nbsp;<\/p>\n<p>&nbsp;<\/p>\n","protected":false},"excerpt":{"rendered":"<p>&nbsp; Tamanho Longo Cintura Quadril Comprimento CM CM CM S (P) 58-68 68-78 85 M 62-72 72-82 87 L (G) 66-76 76-86 89 XL (XG) 70-80 80-90 91 OBS: Por favor considerar 1-3 cent\u00edmetros para mais ou para menos devido \u00e0 medi\u00e7\u00e3o manual.&nbsp; &nbsp; &nbsp; &nbsp; &nbsp; &nbsp; &nbsp; &nbsp; &nbsp; &nbsp; &nbsp; &nbsp; &nbsp; [&hellip;]<\/p>\n","protected":false},"featured_media":1689,"comment_status":"open","ping_status":"closed","template":"","meta":[],"product_brand":[],"product_cat":[21],"product_tag":[],"class_list":{"0":"post-1690","1":"product","2":"type-product","3":"status-publish","4":"has-post-thumbnail","6":"product_cat-leggings","8":"first","9":"instock","10":"shipping-taxable","11":"purchasable","12":"product-type-variable"},"_links":{"self":[{"href":"https:\/\/lottustech.com\/bella\/wp-json\/wp\/v2\/product\/1690","targetHints":{"allow":["GET"]}}],"collection":[{"href":"https:\/\/lottustech.com\/bella\/wp-json\/wp\/v2\/product"}],"about":[{"href":"https:\/\/lottustech.com\/bella\/wp-json\/wp\/v2\/types\/product"}],"replies":[{"embeddable":true,"href":"https:\/\/lottustech.com\/bella\/wp-json\/wp\/v2\/comments?post=1690"}],"wp:featuredmedia":[{"embeddable":true,"href":"https:\/\/lottustech.com\/bella\/wp-json\/wp\/v2\/media\/1689"}],"wp:attachment":[{"href":"https:\/\/lottustech.com\/bella\/wp-json\/wp\/v2\/media?parent=1690"}],"wp:term":[{"taxonomy":"product_brand","embeddable":true,"href":"https:\/\/lottustech.com\/bella\/wp-json\/wp\/v2\/product_brand?post=1690"},{"taxonomy":"product_cat","embeddable":true,"href":"https:\/\/lottustech.com\/bella\/wp-json\/wp\/v2\/product_cat?post=1690"},{"taxonomy":"product_tag","embeddable":true,"href":"https:\/\/lottustech.com\/bella\/wp-json\/wp\/v2\/product_tag?post=1690"}],"curies":[{"name":"wp","href":"https:\/\/api.w.org\/{rel}","templated":true}]}}