{"id":7646,"date":"2022-01-27T10:42:27","date_gmt":"2022-01-27T13:42:27","guid":{"rendered":"https:\/\/lottustech.com\/bella\/?page_id=7646"},"modified":"2022-12-08T19:08:00","modified_gmt":"2022-12-08T22:08:00","slug":"prevencao-ao-covid-19","status":"publish","type":"page","link":"https:\/\/lottustech.com\/bella\/prevencao-ao-covid-19\/","title":{"rendered":"Preven\u00e7\u00e3o ao COVID-19"},"content":{"rendered":"\t\t<div data-elementor-type=\"wp-page\" data-elementor-id=\"7646\" class=\"elementor elementor-7646\" data-elementor-post-type=\"page\">\n\t\t\t\t\t\t<section class=\"elementor-section elementor-top-section elementor-element elementor-element-944873c elementor-section-boxed elementor-section-height-default elementor-section-height-default\" data-id=\"944873c\" data-element_type=\"section\" data-e-type=\"section\">\n\t\t\t\t\t\t<div class=\"elementor-container elementor-column-gap-default\">\n\t\t\t\t\t<div class=\"elementor-column elementor-col-50 elementor-top-column elementor-element elementor-element-186524a\" data-id=\"186524a\" data-element_type=\"column\" data-e-type=\"column\">\n\t\t\t<div class=\"elementor-widget-wrap elementor-element-populated\">\n\t\t\t\t\t\t<div class=\"elementor-element elementor-element-3c9ed36 animated-slow elementor-invisible elementor-widget elementor-widget-heading\" data-id=\"3c9ed36\" data-element_type=\"widget\" data-e-type=\"widget\" data-settings=\"{&quot;_animation&quot;:&quot;fadeInLeft&quot;}\" data-widget_type=\"heading.default\">\n\t\t\t\t<div class=\"elementor-widget-container\">\n\t\t\t\t\t<h2 class=\"elementor-heading-title elementor-size-default\">Preven\u00e7\u00e3o ao COVID-19<\/h2>\t\t\t\t<\/div>\n\t\t\t\t<\/div>\n\t\t\t\t<div class=\"elementor-element elementor-element-631c568 animated-slow elementor-invisible elementor-widget elementor-widget-heading\" data-id=\"631c568\" data-element_type=\"widget\" data-e-type=\"widget\" data-settings=\"{&quot;_animation&quot;:&quot;fadeIn&quot;}\" data-widget_type=\"heading.default\">\n\t\t\t\t<div class=\"elementor-widget-container\">\n\t\t\t\t\t<h2 class=\"elementor-heading-title elementor-size-default\">Estamos nos protegendo<\/h2>\t\t\t\t<\/div>\n\t\t\t\t<\/div>\n\t\t\t\t\t<\/div>\n\t\t<\/div>\n\t\t\t\t<div class=\"elementor-column elementor-col-50 elementor-top-column elementor-element elementor-element-5c589c0\" data-id=\"5c589c0\" data-element_type=\"column\" data-e-type=\"column\">\n\t\t\t<div class=\"elementor-widget-wrap elementor-element-populated\">\n\t\t\t\t\t\t<div class=\"elementor-element elementor-element-41f28cf animated-slow elementor-invisible elementor-widget elementor-widget-image\" data-id=\"41f28cf\" data-element_type=\"widget\" data-e-type=\"widget\" data-settings=\"{&quot;_animation&quot;:&quot;fadeInRight&quot;}\" data-widget_type=\"image.default\">\n\t\t\t\t<div class=\"elementor-widget-container\">\n\t\t\t\t\t\t\t\t\t\t\t\t\t\t\t<img fetchpriority=\"high\" decoding=\"async\" width=\"800\" height=\"480\" src=\"https:\/\/lottustech.com\/bella\/wp-content\/uploads\/2022\/02\/Vaccine_01-1024x614.png\" class=\"attachment-large size-large wp-image-8148\" alt=\"\" srcset=\"https:\/\/lottustech.com\/bella\/wp-content\/uploads\/2022\/02\/Vaccine_01-1024x614.png 1024w, https:\/\/lottustech.com\/bella\/wp-content\/uploads\/2022\/02\/Vaccine_01-300x180.png 300w, https:\/\/lottustech.com\/bella\/wp-content\/uploads\/2022\/02\/Vaccine_01-768x461.png 768w, https:\/\/lottustech.com\/bella\/wp-content\/uploads\/2022\/02\/Vaccine_01-600x360.png 600w, https:\/\/lottustech.com\/bella\/wp-content\/uploads\/2022\/02\/Vaccine_01.png 1185w\" sizes=\"(max-width: 800px) 100vw, 800px\" \/>\t\t\t\t\t\t\t\t\t\t\t\t\t\t\t<\/div>\n\t\t\t\t<\/div>\n\t\t\t\t\t<\/div>\n\t\t<\/div>\n\t\t\t\t\t<\/div>\n\t\t<\/section>\n\t\t\t\t<section class=\"elementor-section elementor-top-section elementor-element elementor-element-dd7b5a9 elementor-section-boxed elementor-section-height-default elementor-section-height-default\" data-id=\"dd7b5a9\" data-element_type=\"section\" data-e-type=\"section\">\n\t\t\t\t\t\t<div class=\"elementor-container elementor-column-gap-default\">\n\t\t\t\t\t<div class=\"elementor-column elementor-col-100 elementor-top-column elementor-element elementor-element-f1e63ec\" data-id=\"f1e63ec\" data-element_type=\"column\" data-e-type=\"column\">\n\t\t\t<div class=\"elementor-widget-wrap elementor-element-populated\">\n\t\t\t\t\t\t<div class=\"elementor-element elementor-element-c3466d7 elementor-widget elementor-widget-text-editor\" data-id=\"c3466d7\" data-element_type=\"widget\" data-e-type=\"widget\" data-widget_type=\"text-editor.default\">\n\t\t\t\t<div class=\"elementor-widget-container\">\n\t\t\t\t\t\t\t\t\t<p>Diante dos acontecimentos recentes causados pela pandemia do COVID-19, estamos adotando algumas medidas na plataforma operacional da loja Bella Forma Imports:<\/p><p>1. Todos os nossos funcion\u00e1rios est\u00e3o atuando em home office, mantendo o atendimento normal;<\/p><p>2. Nossos fornecedores est\u00e3o trabalhando em rotinas de escala, podendo haver\u00a0aumento de at\u00e9 02 dias \u00fateis para o despacho das mercadorias (al\u00e9m do prazo normal de, tamb\u00e9m, 05\u00a0dias \u00fateis);<\/p><p>3. Nossos envios ocorrem todos com a m\u00e1xima seguran\u00e7a, seguindo as orienta\u00e7\u00f5es da OMS;<\/p><p>Prezamos pelo atendimento, satisfa\u00e7\u00e3o e, acima de tudo, seguran\u00e7a de nossos clientes e colaboradores.<\/p><p>Esperamos passar por esse momento com muita sa\u00fade, mantendo a perseveran\u00e7a de que, em breve, estar\u00e1 tudo de volta ao normal.<\/p><p>Atenciosamente,<\/p><p>Equipe Bella Forma Imports.<\/p>\t\t\t\t\t\t\t\t<\/div>\n\t\t\t\t<\/div>\n\t\t\t\t\t<\/div>\n\t\t<\/div>\n\t\t\t\t\t<\/div>\n\t\t<\/section>\n\t\t\t\t<\/div>\n\t\t","protected":false},"excerpt":{"rendered":"<p>Preven\u00e7\u00e3o ao COVID-19 Estamos nos protegendo Diante dos acontecimentos recentes causados pela pandemia do COVID-19, estamos adotando algumas medidas na plataforma operacional da loja Bella Forma Imports: 1. Todos os nossos funcion\u00e1rios est\u00e3o atuando em home office, mantendo o atendimento normal; 2. Nossos fornecedores est\u00e3o trabalhando em rotinas de escala, podendo haver\u00a0aumento de at\u00e9 02 [&hellip;]<\/p>\n","protected":false},"author":1,"featured_media":0,"parent":0,"menu_order":0,"comment_status":"closed","ping_status":"closed","template":"elementor_header_footer","meta":{"footnotes":""},"class_list":["post-7646","page","type-page","status-publish","hentry"],"_links":{"self":[{"href":"https:\/\/lottustech.com\/bella\/wp-json\/wp\/v2\/pages\/7646","targetHints":{"allow":["GET"]}}],"collection":[{"href":"https:\/\/lottustech.com\/bella\/wp-json\/wp\/v2\/pages"}],"about":[{"href":"https:\/\/lottustech.com\/bella\/wp-json\/wp\/v2\/types\/page"}],"author":[{"embeddable":true,"href":"https:\/\/lottustech.com\/bella\/wp-json\/wp\/v2\/users\/1"}],"replies":[{"embeddable":true,"href":"https:\/\/lottustech.com\/bella\/wp-json\/wp\/v2\/comments?post=7646"}],"version-history":[{"count":1,"href":"https:\/\/lottustech.com\/bella\/wp-json\/wp\/v2\/pages\/7646\/revisions"}],"predecessor-version":[{"id":9856,"href":"https:\/\/lottustech.com\/bella\/wp-json\/wp\/v2\/pages\/7646\/revisions\/9856"}],"wp:attachment":[{"href":"https:\/\/lottustech.com\/bella\/wp-json\/wp\/v2\/media?parent=7646"}],"curies":[{"name":"wp","href":"https:\/\/api.w.org\/{rel}","templated":true}]}}