{"id":7644,"date":"2022-01-27T10:41:48","date_gmt":"2022-01-27T13:41:48","guid":{"rendered":"https:\/\/lottustech.com\/bella\/?page_id=7644"},"modified":"2022-12-08T19:07:58","modified_gmt":"2022-12-08T22:07:58","slug":"politica-de-envio","status":"publish","type":"page","link":"https:\/\/lottustech.com\/bella\/politica-de-envio\/","title":{"rendered":"Pol\u00edtica de Envio"},"content":{"rendered":"\t\t<div data-elementor-type=\"wp-page\" data-elementor-id=\"7644\" class=\"elementor elementor-7644\" data-elementor-post-type=\"page\">\n\t\t\t\t\t\t<section class=\"elementor-section elementor-top-section elementor-element elementor-element-7466ad3 elementor-section-boxed elementor-section-height-default elementor-section-height-default\" data-id=\"7466ad3\" data-element_type=\"section\" data-e-type=\"section\">\n\t\t\t\t\t\t<div class=\"elementor-container elementor-column-gap-default\">\n\t\t\t\t\t<div class=\"elementor-column elementor-col-50 elementor-top-column elementor-element elementor-element-63652da\" data-id=\"63652da\" data-element_type=\"column\" data-e-type=\"column\">\n\t\t\t<div class=\"elementor-widget-wrap elementor-element-populated\">\n\t\t\t\t\t\t<div class=\"elementor-element elementor-element-28ba2e7 animated-slow elementor-invisible elementor-widget elementor-widget-heading\" data-id=\"28ba2e7\" data-element_type=\"widget\" data-e-type=\"widget\" data-settings=\"{&quot;_animation&quot;:&quot;fadeInLeft&quot;}\" data-widget_type=\"heading.default\">\n\t\t\t\t<div class=\"elementor-widget-container\">\n\t\t\t\t\t<h2 class=\"elementor-heading-title elementor-size-default\">Pol\u00edtica de Envio<\/h2>\t\t\t\t<\/div>\n\t\t\t\t<\/div>\n\t\t\t\t<div class=\"elementor-element elementor-element-b489eff animated-slow elementor-invisible elementor-widget elementor-widget-heading\" data-id=\"b489eff\" data-element_type=\"widget\" data-e-type=\"widget\" data-settings=\"{&quot;_animation&quot;:&quot;fadeIn&quot;}\" data-widget_type=\"heading.default\">\n\t\t\t\t<div class=\"elementor-widget-container\">\n\t\t\t\t\t<h2 class=\"elementor-heading-title elementor-size-default\">Conhe\u00e7a nossos envios<\/h2>\t\t\t\t<\/div>\n\t\t\t\t<\/div>\n\t\t\t\t\t<\/div>\n\t\t<\/div>\n\t\t\t\t<div class=\"elementor-column elementor-col-50 elementor-top-column elementor-element elementor-element-4402b3b\" data-id=\"4402b3b\" data-element_type=\"column\" data-e-type=\"column\">\n\t\t\t<div class=\"elementor-widget-wrap elementor-element-populated\">\n\t\t\t\t\t\t<div class=\"elementor-element elementor-element-6975413 animated-slow elementor-invisible elementor-widget elementor-widget-image\" data-id=\"6975413\" data-element_type=\"widget\" data-e-type=\"widget\" data-settings=\"{&quot;_animation&quot;:&quot;fadeInRight&quot;}\" data-widget_type=\"image.default\">\n\t\t\t\t<div class=\"elementor-widget-container\">\n\t\t\t\t\t\t\t\t\t\t\t\t\t\t\t<img fetchpriority=\"high\" decoding=\"async\" width=\"681\" height=\"700\" src=\"https:\/\/lottustech.com\/bella\/wp-content\/uploads\/2022\/02\/pngegg-80.png\" class=\"attachment-large size-large wp-image-8166\" alt=\"\" srcset=\"https:\/\/lottustech.com\/bella\/wp-content\/uploads\/2022\/02\/pngegg-80.png 681w, https:\/\/lottustech.com\/bella\/wp-content\/uploads\/2022\/02\/pngegg-80-292x300.png 292w, https:\/\/lottustech.com\/bella\/wp-content\/uploads\/2022\/02\/pngegg-80-600x617.png 600w\" sizes=\"(max-width: 681px) 100vw, 681px\" \/>\t\t\t\t\t\t\t\t\t\t\t\t\t\t\t<\/div>\n\t\t\t\t<\/div>\n\t\t\t\t\t<\/div>\n\t\t<\/div>\n\t\t\t\t\t<\/div>\n\t\t<\/section>\n\t\t\t\t<section class=\"elementor-section elementor-top-section elementor-element elementor-element-3cd608a elementor-section-boxed elementor-section-height-default elementor-section-height-default\" data-id=\"3cd608a\" data-element_type=\"section\" data-e-type=\"section\">\n\t\t\t\t\t\t<div class=\"elementor-container elementor-column-gap-default\">\n\t\t\t\t\t<div class=\"elementor-column elementor-col-100 elementor-top-column elementor-element elementor-element-3b53980\" data-id=\"3b53980\" data-element_type=\"column\" data-e-type=\"column\">\n\t\t\t<div class=\"elementor-widget-wrap elementor-element-populated\">\n\t\t\t\t\t\t<div class=\"elementor-element elementor-element-28d2743 elementor-widget elementor-widget-text-editor\" data-id=\"28d2743\" data-element_type=\"widget\" data-e-type=\"widget\" data-widget_type=\"text-editor.default\">\n\t\t\t\t<div class=\"elementor-widget-container\">\n\t\t\t\t\t\t\t\t\t<p>Todo o nosso estoque e fornecedores est\u00e3o\u00a0fora do Brasil, tais como de origem Norte Americana, Europeia e Asi\u00e1tica o tempo m\u00e9dio para recebimento da mercadoria no seu endere\u00e7o normalmente gira em torno de\u00a020\u00a0a 35 dias \u00fateis\u00a0ap\u00f3s a postagem (prazo m\u00e9dio das encomendas internacionais). Pode acontecer de a encomenda ser entregue um pouco antes ou um pouco depois, dependendo exclusivamente da velocidade dos\u00a0Correios\u00a0e da\u00a0Receita Federal do Brasil durante\u00a0o processo de fiscaliza\u00e7\u00e3o aduaneira.<\/p><p>Todas as entregas s\u00e3o realizadas pelos\u00a0Correios\u00a0e passam pela fiscaliza\u00e7\u00e3o aduaneira da\u00a0RFB\u00a0ao entrarem no Brasil.\u00a0\u00a0<\/p><p>Lembre-se de acompanhar sempre o seu pedido clicando no link de rastreamento enviado em seu e-mail. Tamb\u00e9m \u00e9 poss\u00edvel rastrear seus pedidos informando o c\u00f3digo de rastreamento <a href=\"https:\/\/lottustech.com\/bella\/rastreio-correios\/\">https:\/\/lottustech.com\/bella\/rastreio-correios\/<\/a> diretamente na p\u00e1gina de rastreamento\u00a0<\/p><p>Garantia de Entrega:<\/p><p>Se algum incidente acontecer durante o transporte, a encomenda for extraviada ou danificada, por exemplo, os\u00a0Correios\u00a0registrar\u00e3o o incidente nas informa\u00e7\u00f5es de rastreamento e o cliente ter\u00e1 direito ao\u00a0reembolso\u00a0total do valor pago.<\/p><p>A Bella Forma Imports tamb\u00e9m disponibiliza o Servi\u00e7o de Prote\u00e7\u00e3o ao Cliente o qual reembolsa o valor pago na ocasi\u00e3o de atraso excessivo dos Correios, caso a encomenda n\u00e3o seja entregue at\u00e9 o prazo de 120 dias ap\u00f3s a postagem, o Servi\u00e7o de Prote\u00e7\u00e3o ao Cliente garante o reembolso exclusivamente nas situa\u00e7\u00f5es de n\u00e3o recebimento da encomenda, portanto se os Correios entregarem a encomenda ap\u00f3s o reembolso j\u00e1 ter sido disponibilizado, o cliente receber\u00e1 uma nova fatura, no mesmo valor da compra original, para regulariza\u00e7\u00e3o do pagamento, sob pena de se n\u00e3o o fizer, estar propenso \u00e0 abertura de um processo por apropria\u00e7\u00e3o ind\u00e9bita no cart\u00f3rio mais pr\u00f3ximo.<\/p><p>Para acionar a Garantia de Entrega e solicitar o reembolso basta entrar em contato com a Bella Forma Imports atrav\u00e9s do nosso e-mail no topo ou rodap\u00e9 do nosso site.<\/p><p>Importante:\u00a0A Garantia de Entrega n\u00e3o se aplica nos casos de reten\u00e7\u00e3o da encomenda durante a fiscaliza\u00e7\u00e3o aduaneira da Receita Federal.\u00a0<\/p><p>Tributa\u00e7\u00e3o:<\/p><p>Todas as encomendas internacionais passam pela fiscaliza\u00e7\u00e3o aduaneira da Receita Federal (RFB) assim que entram no Brasil. Os produtos com valor inferior a\u00a0$ 50,00 USD\u00a0(cinquenta d\u00f3lares americanos) podem ter isen\u00e7\u00e3o do imposto de importa\u00e7\u00e3o conforme\u00a0<a href=\"https:\/\/www2.trf4.jus.br\/trf4\/controlador.php?acao=noticia_visualizar&amp;id_noticia=11975\" rel=\"nofollow noopener\" target=\"_blank\">defini\u00e7\u00e3o da Justi\u00e7a Federal\u00a0(TRF4)<\/a>. J\u00e1 os produtos com valor superior a\u00a0$ 50,00 USD\u00a0(cinquenta d\u00f3lares americanos)\u00a0est\u00e3o sujeitos a tributa\u00e7\u00e3o pela RFB.<\/p><p>Caso ocorra a tributa\u00e7\u00e3o e\/ou reten\u00e7\u00e3o da encomenda pela fiscaliza\u00e7\u00e3o aduaneira da RFB, o cliente \u00e9 respons\u00e1vel pelo desembara\u00e7o alfandeg\u00e1rio\u00a0e pelo pagamento das respectivas taxas (imposto de importa\u00e7\u00e3o) para a libera\u00e7\u00e3o dos produtos.\u00a0\u00a0A nossa loja\u00a0n\u00e3o reembolsa encomendas que tenham sido retidas pela RFB.\u00a0Ressaltamos que\u00a0apenas 2 pedidos dos mais de 12.765 enviados por n\u00f3s at\u00e9 hoje,\u00a0foram taxados. Ou seja, s\u00e3o rar\u00edssimos os casos de taxa\u00e7\u00e3o.<\/p><p>ATEN\u00c7\u00c3O:\u00a0Ao realizar uma compra e efetuar o pagamento voc\u00ea estar\u00e1 automaticamente concordando com todos os termos e pol\u00edticas de envio de mercadorias, prazos, garantias e tributa\u00e7\u00e3o da loja.<\/p>\t\t\t\t\t\t\t\t<\/div>\n\t\t\t\t<\/div>\n\t\t\t\t\t<\/div>\n\t\t<\/div>\n\t\t\t\t\t<\/div>\n\t\t<\/section>\n\t\t\t\t<section class=\"elementor-section elementor-top-section elementor-element elementor-element-c98cef4 elementor-section-boxed elementor-section-height-default elementor-section-height-default\" data-id=\"c98cef4\" data-element_type=\"section\" data-e-type=\"section\">\n\t\t\t\t\t\t<div class=\"elementor-container elementor-column-gap-default\">\n\t\t\t\t\t<div class=\"elementor-column elementor-col-100 elementor-top-column elementor-element elementor-element-b826ff9\" data-id=\"b826ff9\" data-element_type=\"column\" data-e-type=\"column\">\n\t\t\t<div class=\"elementor-widget-wrap elementor-element-populated\">\n\t\t\t\t\t\t<div class=\"elementor-element elementor-element-92280ed elementor-widget elementor-widget-spacer\" data-id=\"92280ed\" data-element_type=\"widget\" data-e-type=\"widget\" data-widget_type=\"spacer.default\">\n\t\t\t\t<div class=\"elementor-widget-container\">\n\t\t\t\t\t\t\t<div class=\"elementor-spacer\">\n\t\t\t<div class=\"elementor-spacer-inner\"><\/div>\n\t\t<\/div>\n\t\t\t\t\t\t<\/div>\n\t\t\t\t<\/div>\n\t\t\t\t\t<\/div>\n\t\t<\/div>\n\t\t\t\t\t<\/div>\n\t\t<\/section>\n\t\t\t\t<\/div>\n\t\t","protected":false},"excerpt":{"rendered":"<p>Pol\u00edtica de Envio Conhe\u00e7a nossos envios Todo o nosso estoque e fornecedores est\u00e3o\u00a0fora do Brasil, tais como de origem Norte Americana, Europeia e Asi\u00e1tica o tempo m\u00e9dio para recebimento da mercadoria no seu endere\u00e7o normalmente gira em torno de\u00a020\u00a0a 35 dias \u00fateis\u00a0ap\u00f3s a postagem (prazo m\u00e9dio das encomendas internacionais). Pode acontecer de a encomenda ser [&hellip;]<\/p>\n","protected":false},"author":1,"featured_media":0,"parent":0,"menu_order":0,"comment_status":"closed","ping_status":"closed","template":"elementor_header_footer","meta":{"footnotes":""},"class_list":["post-7644","page","type-page","status-publish","hentry"],"_links":{"self":[{"href":"https:\/\/lottustech.com\/bella\/wp-json\/wp\/v2\/pages\/7644","targetHints":{"allow":["GET"]}}],"collection":[{"href":"https:\/\/lottustech.com\/bella\/wp-json\/wp\/v2\/pages"}],"about":[{"href":"https:\/\/lottustech.com\/bella\/wp-json\/wp\/v2\/types\/page"}],"author":[{"embeddable":true,"href":"https:\/\/lottustech.com\/bella\/wp-json\/wp\/v2\/users\/1"}],"replies":[{"embeddable":true,"href":"https:\/\/lottustech.com\/bella\/wp-json\/wp\/v2\/comments?post=7644"}],"version-history":[{"count":1,"href":"https:\/\/lottustech.com\/bella\/wp-json\/wp\/v2\/pages\/7644\/revisions"}],"predecessor-version":[{"id":9853,"href":"https:\/\/lottustech.com\/bella\/wp-json\/wp\/v2\/pages\/7644\/revisions\/9853"}],"wp:attachment":[{"href":"https:\/\/lottustech.com\/bella\/wp-json\/wp\/v2\/media?parent=7644"}],"curies":[{"name":"wp","href":"https:\/\/api.w.org\/{rel}","templated":true}]}}