{"id":2123,"date":"2021-11-11T15:59:51","date_gmt":"2021-11-11T18:59:51","guid":{"rendered":"https:\/\/lottustech.com\/bella\/?page_id=2123"},"modified":"2022-12-08T19:08:01","modified_gmt":"2022-12-08T22:08:01","slug":"quem-somos","status":"publish","type":"page","link":"https:\/\/lottustech.com\/bella\/quem-somos\/","title":{"rendered":"Quem Somos"},"content":{"rendered":"\t\t<div data-elementor-type=\"wp-page\" data-elementor-id=\"2123\" class=\"elementor elementor-2123\" data-elementor-post-type=\"page\">\n\t\t\t\t\t\t<section class=\"elementor-section elementor-top-section elementor-element elementor-element-d744547 elementor-section-boxed elementor-section-height-default elementor-section-height-default\" data-id=\"d744547\" data-element_type=\"section\" data-e-type=\"section\">\n\t\t\t\t\t\t<div class=\"elementor-container elementor-column-gap-default\">\n\t\t\t\t\t<div class=\"elementor-column elementor-col-50 elementor-top-column elementor-element elementor-element-f0e0689\" data-id=\"f0e0689\" data-element_type=\"column\" data-e-type=\"column\">\n\t\t\t<div class=\"elementor-widget-wrap elementor-element-populated\">\n\t\t\t\t\t\t<div class=\"elementor-element elementor-element-24a1e60 animated-slow elementor-invisible elementor-widget elementor-widget-heading\" data-id=\"24a1e60\" data-element_type=\"widget\" data-e-type=\"widget\" data-settings=\"{&quot;_animation&quot;:&quot;fadeInLeft&quot;}\" data-widget_type=\"heading.default\">\n\t\t\t\t<div class=\"elementor-widget-container\">\n\t\t\t\t\t<h2 class=\"elementor-heading-title elementor-size-default\">Quem Somos<\/h2>\t\t\t\t<\/div>\n\t\t\t\t<\/div>\n\t\t\t\t<div class=\"elementor-element elementor-element-fe55a25 animated-slow elementor-invisible elementor-widget elementor-widget-heading\" data-id=\"fe55a25\" data-element_type=\"widget\" data-e-type=\"widget\" data-settings=\"{&quot;_animation&quot;:&quot;fadeIn&quot;}\" data-widget_type=\"heading.default\">\n\t\t\t\t<div class=\"elementor-widget-container\">\n\t\t\t\t\t<h2 class=\"elementor-heading-title elementor-size-default\">Conhe\u00e7a um pouco de n\u00f3s<\/h2>\t\t\t\t<\/div>\n\t\t\t\t<\/div>\n\t\t\t\t\t<\/div>\n\t\t<\/div>\n\t\t\t\t<div class=\"elementor-column elementor-col-50 elementor-top-column elementor-element elementor-element-74b1575\" data-id=\"74b1575\" data-element_type=\"column\" data-e-type=\"column\">\n\t\t\t<div class=\"elementor-widget-wrap elementor-element-populated\">\n\t\t\t\t\t\t<div class=\"elementor-element elementor-element-6049fbd animated-slow elementor-invisible elementor-widget elementor-widget-image\" data-id=\"6049fbd\" data-element_type=\"widget\" data-e-type=\"widget\" data-settings=\"{&quot;_animation&quot;:&quot;fadeInRight&quot;}\" data-widget_type=\"image.default\">\n\t\t\t\t<div class=\"elementor-widget-container\">\n\t\t\t\t\t\t\t\t\t\t\t\t\t\t\t<img fetchpriority=\"high\" decoding=\"async\" width=\"800\" height=\"465\" src=\"https:\/\/lottustech.com\/bella\/wp-content\/uploads\/2022\/02\/pngegg-74-1024x595.png\" class=\"attachment-large size-large wp-image-8134\" alt=\"\" srcset=\"https:\/\/lottustech.com\/bella\/wp-content\/uploads\/2022\/02\/pngegg-74-1024x595.png 1024w, https:\/\/lottustech.com\/bella\/wp-content\/uploads\/2022\/02\/pngegg-74-300x174.png 300w, https:\/\/lottustech.com\/bella\/wp-content\/uploads\/2022\/02\/pngegg-74-768x446.png 768w, https:\/\/lottustech.com\/bella\/wp-content\/uploads\/2022\/02\/pngegg-74-600x349.png 600w, https:\/\/lottustech.com\/bella\/wp-content\/uploads\/2022\/02\/pngegg-74.png 1280w\" sizes=\"(max-width: 800px) 100vw, 800px\" \/>\t\t\t\t\t\t\t\t\t\t\t\t\t\t\t<\/div>\n\t\t\t\t<\/div>\n\t\t\t\t\t<\/div>\n\t\t<\/div>\n\t\t\t\t\t<\/div>\n\t\t<\/section>\n\t\t\t\t<section class=\"elementor-section elementor-top-section elementor-element elementor-element-9eab226 elementor-section-boxed elementor-section-height-default elementor-section-height-default\" data-id=\"9eab226\" data-element_type=\"section\" data-e-type=\"section\">\n\t\t\t\t\t\t<div class=\"elementor-container elementor-column-gap-default\">\n\t\t\t\t\t<div class=\"elementor-column elementor-col-100 elementor-top-column elementor-element elementor-element-586ee30\" data-id=\"586ee30\" data-element_type=\"column\" data-e-type=\"column\">\n\t\t\t<div class=\"elementor-widget-wrap elementor-element-populated\">\n\t\t\t\t\t\t<div class=\"elementor-element elementor-element-7704e7d elementor-widget elementor-widget-text-editor\" data-id=\"7704e7d\" data-element_type=\"widget\" data-e-type=\"widget\" data-widget_type=\"text-editor.default\">\n\t\t\t\t<div class=\"elementor-widget-container\">\n\t\t\t\t\t\t\t\t\t<p>Ol\u00e1 prezado amigo(a), queremos te agradecer por estar aqui conhecendo nossa loja Online<\/p><p>A\u00a0<strong>Bella Forma Imports<\/strong>\u00a0\u00e9 uma loja totalmente online especializada nas tend\u00eancias mundiais, buscando ser refer\u00eancia no mercado, visando atender as necessidades do cliente oferecendo produtos de\u00a0<strong>alta qualidade<\/strong>\u00a0com\u00a0<strong>tecnologia de ponta<\/strong>.\u00a0<\/p><p>Nossa principal miss\u00e3o \u00e9 fornecer aos nossos\u00a0<strong>clientes<\/strong>\u00a0as melhores e maiores ofertas do mercado, de produtos que possuem\u00a0<strong>qualidade<\/strong>\u00a0e\u00a0<strong>seguran\u00e7a<\/strong>, atrav\u00e9s do contato que temos com muitos fabricantes fora do pa\u00eds, oferecemos essa oportunidade a voc\u00ea, futuro cliente, de poder adquirir produtos de ponta com o melhor pre\u00e7o do mercado.<\/p><p>Voc\u00eas clientes s\u00e3o o nosso\u00a0<strong>foco principal<\/strong>, e por isso,\u00a0<strong>somos sempre transparentes, diretos e verdadeiros<\/strong>. Acreditamos que o comprometimento \u00e9 o que constr\u00f3i nossa reputa\u00e7\u00e3o a cada dia e nos d\u00e1 tanta credibilidade.<\/p><p>Sentimo-nos honrados em poder servi-lo, lhe proporcionar a melhor experi\u00eancia na hora da compra e garantia de satisfa\u00e7\u00e3o.<\/p><p>Agir de forma honesta e ser transparente \u00e9 o nosso principal diferencial. A <strong>Bella Forma Imports<\/strong><strong>\u00a0<\/strong>\u00e9 composta por uma equipe disposta e atenciosa, trabalhamos diariamente para oferecer a voc\u00ea uma grande variedade de produtos que acompanham as \u00faltimas tend\u00eancias do mundo.<\/p><p>Possu\u00edmos um excelente servi\u00e7o de atendimento, o que permite a aproxima\u00e7\u00e3o total do cliente ao produto desejado.<\/p><p>Qualquer d\u00favida entre em contato conosco pelo e-mail:\u00a0<strong><a href=\"https:\/\/lottustech.com\/bella\/central-de-atendimento\/\">contato@bellaformaimports.com<\/a><\/strong><\/p><p><a href=\"https:\/\/api.whatsapp.com\/send\/?phone=5511913986558&amp;text&amp;app_absent=0\" rel=\"nofollow noopener\" target=\"_blank\">WhatsApp:\u00a0<strong>(11) 91398-6558<\/strong><\/a><\/p><p>Teremos muito prazer em lhe atender e ajudar.<\/p><p>Um abra\u00e7o, equipe\u00a0<strong>Bella Forma Imports<\/strong><\/p>\t\t\t\t\t\t\t\t<\/div>\n\t\t\t\t<\/div>\n\t\t\t\t\t<\/div>\n\t\t<\/div>\n\t\t\t\t\t<\/div>\n\t\t<\/section>\n\t\t\t\t<section class=\"elementor-section elementor-top-section elementor-element elementor-element-eb236a4 elementor-section-boxed elementor-section-height-default elementor-section-height-default\" data-id=\"eb236a4\" data-element_type=\"section\" data-e-type=\"section\">\n\t\t\t\t\t\t<div class=\"elementor-container elementor-column-gap-default\">\n\t\t\t\t\t<div class=\"elementor-column elementor-col-100 elementor-top-column elementor-element elementor-element-24d54d3\" data-id=\"24d54d3\" data-element_type=\"column\" data-e-type=\"column\">\n\t\t\t<div class=\"elementor-widget-wrap elementor-element-populated\">\n\t\t\t\t\t\t<div class=\"elementor-element elementor-element-d1b8a6c elementor-widget elementor-widget-spacer\" data-id=\"d1b8a6c\" data-element_type=\"widget\" data-e-type=\"widget\" data-widget_type=\"spacer.default\">\n\t\t\t\t<div class=\"elementor-widget-container\">\n\t\t\t\t\t\t\t<div class=\"elementor-spacer\">\n\t\t\t<div class=\"elementor-spacer-inner\"><\/div>\n\t\t<\/div>\n\t\t\t\t\t\t<\/div>\n\t\t\t\t<\/div>\n\t\t\t\t\t<\/div>\n\t\t<\/div>\n\t\t\t\t\t<\/div>\n\t\t<\/section>\n\t\t\t\t<\/div>\n\t\t","protected":false},"excerpt":{"rendered":"<p>Quem Somos Conhe\u00e7a um pouco de n\u00f3s Ol\u00e1 prezado amigo(a), queremos te agradecer por estar aqui conhecendo nossa loja Online A\u00a0Bella Forma Imports\u00a0\u00e9 uma loja totalmente online especializada nas tend\u00eancias mundiais, buscando ser refer\u00eancia no mercado, visando atender as necessidades do cliente oferecendo produtos de\u00a0alta qualidade\u00a0com\u00a0tecnologia de ponta.\u00a0 Nossa principal miss\u00e3o \u00e9 fornecer aos nossos\u00a0clientes\u00a0as [&hellip;]<\/p>\n","protected":false},"author":1,"featured_media":0,"parent":0,"menu_order":0,"comment_status":"closed","ping_status":"closed","template":"","meta":{"footnotes":""},"class_list":["post-2123","page","type-page","status-publish","hentry"],"_links":{"self":[{"href":"https:\/\/lottustech.com\/bella\/wp-json\/wp\/v2\/pages\/2123","targetHints":{"allow":["GET"]}}],"collection":[{"href":"https:\/\/lottustech.com\/bella\/wp-json\/wp\/v2\/pages"}],"about":[{"href":"https:\/\/lottustech.com\/bella\/wp-json\/wp\/v2\/types\/page"}],"author":[{"embeddable":true,"href":"https:\/\/lottustech.com\/bella\/wp-json\/wp\/v2\/users\/1"}],"replies":[{"embeddable":true,"href":"https:\/\/lottustech.com\/bella\/wp-json\/wp\/v2\/comments?post=2123"}],"version-history":[{"count":1,"href":"https:\/\/lottustech.com\/bella\/wp-json\/wp\/v2\/pages\/2123\/revisions"}],"predecessor-version":[{"id":9858,"href":"https:\/\/lottustech.com\/bella\/wp-json\/wp\/v2\/pages\/2123\/revisions\/9858"}],"wp:attachment":[{"href":"https:\/\/lottustech.com\/bella\/wp-json\/wp\/v2\/media?parent=2123"}],"curies":[{"name":"wp","href":"https:\/\/api.w.org\/{rel}","templated":true}]}}